{"id":6674,"date":"2025-07-09T06:45:38","date_gmt":"2025-07-09T05:45:38","guid":{"rendered":"https:\/\/espacetechnologie.ma\/product\/bracket-support-de-lunettes-adapte-aux-ordinateurs-portables-et-tablettes-support\/"},"modified":"2025-08-03T07:59:37","modified_gmt":"2025-08-03T06:59:37","slug":"bracket-support-de-lunettes-adapte-aux-ordinateurs-portables-et-tablettes-support","status":"publish","type":"product","link":"https:\/\/espacetechnologie.ma\/ar\/product\/bracket-support-de-lunettes-adapte-aux-ordinateurs-portables-et-tablettes-support\/","title":{"rendered":"Bracket Support de lunettes. adapt\u00e9 aux ordinateurs portables et Tablettes-support"},"content":{"rendered":"<p>La conception pliable et l\u00e9g\u00e8re du support le rend ultra portable, donc facile \u00e0 ranger et \u00e0 transporter n&rsquo;importe o\u00f9.<br \/>\nLa taille compacte est robuste et peut facilement g\u00e9rer une taille d&rsquo;ordinateur portable plus grande.<br \/>\nLa conception de ce support pour ordinateur portable favorise un flux d&rsquo;air naturel, id\u00e9al pour garder votre ordinateur portable au frais.<\/p>","protected":false},"excerpt":{"rendered":"<p>La conception pliable et l\u00e9g\u00e8re du support le rend ultra portable, donc facile \u00e0 ranger et \u00e0 transporter n&rsquo;importe o\u00f9. La taille compacte est robuste et peut facilement g\u00e9rer une taille d&rsquo;ordinateur portable plus grande. La conception de ce support pour ordinateur portable favorise un flux d&rsquo;air naturel, id\u00e9al pour garder votre ordinateur portable au [&hellip;]<\/p>\n","protected":false},"featured_media":6673,"comment_status":"open","ping_status":"closed","template":"","meta":{"event_title":"","event_details":"","event_timezone":"","event_gmap":"","event_image":"","event_image_url":"","event_calendar_link":"","event_location":"","event_datetime_with_summary":"","event_datetime":"","event_date_type":"","event_rulesummary":"","event_ticket_rsvp":"","_gspb_post_css":""},"product_brand":[],"product_cat":[96,97],"product_tag":[],"class_list":{"0":"post-6674","1":"product","2":"type-product","3":"status-publish","4":"has-post-thumbnail","6":"product_cat-pc","7":"product_cat-support","9":"first","10":"instock","11":"sale","12":"shipping-taxable","13":"purchasable","14":"product-type-simple"},"jetpack_sharing_enabled":true,"_links":{"self":[{"href":"https:\/\/espacetechnologie.ma\/ar\/wp-json\/wp\/v2\/product\/6674","targetHints":{"allow":["GET"]}}],"collection":[{"href":"https:\/\/espacetechnologie.ma\/ar\/wp-json\/wp\/v2\/product"}],"about":[{"href":"https:\/\/espacetechnologie.ma\/ar\/wp-json\/wp\/v2\/types\/product"}],"replies":[{"embeddable":true,"href":"https:\/\/espacetechnologie.ma\/ar\/wp-json\/wp\/v2\/comments?post=6674"}],"wp:featuredmedia":[{"embeddable":true,"href":"https:\/\/espacetechnologie.ma\/ar\/wp-json\/wp\/v2\/media\/6673"}],"wp:attachment":[{"href":"https:\/\/espacetechnologie.ma\/ar\/wp-json\/wp\/v2\/media?parent=6674"}],"wp:term":[{"taxonomy":"product_brand","embeddable":true,"href":"https:\/\/espacetechnologie.ma\/ar\/wp-json\/wp\/v2\/product_brand?post=6674"},{"taxonomy":"product_cat","embeddable":true,"href":"https:\/\/espacetechnologie.ma\/ar\/wp-json\/wp\/v2\/product_cat?post=6674"},{"taxonomy":"product_tag","embeddable":true,"href":"https:\/\/espacetechnologie.ma\/ar\/wp-json\/wp\/v2\/product_tag?post=6674"}],"curies":[{"name":"wp","href":"https:\/\/api.w.org\/{rel}","templated":true}]}}