{"id":6669,"date":"2025-07-09T06:45:37","date_gmt":"2025-07-09T05:45:37","guid":{"rendered":"https:\/\/espacetechnologie.ma\/product\/%d8%b3%d8%a7%d8%b9%d8%a9-%d8%b0%d9%83%d9%8a%d8%a9-t500-plus-%d8%aa%d8%b9%d9%85%d9%84-%d8%a8%d8%a7%d9%84%d8%a8%d9%84%d9%88%d8%aa%d9%88%d8%ab-%d9%88%d9%85%d9%82%d8%a7%d9%88%d9%85%d8%a9-%d9%84%d9%84\/"},"modified":"2025-08-02T16:07:24","modified_gmt":"2025-08-02T15:07:24","slug":"%d8%b3%d8%a7%d8%b9%d8%a9-%d8%b0%d9%83%d9%8a%d8%a9-t500-plus-%d8%aa%d8%b9%d9%85%d9%84-%d8%a8%d8%a7%d9%84%d8%a8%d9%84%d9%88%d8%aa%d9%88%d8%ab-%d9%88%d9%85%d9%82%d8%a7%d9%88%d9%85%d8%a9-%d9%84%d9%84","status":"publish","type":"product","link":"https:\/\/espacetechnologie.ma\/ar\/product\/%d8%b3%d8%a7%d8%b9%d8%a9-%d8%b0%d9%83%d9%8a%d8%a9-t500-plus-%d8%aa%d8%b9%d9%85%d9%84-%d8%a8%d8%a7%d9%84%d8%a8%d9%84%d9%88%d8%aa%d9%88%d8%ab-%d9%88%d9%85%d9%82%d8%a7%d9%88%d9%85%d8%a9-%d9%84%d9%84\/","title":{"rendered":"\u0633\u0627\u0639\u0629 \u0630\u0643\u064a\u0629 T500 Plus \u062a\u0639\u0645\u0644 \u0628\u0627\u0644\u0628\u0644\u0648\u062a\u0648\u062b \u0648\u0645\u0642\u0627\u0648\u0645\u0629 \u0644\u0644\u0645\u0627\u0621 \u0648\u0645\u0639\u062f\u0644 \u0636\u0631\u0628\u0627\u062a \u0627\u0644\u0642\u0644\u0628 \u0648\u0645\u062a\u0639\u0642\u0628 \u0644\u0644\u064a\u0627\u0642\u0629 \u0627\u0644\u0628\u062f\u0646\u064a\u0629 \u0644\u0644\u0631\u062c\u0627\u0644 \u0648\u0627\u0644\u0646\u0633\u0627\u0621"},"content":{"rendered":"<p>Montre intelligente T500 Plus Bluetooth appel \u00e9tanche fr\u00e9quence cardiaque Fitness Tracker hommes femmes Bracelet intelligent t\u00e9l\u00e9commande<br \/>\nSp\u00e9cifications:<br \/>\nSoutien: Appel Bluetooth, musique Bluetooth, total 11 visages diff\u00e9rents, fr\u00e9quence cardiaque, \u00e9change 44mm i w o bracelet de montre, la longueur du bracelet peut \u00eatre ajust\u00e9e par le poignet, MTK2502<br \/>\nPlate-forme MTK2502<br \/>\nPrise en charge Bluetooth 3.0 ,4.0,\u00a0<br \/>\nBo\u00eetier en alliage<br \/>\nSangle MAT\u00c9RIAU DE POLYUR\u00c9THANE THERMOPLASTIQUE<br \/>\nCouleur noir, blanc, rose<br \/>\n\u00c9cran principal 1.54 pouces HD IPS, 240*240<br \/>\n\u00c9cran tactile capacitif de surface de renard de l&rsquo;\u00e9cran tactile 2.5D<br \/>\nPoussoir Bluetooth<br \/>\nSMS SMS WeChat QQ nouvelles et autres informations sur le client et autres rappels en temps opportun<br \/>\nD\u00e9tection de la fr\u00e9quence cardiaque surveillance de la fr\u00e9quence cardiaque, surveillance de votre rythme cardiaque<br \/>\nPodom\u00e8tre, calories de sport, consommation de calories, record de kilom\u00e9trage d&rsquo;exercice<br \/>\nRappel s\u00e9dentaire pour se lever et changer le mode de vie malsain<br \/>\nSurveillance du sommeil objectif Science enregistrer quantitativement et analyser votre \u00e9tat de sommeil<br \/>\nRecherche t\u00e9l\u00e9phone mobile fonction Anti-perte rappel.<br \/>\nRecherche bidirectionnelle<br \/>\nBluetooth lecture de musique<br \/>\nContr\u00f4le mobile de lecture de musique<br \/>\nRappel d&rsquo;appel soutien<br \/>\nCaract\u00e9ristiques de la batterie et capacit\u00e9 180MAH polym\u00e8re haute capacit\u00e9<br \/>\nNiveau imperm\u00e9able: vie imperm\u00e9able<br \/>\nLangues de Support: anglais, fran\u00e7ais, espagnol, polonais, portugais, italien, Deutsch, turc, russe, tch\u00e8que, persan, grec, arabe, malaisien, indon\u00e9sien, vietnamien, tha\u00ef.<br \/>\nNom de l&rsquo;application: M2 usure<br \/>\nPoints forts:<br \/>\nFr\u00e9quence cardiaque, surveillance du sommeil, appel bluetooth, rappel SMS, rappel entrant, r\u00e9veil, \u00e9cran de relance, pas, distance,calories, musique bluetooth, capture \u00e0 distance, trouver mon appareil<br \/>\nListe de colisage:<br \/>\nMontre intelligente * 1<br \/>\nC\u00e2ble de charge * 1<br \/>\nManuel d&rsquo;utilisation * 1<br \/>\nBo\u00eete cadeau * 1<br \/>\nMontre intelligente * 1<br \/>\nC\u00e2ble de charge * 1<br \/>\nManuel d&rsquo;utilisation * 1<br \/>\nBo\u00eete cadeau * 1<\/p>","protected":false},"excerpt":{"rendered":"<p>Certification: CE<br \/>\nCertification: ROHS<br \/>\nCapacit\u00e9 de Batterie: 120-180 mAh<br \/>\nCompatibilit\u00e9: Tout Compatible<br \/>\nFonction: Compteur de pas<br \/>\nFonction: Pisteur fitness<br \/>\nFonction: Sommeil<br \/>\nFonction: Rappel de message<br \/>\nFonction: Rappel de T\u00e9l\u00e9phone<br \/>\nFonction: R\u00e9pondre \u00e0 un appel<br \/>\nFonction: Composez un num\u00e9ro<br \/>\nFonction: Alarme horloge<br \/>\nFonction: R\u00e9serve de marche<br \/>\nFonction: Semaine<br \/>\nFonction: Fr\u00e9quence cardiaque Tracker<br \/>\nFonction: Interactive musique<br \/>\nFonction: Calendrier<br \/>\nFonction: Calculatrices<\/p>","protected":false},"featured_media":6668,"comment_status":"open","ping_status":"closed","template":"","meta":{"event_title":"","event_details":"","event_timezone":"","event_gmap":"","event_image":"","event_image_url":"","event_calendar_link":"","event_location":"","event_datetime_with_summary":"","event_datetime":"","event_date_type":"","event_rulesummary":"","event_ticket_rsvp":"","_gspb_post_css":""},"product_brand":[],"product_cat":[95,91],"product_tag":[],"class_list":{"0":"post-6669","1":"product","2":"type-product","3":"status-publish","4":"has-post-thumbnail","6":"product_cat-montres-smartwatch","7":"product_cat-smartwatch","9":"first","10":"instock","11":"sale","12":"shipping-taxable","13":"purchasable","14":"product-type-simple"},"jetpack_sharing_enabled":true,"_links":{"self":[{"href":"https:\/\/espacetechnologie.ma\/ar\/wp-json\/wp\/v2\/product\/6669","targetHints":{"allow":["GET"]}}],"collection":[{"href":"https:\/\/espacetechnologie.ma\/ar\/wp-json\/wp\/v2\/product"}],"about":[{"href":"https:\/\/espacetechnologie.ma\/ar\/wp-json\/wp\/v2\/types\/product"}],"replies":[{"embeddable":true,"href":"https:\/\/espacetechnologie.ma\/ar\/wp-json\/wp\/v2\/comments?post=6669"}],"wp:featuredmedia":[{"embeddable":true,"href":"https:\/\/espacetechnologie.ma\/ar\/wp-json\/wp\/v2\/media\/6668"}],"wp:attachment":[{"href":"https:\/\/espacetechnologie.ma\/ar\/wp-json\/wp\/v2\/media?parent=6669"}],"wp:term":[{"taxonomy":"product_brand","embeddable":true,"href":"https:\/\/espacetechnologie.ma\/ar\/wp-json\/wp\/v2\/product_brand?post=6669"},{"taxonomy":"product_cat","embeddable":true,"href":"https:\/\/espacetechnologie.ma\/ar\/wp-json\/wp\/v2\/product_cat?post=6669"},{"taxonomy":"product_tag","embeddable":true,"href":"https:\/\/espacetechnologie.ma\/ar\/wp-json\/wp\/v2\/product_tag?post=6669"}],"curies":[{"name":"wp","href":"https:\/\/api.w.org\/{rel}","templated":true}]}}