{"id":6651,"date":"2025-07-09T06:45:33","date_gmt":"2025-07-09T05:45:33","guid":{"rendered":"https:\/\/espacetechnologie.ma\/product\/%d8%ad%d8%a7%d9%85%d9%84-%d9%87%d8%a7%d8%aa%d9%81-%d8%a7%d9%84%d8%b3%d9%8a%d8%a7%d8%b1%d8%a9-%d9%84%d9%84%d9%87%d8%a7%d8%aa%d9%81-%d8%a7%d9%84%d9%85%d8%ad%d9%85%d9%88%d9%84\/"},"modified":"2025-08-03T07:52:50","modified_gmt":"2025-08-03T06:52:50","slug":"%d8%ad%d8%a7%d9%85%d9%84-%d9%87%d8%a7%d8%aa%d9%81-%d8%a7%d9%84%d8%b3%d9%8a%d8%a7%d8%b1%d8%a9-%d9%84%d9%84%d9%87%d8%a7%d8%aa%d9%81-%d8%a7%d9%84%d9%85%d8%ad%d9%85%d9%88%d9%84","status":"publish","type":"product","link":"https:\/\/espacetechnologie.ma\/ar\/product\/%d8%ad%d8%a7%d9%85%d9%84-%d9%87%d8%a7%d8%aa%d9%81-%d8%a7%d9%84%d8%b3%d9%8a%d8%a7%d8%b1%d8%a9-%d9%84%d9%84%d9%87%d8%a7%d8%aa%d9%81-%d8%a7%d9%84%d9%85%d8%ad%d9%85%d9%88%d9%84\/","title":{"rendered":"\u062d\u0627\u0645\u0644 \u0647\u0627\u062a\u0641 \u0627\u0644\u0633\u064a\u0627\u0631\u0629 \u0644\u0644\u0647\u0627\u062a\u0641 \u0627\u0644\u0645\u062d\u0645\u0648\u0644"},"content":{"rendered":"<p>-Support de t\u00e9l\u00e9phone de voiture pour placer votre t\u00e9l\u00e9phone en toute s\u00e9curit\u00e9 pendant la conduite<br \/>\n-Conception rotative \u00e0 360 degr\u00e9s, vous pouvez l&rsquo;ajuster \u00e0 l&rsquo;angle que vous voulez<br \/>\n-Commande \u00e0 une main, facile \u00e0 prendre et \u00e0 remettre votre t\u00e9l\u00e9phone d&rsquo;une seule main<br \/>\n-Conception \u00e0 cinq points de support, emp\u00eachant le support de glisser<br \/>\n-Convient aux smartphones de 4 \u00e0 6.5 pouces<br \/>\n-Petit et facile \u00e0 transporter<\/p>","protected":false},"excerpt":{"rendered":"<p>G\u00e9n\u00e9ral<br \/>\nType: Support De Voiture<br \/>\nMat\u00e9riau: Silicone,ABS, m\u00e9tal<br \/>\nPrincipalement Compatible avec: iPhone 6,iPhone 6 Plus,iPhone 6S,iPhone 5C,iPhone 7,iPhone 7 Plus<br \/>\nCaract\u00e9ristiques: autre, support r\u00e9glable, rotatif, Flexible, t\u00e9lescopique<br \/>\nDimensions et Poids<br \/>\nPoids du produit: 0.0180 kg<br \/>\nPoids du colis: 0.0220 kg<br \/>\nTaille du produit (L x L x H): 12.00&#215;2.75&#215;4.00 cm \/ 4.72&#215;1.08&#215;1.57 pouces<br \/>\nTaille de l&#8217;emballage (L x L x H): 12.50&#215;3.00&#215;4.50 cm \/ 4.92&#215;1.18&#215;1.77 pouces<br \/>\nContenu de l&#8217;emballage<br \/>\nContenu de l&#8217;emballage: 1 x support de t\u00e9l\u00e9phone<\/p>","protected":false},"featured_media":6650,"comment_status":"open","ping_status":"closed","template":"","meta":{"event_title":"","event_details":"","event_timezone":"","event_gmap":"","event_image":"","event_image_url":"","event_calendar_link":"","event_location":"","event_datetime_with_summary":"","event_datetime":"","event_date_type":"","event_rulesummary":"","event_ticket_rsvp":"","_gspb_post_css":""},"product_brand":[],"product_cat":[114,90,84,113],"product_tag":[],"class_list":{"0":"post-6651","1":"product","2":"type-product","3":"status-publish","4":"has-post-thumbnail","6":"product_cat-accessoires-voiture","7":"product_cat-autres-accessoires-smartphone","8":"product_cat-smartphone","9":"product_cat-voiture-moto","11":"first","12":"instock","13":"sale","14":"shipping-taxable","15":"purchasable","16":"product-type-simple"},"jetpack_sharing_enabled":true,"_links":{"self":[{"href":"https:\/\/espacetechnologie.ma\/ar\/wp-json\/wp\/v2\/product\/6651","targetHints":{"allow":["GET"]}}],"collection":[{"href":"https:\/\/espacetechnologie.ma\/ar\/wp-json\/wp\/v2\/product"}],"about":[{"href":"https:\/\/espacetechnologie.ma\/ar\/wp-json\/wp\/v2\/types\/product"}],"replies":[{"embeddable":true,"href":"https:\/\/espacetechnologie.ma\/ar\/wp-json\/wp\/v2\/comments?post=6651"}],"wp:featuredmedia":[{"embeddable":true,"href":"https:\/\/espacetechnologie.ma\/ar\/wp-json\/wp\/v2\/media\/6650"}],"wp:attachment":[{"href":"https:\/\/espacetechnologie.ma\/ar\/wp-json\/wp\/v2\/media?parent=6651"}],"wp:term":[{"taxonomy":"product_brand","embeddable":true,"href":"https:\/\/espacetechnologie.ma\/ar\/wp-json\/wp\/v2\/product_brand?post=6651"},{"taxonomy":"product_cat","embeddable":true,"href":"https:\/\/espacetechnologie.ma\/ar\/wp-json\/wp\/v2\/product_cat?post=6651"},{"taxonomy":"product_tag","embeddable":true,"href":"https:\/\/espacetechnologie.ma\/ar\/wp-json\/wp\/v2\/product_tag?post=6651"}],"curies":[{"name":"wp","href":"https:\/\/api.w.org\/{rel}","templated":true}]}}