{"id":6640,"date":"2025-07-09T06:45:31","date_gmt":"2025-07-09T05:45:31","guid":{"rendered":"https:\/\/espacetechnologie.ma\/product\/%d8%ad%d8%a7%d9%85%d9%84-%d8%b3%d9%8a%d8%a7%d8%b1%d8%a9-%d8%b9%d8%a7%d9%84%d9%85%d9%8a-%d9%84%d9%84%d9%87%d8%a7%d8%aa%d9%81-%d8%a7%d9%84%d9%85%d8%ad%d9%85%d9%88%d9%84\/"},"modified":"2025-08-03T07:56:09","modified_gmt":"2025-08-03T06:56:09","slug":"%d8%ad%d8%a7%d9%85%d9%84-%d8%b3%d9%8a%d8%a7%d8%b1%d8%a9-%d8%b9%d8%a7%d9%84%d9%85%d9%8a-%d9%84%d9%84%d9%87%d8%a7%d8%aa%d9%81-%d8%a7%d9%84%d9%85%d8%ad%d9%85%d9%88%d9%84","status":"publish","type":"product","link":"https:\/\/espacetechnologie.ma\/ar\/product\/%d8%ad%d8%a7%d9%85%d9%84-%d8%b3%d9%8a%d8%a7%d8%b1%d8%a9-%d8%b9%d8%a7%d9%84%d9%85%d9%8a-%d9%84%d9%84%d9%87%d8%a7%d8%aa%d9%81-%d8%a7%d9%84%d9%85%d8%ad%d9%85%d9%88%d9%84\/","title":{"rendered":"\u062d\u0627\u0645\u0644 \u0633\u064a\u0627\u0631\u0629 \u0639\u0627\u0644\u0645\u064a \u0644\u0644\u0647\u0627\u062a\u0641 \u0627\u0644\u0645\u062d\u0645\u0648\u0644"},"content":{"rendered":"<p>\u062d\u0627\u0645\u0644 \u0627\u0644\u0623\u0646\u0628\u0648\u0628 \u0627\u0644\u0646\u0627\u0639\u0645 &#8211; \u0627\u0644\u0645\u0642\u0628\u0636 \u0627\u0644\u0645\u0646\u0632\u0644\u0642 \u0627\u0644\u0639\u0627\u0644\u0645\u064a \u0645\u0646\u0627\u0633\u0628 \u0644\u062c\u0645\u064a\u0639 \u0627\u0644\u0647\u0648\u0627\u062a\u0641 \u0627\u0644\u0630\u0643\u064a\u0629 \u0648\u0646\u0638\u0627\u0645 \u062a\u062d\u062f\u064a\u062f \u0627\u0644\u0645\u0648\u0627\u0642\u0639 \u0627\u0644\u0639\u0627\u0644\u0645\u064a (GPS) \u062d\u062a\u0649 \u0634\u0627\u0634\u0629 6 \u0628\u0648\u0635\u0629 (\u0639\u0631\u0636 3.6 \u0628\u0648\u0635\u0629). \u0627\u0644\u062a\u0632\u0645 \u0628\u0623\u0645\u0627\u0646 \u0639\u0644\u0649 \u0645\u0639\u0638\u0645 \u0644\u0648\u062d\u0627\u062a \u0627\u0644\u0639\u062f\u0627\u062f\u0627\u062a \u060c \u0628\u0645\u0627 \u0641\u064a \u0630\u0644\u0643 \u0627\u0644\u0623\u0633\u0637\u062d \u0627\u0644\u0645\u0632\u062e\u0631\u0641\u0629 \u060c \u0644\u0643\u0646\u0647\u0627 \u0644\u0627 \u062a\u0632\u0627\u0644 \u0642\u0627\u0628\u0644\u0629 \u0644\u0644\u0625\u0632\u0627\u0644\u0629 \u0628\u0633\u0647\u0648\u0644\u0629 \u0648\u064a\u0645\u0643\u0646 \u0627\u0633\u062a\u0639\u0627\u062f\u062a\u0647\u0627 \u0625\u0644\u0649 \u062d\u0627\u0644\u062a\u0647\u0627 \u0627\u0644\u0623\u0635\u0644\u064a\u0629 \u0639\u0646 \u0637\u0631\u064a\u0642 \u0634\u0637\u0641\u0647\u0627 \u0628\u0627\u0644\u0645\u0627\u0621 \u0627\u0644\u062f\u0627\u0641\u0626 \u0648\u062a\u0631\u0643\u0647\u0627 \u062a\u062c\u0641 \u0627\u0644\u0647\u0648\u0627\u0621. \u0627\u0636\u0628\u0637 \u0627\u0644\u062f\u0639\u0645 \u0648\u0627\u062f\u0641\u0639 \u0627\u0644\u0630\u0631\u0627\u0639 \u0644\u0625\u0635\u0644\u0627\u062d \u0627\u0644\u0642\u0627\u0639\u062f\u0629. \u062a\u0642\u0641\u0644 \u0622\u0644\u064a\u0629 \u0627\u0644\u062a\u062b\u0628\u064a\u062a \u0628\u0644\u0645\u0633\u0629 \u0648\u0627\u062d\u062f\u0629 \u0648\u062a\u062d\u0631\u0631 \u0627\u0644\u062c\u0647\u0627\u0632 \u0628\u0644\u0645\u0633\u0629 \u0625\u0635\u0628\u0639. \u064a\u0648\u0641\u0631 \u062d\u0627\u0645\u0644 \u0647\u0627\u062a\u0641 \u0627\u0644\u0633\u064a\u0627\u0631\u0629 \u062f\u0648\u0631\u0627\u0646\u064b\u0627 360 \u062f\u0631\u062c\u0629 \u0644\u0644\u0639\u0631\u0636 \u0627\u0644\u0631\u0623\u0633\u064a \u0648\u0627\u0644\u0645\u0646\u0627\u0638\u0631 \u0627\u0644\u0637\u0628\u064a\u0639\u064a\u0629 \u060c \u0648\u064a\u062d\u062f\u062f \u0630\u0631\u0627\u0639 \u0645\u0631\u0646 \u0645\u0646 \u0642\u0633\u0645\u064a\u0646 \u0627\u0644\u0645\u0633\u0627\u0641\u0629 \u0628\u064a\u0646 \u0627\u0644\u0633\u0627\u0626\u0642 \u0648\u0627\u0644\u0647\u0627\u062a\u0641 \u0627\u0644\u062e\u0644\u0648\u064a. \u0627\u062d\u0645\u0644 \u0647\u0627\u062a\u0641\u0643 \u0628\u0623\u0645\u0627\u0646 \u0648\u0628\u0634\u0643\u0644 \u0642\u0627\u0646\u0648\u0646\u064a \u0641\u064a \u0633\u064a\u0627\u0631\u062a\u0643 \u060c \u062d\u0627\u0645\u0644 \u0642\u0627\u0628\u0644 \u0644\u0644\u062a\u0639\u062f\u064a\u0644 \u0644\u062a\u0646\u0627\u0633\u0628 \u0645\u0639\u0638\u0645 \u0627\u0644\u0647\u0648\u0627\u062a\u0641 \u0627\u0644\u0645\u062d\u0645\u0648\u0644\u0629 \u060c \u0639\u0635\u0631\u064a\u0629 \u0648\u0628\u0633\u064a\u0637\u0629. \u062a\u0633\u0645\u062d \u0639\u0645\u0644\u064a\u0627\u062a \u0627\u0644\u062a\u062c\u0645\u064a\u0639 \u0648\u0627\u0644\u062a\u0641\u0643\u064a\u0643 \u0644\u0644\u0647\u0627\u062a\u0641 \u0628\u064a\u062f \u0648\u0627\u062d\u062f\u0629 \u0628\u0627\u0644\u062a\u0634\u063a\u064a\u0644 \u0627\u0644\u062e\u0627\u0644\u064a \u0645\u0646 \u0627\u0644\u0645\u062a\u0627\u0639\u0628 \u0648\u062a\u0642\u0644\u064a\u0644 \u062e\u0637\u0631 \u0627\u0644\u062a\u0634\u062a\u062a \u0623\u0648 \u062d\u062a\u0649 \u0627\u0644\u0625\u062d\u0628\u0627\u0637 \u0628\u0634\u0643\u0644 \u0643\u0628\u064a\u0631 \u060c \u0645\u0645\u0627 \u064a\u0633\u0627\u0639\u062f\u0643 \u0639\u0644\u0649 \u0627\u0644\u0628\u0642\u0627\u0621 \u0622\u0645\u0646\u064b\u0627 \u0648\u062a\u062c\u0646\u0628 \u0627\u0644\u062d\u0648\u0627\u062f\u062b.<br \/>\n\u2605 INSTALLATION SIMPLE ET FACILE: le dernier support de voiture de conception unique avec une aspiration extr\u00eamement forte e<br \/>\nprise en charge tr\u00e8s stable pour les deux smartphones \u00e0 grand \u00e9cran comme l&rsquo;iPhone 6 Plus ou le Samsung Note 4 et les tablettes jusqu&rsquo;\u00e0 7 pouces. Mat\u00e9riaux ABS de haute qualit\u00e9 Belle conception \u00e0 bras long et poign\u00e9e solide qui poussent en toute s\u00e9curit\u00e9 les appareils \u00e9lectroniques pr\u00e8s de vos doigts et de votre vue<br \/>\n\u2605 BRAS LONG ET FLEXIBLE: Syst\u00e8me de montage \u00e0 une touche facile \u00e0 installer Les verrous lib\u00e8rent ou font pivoter l&rsquo;appareil d&rsquo;une seule main. Conception \u00e0 bras long jusqu&rsquo;\u00e0 10 pouces et prise solide<br \/>\n\u2605 CONCEPTION FORTE ET DURABLE: Conception solide et durable. Le support est fait de mat\u00e9riaux \u00e0 haute densit\u00e9, ont d&rsquo;excellentes caract\u00e9ristiques de haute r\u00e9sistance, bonne t\u00e9nacit\u00e9, r\u00e9sistance \u00e0 haute et basse temp\u00e9rature<br \/>\n\u2605 COMPATIBILIT\u00c9 UNIVERSELLE: Fixez le t\u00e9l\u00e9phone cellulaire \/ GPS et autres appareils \u00e9lectroniques (3<br \/>\nToutes les fonctionnalit\u00e9s du t\u00e9l\u00e9phone sont facilement accessibles, y compris la navigation, la musique et les contacts<br \/>\n\u2605 Sp\u00e9cialement con\u00e7u pour les iPhones 7S Plus \/ 7S \/ 6S \/ 6S Plus \/ 5S \/ 5C \/ 5 \/ 4S \/ 4, Samsung Galaxy S5 S4, HTC, Blackberry et les lecteurs GPS \/ PDA \/ PSP \/ iPod \/ MP3 \/ MP4, etc.<\/p>","protected":false},"excerpt":{"rendered":"<p>\u062d\u0627\u0645\u0644 \u0627\u0644\u0623\u0646\u0628\u0648\u0628 \u0627\u0644\u0646\u0627\u0639\u0645 &#8211; \u0627\u0644\u0645\u0642\u0628\u0636 \u0627\u0644\u0645\u0646\u0632\u0644\u0642 \u0627\u0644\u0639\u0627\u0644\u0645\u064a \u0645\u0646\u0627\u0633\u0628 \u0644\u062c\u0645\u064a\u0639 \u0627\u0644\u0647\u0648\u0627\u062a\u0641 \u0627\u0644\u0630\u0643\u064a\u0629 \u0648\u0646\u0638\u0627\u0645 \u062a\u062d\u062f\u064a\u062f \u0627\u0644\u0645\u0648\u0627\u0642\u0639 \u0627\u0644\u0639\u0627\u0644\u0645\u064a (GPS) \u062d\u062a\u0649 \u0634\u0627\u0634\u0629 6 \u0628\u0648\u0635\u0629 (\u0639\u0631\u0636 3.6 \u0628\u0648\u0635\u0629). \u0627\u0644\u062a\u0632\u0645 \u0628\u0623\u0645\u0627\u0646 \u0639\u0644\u0649 \u0645\u0639\u0638\u0645 \u0644\u0648\u062d\u0627\u062a \u0627\u0644\u0639\u062f\u0627\u062f\u0627\u062a \u060c \u0628\u0645\u0627 \u0641\u064a \u0630\u0644\u0643 \u0627\u0644\u0623\u0633\u0637\u062d \u0627\u0644\u0645\u0632\u062e\u0631\u0641\u0629 \u060c \u0644\u0643\u0646\u0647\u0627 \u0644\u0627 \u062a\u0632\u0627\u0644 \u0642\u0627\u0628\u0644\u0629 \u0644\u0644\u0625\u0632\u0627\u0644\u0629 \u0628\u0633\u0647\u0648\u0644\u0629 \u0648\u064a\u0645\u0643\u0646 \u0627\u0633\u062a\u0639\u0627\u062f\u062a\u0647\u0627 \u0625\u0644\u0649 \u062d\u0627\u0644\u062a\u0647\u0627 \u0627\u0644\u0623\u0635\u0644\u064a\u0629 \u0639\u0646 \u0637\u0631\u064a\u0642 \u0634\u0637\u0641\u0647\u0627 \u0628\u0627\u0644\u0645\u0627\u0621 \u0627\u0644\u062f\u0627\u0641\u0626 \u0648\u062a\u0631\u0643\u0647\u0627 \u062a\u062c\u0641 \u0627\u0644\u0647\u0648\u0627\u0621. [&hellip;]<\/p>\n","protected":false},"featured_media":6639,"comment_status":"open","ping_status":"closed","template":"","meta":{"event_title":"","event_details":"","event_timezone":"","event_gmap":"","event_image":"","event_image_url":"","event_calendar_link":"","event_location":"","event_datetime_with_summary":"","event_datetime":"","event_date_type":"","event_rulesummary":"","event_ticket_rsvp":"","_gspb_post_css":""},"product_brand":[],"product_cat":[114,90,84,113],"product_tag":[],"class_list":{"0":"post-6640","1":"product","2":"type-product","3":"status-publish","4":"has-post-thumbnail","6":"product_cat-accessoires-voiture","7":"product_cat-autres-accessoires-smartphone","8":"product_cat-smartphone","9":"product_cat-voiture-moto","11":"first","12":"instock","13":"sale","14":"shipping-taxable","15":"purchasable","16":"product-type-simple"},"jetpack_sharing_enabled":true,"_links":{"self":[{"href":"https:\/\/espacetechnologie.ma\/ar\/wp-json\/wp\/v2\/product\/6640","targetHints":{"allow":["GET"]}}],"collection":[{"href":"https:\/\/espacetechnologie.ma\/ar\/wp-json\/wp\/v2\/product"}],"about":[{"href":"https:\/\/espacetechnologie.ma\/ar\/wp-json\/wp\/v2\/types\/product"}],"replies":[{"embeddable":true,"href":"https:\/\/espacetechnologie.ma\/ar\/wp-json\/wp\/v2\/comments?post=6640"}],"wp:featuredmedia":[{"embeddable":true,"href":"https:\/\/espacetechnologie.ma\/ar\/wp-json\/wp\/v2\/media\/6639"}],"wp:attachment":[{"href":"https:\/\/espacetechnologie.ma\/ar\/wp-json\/wp\/v2\/media?parent=6640"}],"wp:term":[{"taxonomy":"product_brand","embeddable":true,"href":"https:\/\/espacetechnologie.ma\/ar\/wp-json\/wp\/v2\/product_brand?post=6640"},{"taxonomy":"product_cat","embeddable":true,"href":"https:\/\/espacetechnologie.ma\/ar\/wp-json\/wp\/v2\/product_cat?post=6640"},{"taxonomy":"product_tag","embeddable":true,"href":"https:\/\/espacetechnologie.ma\/ar\/wp-json\/wp\/v2\/product_tag?post=6640"}],"curies":[{"name":"wp","href":"https:\/\/api.w.org\/{rel}","templated":true}]}}