{"id":6622,"date":"2025-07-09T06:45:27","date_gmt":"2025-07-09T05:45:27","guid":{"rendered":"https:\/\/espacetechnologie.ma\/product\/kit-microphone-a-condensateur-bm800-carte-son-v8-pour-streaming-en-direct-enregistrement-youtube\/"},"modified":"2025-08-02T14:50:23","modified_gmt":"2025-08-02T13:50:23","slug":"kit-microphone-a-condensateur-bm800-carte-son-v8-pour-streaming-en-direct-enregistrement-youtube","status":"publish","type":"product","link":"https:\/\/espacetechnologie.ma\/ar\/product\/kit-microphone-a-condensateur-bm800-carte-son-v8-pour-streaming-en-direct-enregistrement-youtube\/","title":{"rendered":"kit Microphone \u00e0 condensateur BM800 + carte son V8 pour Streaming en direct, enregistrement Youtube"},"content":{"rendered":"<p>Caract\u00e9ristiques:<br \/>\nForte puissance vocale de ramassage<br \/>\nLe microphone plaqu\u00e9 or de couleur vive rafra\u00eechit votre vie<br \/>\nId\u00e9al pour studio de radiodiffusion, studio de son de voix off, enregistrement etc.<br \/>\nExcellent pour le chant, la parole et les instruments<br \/>\nV8 vivre carte son<br \/>\nQu&rsquo;est-ce que la carte son V8?<br \/>\nNouvelle carte son V8 pour ordinateur mobile, vous pouvez utiliser l&rsquo;entr\u00e9e de l&rsquo;instrument pour deux t\u00e9l\u00e9phones mobiles en m\u00eame temps.<br \/>\n1. R\u00e9glage du volume du Microphone<br \/>\n2. R\u00e9verb\u00e9ration r\u00e9glage<br \/>\n3. R\u00e9glage num\u00e9rique de la surveillance d&rsquo;accompagnement des aigus et des basses Alto<br \/>\n4. Un bouton muet 12 types de mode \u00e9lectro-acoustique 4 types de mode d&rsquo;accent (poup\u00e9e masculine et f\u00e9minine vieil homme)<br \/>\n5. mode de cri en un clic<br \/>\n6. mode dodge \u00e0 un bouton<br \/>\n7. mode de chant de bl\u00e9<br \/>\n8.12 types d&rsquo;effets sp\u00e9ciaux en direct changent librement (rire, applaudir, coups de feu, c\u00e9r\u00e9monies d&rsquo;ouverture, veuillez faire attention aux rituel, acclamer, embrasser, louer le contouring, corbeaux)<br \/>\n9. Vous pouvez utiliser un \u00e9quipement audio \u00e0 grande \u00e9chelle pour utiliser deux t\u00e9l\u00e9phones mobiles en m\u00eame temps. Instruments de musique, guitares, claviers et autres accessoires.<br \/>\nMat\u00e9riau du Microphone: maille en acier + tube en alliage de zinc<br \/>\nMotif polaire: unidirectionnel<br \/>\nR\u00e9ponse en fr\u00e9quence: 20 hz-20khz<br \/>\nSensibilit\u00e9: 45 dB \u00b1 1 db<br \/>\nImp\u00e9dance de sortie: 150\u03a9 \u00b1 30% (1 khz)<br \/>\nImp\u00e9dance de charge: \u2265 1000\u03a9<br \/>\nNiveau de bruit \u00e9quivalent 16 dba<br \/>\nCourant: 3mA<br \/>\nRapport Signal\/bruit: 78 d\u00e9cibels<br \/>\nInterface de sortie Microphone 3.5mm<br \/>\nLongueur du c\u00e2ble: 2.5 m<br \/>\nTension: alimentation fant\u00f4me 48V<br \/>\nDimension: Env. 16x5x5cm\/6.3&#215;1.97&#215;1.97 pouces<br \/>\nMat\u00e9riau du Microphone: filet en acier + partie de maintien de la main en alliage de Zinc<\/p>","protected":false},"excerpt":{"rendered":"<p>Mat\u00e9riau du Microphone: maille en acier + tube en alliage de zinc<br \/>\nMotif polaire: unidirectionnel<br \/>\nR\u00e9ponse en fr\u00e9quence: 20 hz-20khz<br \/>\nSensibilit\u00e9: 45 dB \u00b1 1 db<br \/>\nImp\u00e9dance de sortie: 150\u03a9 \u00b1 30% (1 khz)<br \/>\nImp\u00e9dance de charge: \u2265 1000\u03a9<br \/>\nNiveau de bruit \u00e9quivalent 16 dba<br \/>\nCourant: 3mA<br \/>\nRapport Signal\/bruit: 78 d\u00e9cibels<br \/>\nInterface de sortie Microphone 3.5mm<br \/>\nLongueur du c\u00e2ble: 2.5 m<br \/>\nTension: alimentation fant\u00f4me 48V<br \/>\nDimension: Env. 16x5x5cm\/6.3&#215;1.97&#215;1.97 pouces<br \/>\nMat\u00e9riau du Microphone: filet en acier + partie de maintien de la main en alliage de Zinc<\/p>","protected":false},"featured_media":6621,"comment_status":"open","ping_status":"closed","template":"","meta":{"event_title":"","event_details":"","event_timezone":"","event_gmap":"","event_image":"","event_image_url":"","event_calendar_link":"","event_location":"","event_datetime_with_summary":"","event_datetime":"","event_date_type":"","event_rulesummary":"","event_ticket_rsvp":"","_gspb_post_css":""},"product_brand":[],"product_cat":[107,111],"product_tag":[],"class_list":{"0":"post-6622","1":"product","2":"type-product","3":"status-publish","4":"has-post-thumbnail","6":"product_cat-audio","7":"product_cat-microphones","9":"first","10":"instock","11":"sale","12":"shipping-taxable","13":"purchasable","14":"product-type-simple"},"jetpack_sharing_enabled":true,"_links":{"self":[{"href":"https:\/\/espacetechnologie.ma\/ar\/wp-json\/wp\/v2\/product\/6622","targetHints":{"allow":["GET"]}}],"collection":[{"href":"https:\/\/espacetechnologie.ma\/ar\/wp-json\/wp\/v2\/product"}],"about":[{"href":"https:\/\/espacetechnologie.ma\/ar\/wp-json\/wp\/v2\/types\/product"}],"replies":[{"embeddable":true,"href":"https:\/\/espacetechnologie.ma\/ar\/wp-json\/wp\/v2\/comments?post=6622"}],"wp:featuredmedia":[{"embeddable":true,"href":"https:\/\/espacetechnologie.ma\/ar\/wp-json\/wp\/v2\/media\/6621"}],"wp:attachment":[{"href":"https:\/\/espacetechnologie.ma\/ar\/wp-json\/wp\/v2\/media?parent=6622"}],"wp:term":[{"taxonomy":"product_brand","embeddable":true,"href":"https:\/\/espacetechnologie.ma\/ar\/wp-json\/wp\/v2\/product_brand?post=6622"},{"taxonomy":"product_cat","embeddable":true,"href":"https:\/\/espacetechnologie.ma\/ar\/wp-json\/wp\/v2\/product_cat?post=6622"},{"taxonomy":"product_tag","embeddable":true,"href":"https:\/\/espacetechnologie.ma\/ar\/wp-json\/wp\/v2\/product_tag?post=6622"}],"curies":[{"name":"wp","href":"https:\/\/api.w.org\/{rel}","templated":true}]}}