{"id":6618,"date":"2025-07-09T06:45:27","date_gmt":"2025-07-09T05:45:27","guid":{"rendered":"https:\/\/espacetechnologie.ma\/product\/cable-hdmi-ultra-rapide-2-1-8k-60hz-48gbps-5m-noir\/"},"modified":"2025-08-02T15:07:40","modified_gmt":"2025-08-02T14:07:40","slug":"cable-hdmi-ultra-rapide-2-1-8k-60hz-48gbps-5m-noir","status":"publish","type":"product","link":"https:\/\/espacetechnologie.ma\/ar\/product\/cable-hdmi-ultra-rapide-2-1-8k-60hz-48gbps-5m-noir\/","title":{"rendered":"C\u00e2ble HDMI Ultra rapide 2.1 8K 60Hz 48Gbps, (5m) Noir"},"content":{"rendered":"<p>C\u00e2ble HDMI 2.1, Ultra rapide, 48Gbps, 8K @ 60Hz, 4K @ 120Hz, pour Apple TV, PS4, PS5, TV, hdtv, projecteurs, Xiaomi Mi Box<br \/>\nIl y a 2 mod\u00e8les disponibles, la diff\u00e9rence est seulement l&rsquo;apparence, donc vous pouvez simplement choisir le mod\u00e8le appropri\u00e9 en fonction de votre passe-temps.<\/p>\n<p>Vue d&rsquo;ensemble<br \/>\nLes c\u00e2bles HDMI 2.1 sont essentiels pour la t\u00e9l\u00e9vision 8K ultra-haute d\u00e9finition. Il r\u00e9pond \u00e0 toutes vos exigences \u00e9lev\u00e9es, telles que jouer \u00e0 des jeux immersifs et avoir une exp\u00e9rience de visualisation immersive, les fonctionnalit\u00e9s du c\u00e2ble HDMI 2.1 \u00e9largiront consid\u00e9rablement votre horizon.<\/p>\n<p>Caract\u00e9ristiques:<br \/>\n(1) contr\u00f4le \u00e9lectronique grand public (CEC)<br \/>\n(2) canal de retour Audio am\u00e9lior\u00e9 (eARC)<br \/>\n(3) taux de rafra\u00eechissement Variable (VRR)<br \/>\n(4) commutation rapide des m\u00e9dias (QMS)<br \/>\n(5) Transport rapide du cadre (QFT)<br \/>\n(6) Mode de faible latence automatique (ALLM)<br \/>\n(7) Log-Gamma hybride (HLG) HDR OETF<br \/>\n(8)2 flux vid\u00e9o (double vue)<br \/>\n(9) HDR statique (donn\u00e9es statiques HDR)<br \/>\n(10) HDR dynamique (donn\u00e9es dynamiques HDR)<br \/>\n(11) canal Ethernet (100 Mbit\/s)<br \/>\n(12)HDR 10 +, Dolby Vision<br \/>\n(13)HDCP 2.2 &#038; 2.3<br \/>\n(14) synchronisation automatique des l\u00e8vres<br \/>\n(15)VESA DSC 1.2a<br \/>\n(16) vid\u00e9o 3D<\/p>","protected":false},"excerpt":{"rendered":"<p>Stabilit\u00e9 de la transmission<br \/>\nMat\u00e9riaux de haute qualit\u00e9, sans perte de qualit\u00e9 de son et d&rsquo;image<br \/>\nPlusieurs couches de blindage et un connecteur plaqu\u00e9 or r\u00e9sistant \u00e0 la corrosion<br \/>\nLongueur 5m<\/p>","protected":false},"featured_media":6617,"comment_status":"open","ping_status":"closed","template":"","meta":{"event_title":"","event_details":"","event_timezone":"","event_gmap":"","event_image":"","event_image_url":"","event_calendar_link":"","event_location":"","event_datetime_with_summary":"","event_datetime":"","event_date_type":"","event_rulesummary":"","event_ticket_rsvp":"","_gspb_post_css":""},"product_brand":[],"product_cat":[124,123],"product_tag":[],"class_list":{"0":"post-6618","1":"product","2":"type-product","3":"status-publish","4":"has-post-thumbnail","6":"product_cat-cables-tv","7":"product_cat-tv","9":"first","10":"instock","11":"sale","12":"shipping-taxable","13":"purchasable","14":"product-type-simple"},"jetpack_sharing_enabled":true,"_links":{"self":[{"href":"https:\/\/espacetechnologie.ma\/ar\/wp-json\/wp\/v2\/product\/6618","targetHints":{"allow":["GET"]}}],"collection":[{"href":"https:\/\/espacetechnologie.ma\/ar\/wp-json\/wp\/v2\/product"}],"about":[{"href":"https:\/\/espacetechnologie.ma\/ar\/wp-json\/wp\/v2\/types\/product"}],"replies":[{"embeddable":true,"href":"https:\/\/espacetechnologie.ma\/ar\/wp-json\/wp\/v2\/comments?post=6618"}],"wp:featuredmedia":[{"embeddable":true,"href":"https:\/\/espacetechnologie.ma\/ar\/wp-json\/wp\/v2\/media\/6617"}],"wp:attachment":[{"href":"https:\/\/espacetechnologie.ma\/ar\/wp-json\/wp\/v2\/media?parent=6618"}],"wp:term":[{"taxonomy":"product_brand","embeddable":true,"href":"https:\/\/espacetechnologie.ma\/ar\/wp-json\/wp\/v2\/product_brand?post=6618"},{"taxonomy":"product_cat","embeddable":true,"href":"https:\/\/espacetechnologie.ma\/ar\/wp-json\/wp\/v2\/product_cat?post=6618"},{"taxonomy":"product_tag","embeddable":true,"href":"https:\/\/espacetechnologie.ma\/ar\/wp-json\/wp\/v2\/product_tag?post=6618"}],"curies":[{"name":"wp","href":"https:\/\/api.w.org\/{rel}","templated":true}]}}