{"id":6603,"date":"2025-07-09T06:45:24","date_gmt":"2025-07-09T05:45:24","guid":{"rendered":"https:\/\/espacetechnologie.ma\/product\/ecoute-sans-fil-light-wear-tws-bt-avec-restitution-des-basses-3\/"},"modified":"2025-08-03T06:47:44","modified_gmt":"2025-08-03T05:47:44","slug":"ecoute-sans-fil-light-wear-tws-bt-avec-restitution-des-basses-3","status":"publish","type":"product","link":"https:\/\/espacetechnologie.ma\/ar\/product\/ecoute-sans-fil-light-wear-tws-bt-avec-restitution-des-basses-3\/","title":{"rendered":"\u00c9coute sans fil  Light Wear TWS BT avec restitution des basses"},"content":{"rendered":"<p>Conception de bo\u00eetier innovante<br \/>\nChipset double c\u0153ur AC6973<br \/>\nCodecs SBC \/ AAC<br \/>\nBluetooth 5.3 &#8211; USB-C<br \/>\nPilotes coaxiaux \u00e0 double mouvement de 13 mm<br \/>\nM<br \/>\n\u00c9couteurs 60 mAh &#8211; Autonomie en veille de 200 heures<br \/>\nPlus de 7 heures de lecture de musique &#8211; Plus de 4 heures d&rsquo;appels<br \/>\n\u00c9tanch\u00e9it\u00e9 IPX4<\/p>","protected":false},"excerpt":{"rendered":"<p>Tour de cou sans fil Light Wear TWS BT avec restitution des basses am\u00e9lior\u00e9e via d&rsquo;\u00e9normes haut-parleurs en cuivre-magn\u00e9sium de 16,2 mm, micro 2718 haut de gamme &#8211; Tour de cou intra-auriculaire pour iPhone \/ Android \/ Mac \/ PC<\/p>","protected":false},"featured_media":6602,"comment_status":"open","ping_status":"closed","template":"","meta":{"event_title":"","event_details":"","event_timezone":"","event_gmap":"","event_image":"","event_image_url":"","event_calendar_link":"","event_location":"","event_datetime_with_summary":"","event_datetime":"","event_date_type":"","event_rulesummary":"","event_ticket_rsvp":"","_gspb_post_css":""},"product_brand":[],"product_cat":[107,109],"product_tag":[],"class_list":{"0":"post-6603","1":"product","2":"type-product","3":"status-publish","4":"has-post-thumbnail","6":"product_cat-audio","7":"product_cat-ecouteurs-sans-fil","9":"first","10":"instock","11":"sale","12":"shipping-taxable","13":"purchasable","14":"product-type-simple"},"jetpack_sharing_enabled":true,"_links":{"self":[{"href":"https:\/\/espacetechnologie.ma\/ar\/wp-json\/wp\/v2\/product\/6603","targetHints":{"allow":["GET"]}}],"collection":[{"href":"https:\/\/espacetechnologie.ma\/ar\/wp-json\/wp\/v2\/product"}],"about":[{"href":"https:\/\/espacetechnologie.ma\/ar\/wp-json\/wp\/v2\/types\/product"}],"replies":[{"embeddable":true,"href":"https:\/\/espacetechnologie.ma\/ar\/wp-json\/wp\/v2\/comments?post=6603"}],"wp:featuredmedia":[{"embeddable":true,"href":"https:\/\/espacetechnologie.ma\/ar\/wp-json\/wp\/v2\/media\/6602"}],"wp:attachment":[{"href":"https:\/\/espacetechnologie.ma\/ar\/wp-json\/wp\/v2\/media?parent=6603"}],"wp:term":[{"taxonomy":"product_brand","embeddable":true,"href":"https:\/\/espacetechnologie.ma\/ar\/wp-json\/wp\/v2\/product_brand?post=6603"},{"taxonomy":"product_cat","embeddable":true,"href":"https:\/\/espacetechnologie.ma\/ar\/wp-json\/wp\/v2\/product_cat?post=6603"},{"taxonomy":"product_tag","embeddable":true,"href":"https:\/\/espacetechnologie.ma\/ar\/wp-json\/wp\/v2\/product_tag?post=6603"}],"curies":[{"name":"wp","href":"https:\/\/api.w.org\/{rel}","templated":true}]}}