{"id":6586,"date":"2025-07-09T06:45:20","date_gmt":"2025-07-09T05:45:20","guid":{"rendered":"https:\/\/espacetechnologie.ma\/product\/%d8%aa%d8%b3%d8%a8%d9%8a%d8%ad-%d9%85%d8%b9-%d9%85%d9%86%d8%a8%d9%87-%d8%a7%d9%84%d8%a3%d8%b0%d8%a7%d9%86-%d8%8c-%d9%88%d9%82%d8%aa-%d8%a7%d9%84%d8%b5%d9%84%d8%a7%d8%a9-%d8%a7%d9%84%d8%aa%d9%84%d9%82\/"},"modified":"2025-08-03T06:48:01","modified_gmt":"2025-08-03T05:48:01","slug":"%d8%aa%d8%b3%d8%a8%d9%8a%d8%ad-%d9%85%d8%b9-%d9%85%d9%86%d8%a8%d9%87-%d8%a7%d9%84%d8%a3%d8%b0%d8%a7%d9%86-%d8%8c-%d9%88%d9%82%d8%aa-%d8%a7%d9%84%d8%b5%d9%84%d8%a7%d8%a9-%d8%a7%d9%84%d8%aa%d9%84%d9%82","status":"publish","type":"product","link":"https:\/\/espacetechnologie.ma\/ar\/product\/%d8%aa%d8%b3%d8%a8%d9%8a%d8%ad-%d9%85%d8%b9-%d9%85%d9%86%d8%a8%d9%87-%d8%a7%d9%84%d8%a3%d8%b0%d8%a7%d9%86-%d8%8c-%d9%88%d9%82%d8%aa-%d8%a7%d9%84%d8%b5%d9%84%d8%a7%d8%a9-%d8%a7%d9%84%d8%aa%d9%84%d9%82\/","title":{"rendered":"\u062a\u0633\u0628\u064a\u062d \u0645\u0639 \u0645\u0646\u0628\u0647 \u0627\u0644\u0623\u0630\u0627\u0646 \u060c \u0648\u0642\u062a \u0627\u0644\u0635\u0644\u0627\u0629 \u0627\u0644\u062a\u0644\u0642\u0627\u0626\u064a"},"content":{"rendered":"<p>Alimentation: pile bouton (incluse)<br \/>\nCouleur: Noir<br \/>\nTaille: environ 112*47mm<br \/>\nMat\u00e9riau: Plastique<\/p>","protected":false},"excerpt":{"rendered":"<p>Fabriqu\u00e9 en mati\u00e8re plastique de haute qualit\u00e9, solide, durable, bonne performance et longue dur\u00e9e de vie.<\/p>\n<p>Ce compteur de perles \u00e9lectronique peut vous aider \u00e0 vous calmer et \u00e0 d\u00e9compresser.<\/p>\n<p>Il prend en charge la r\u00e9initialisation manuelle pour que vous puissiez compter les perles \u00e0 nouveau.<\/p>\n<p>Convient pour la relaxation de m\u00e9ditation, la d\u00e9compression, les doigts actifs, le chant, etc.<\/p>\n<p>Petite taille, facile \u00e0 transporter et \u00e0 utiliser.<\/p>\n<p>Super cadeau pour votre famille, vos amis et ainsi de suite.<\/p>\n<p>Fonction sp\u00e9ciale: avec boussole (peut \u00eatre d\u00e9tach\u00e9e)<\/p>","protected":false},"featured_media":6585,"comment_status":"open","ping_status":"closed","template":"","meta":{"event_title":"","event_details":"","event_timezone":"","event_gmap":"","event_image":"","event_image_url":"","event_calendar_link":"","event_location":"","event_datetime_with_summary":"","event_datetime":"","event_date_type":"","event_rulesummary":"","event_ticket_rsvp":"","_gspb_post_css":""},"product_brand":[],"product_cat":[82,130],"product_tag":[],"class_list":{"0":"post-6586","1":"product","2":"type-product","3":"status-publish","4":"has-post-thumbnail","6":"product_cat-gadgets","7":"product_cat-maison","9":"first","10":"instock","11":"sale","12":"shipping-taxable","13":"purchasable","14":"product-type-simple"},"jetpack_sharing_enabled":true,"_links":{"self":[{"href":"https:\/\/espacetechnologie.ma\/ar\/wp-json\/wp\/v2\/product\/6586","targetHints":{"allow":["GET"]}}],"collection":[{"href":"https:\/\/espacetechnologie.ma\/ar\/wp-json\/wp\/v2\/product"}],"about":[{"href":"https:\/\/espacetechnologie.ma\/ar\/wp-json\/wp\/v2\/types\/product"}],"replies":[{"embeddable":true,"href":"https:\/\/espacetechnologie.ma\/ar\/wp-json\/wp\/v2\/comments?post=6586"}],"wp:featuredmedia":[{"embeddable":true,"href":"https:\/\/espacetechnologie.ma\/ar\/wp-json\/wp\/v2\/media\/6585"}],"wp:attachment":[{"href":"https:\/\/espacetechnologie.ma\/ar\/wp-json\/wp\/v2\/media?parent=6586"}],"wp:term":[{"taxonomy":"product_brand","embeddable":true,"href":"https:\/\/espacetechnologie.ma\/ar\/wp-json\/wp\/v2\/product_brand?post=6586"},{"taxonomy":"product_cat","embeddable":true,"href":"https:\/\/espacetechnologie.ma\/ar\/wp-json\/wp\/v2\/product_cat?post=6586"},{"taxonomy":"product_tag","embeddable":true,"href":"https:\/\/espacetechnologie.ma\/ar\/wp-json\/wp\/v2\/product_tag?post=6586"}],"curies":[{"name":"wp","href":"https:\/\/api.w.org\/{rel}","templated":true}]}}