{"id":6576,"date":"2025-07-09T06:45:18","date_gmt":"2025-07-09T05:45:18","guid":{"rendered":"https:\/\/espacetechnologie.ma\/product\/ecouteurs-sans-fil-bluetooth-avec-coque-protection-en-silicone\/"},"modified":"2025-08-03T07:12:24","modified_gmt":"2025-08-03T06:12:24","slug":"ecouteurs-sans-fil-bluetooth-avec-coque-protection-en-silicone","status":"publish","type":"product","link":"https:\/\/espacetechnologie.ma\/ar\/product\/ecouteurs-sans-fil-bluetooth-avec-coque-protection-en-silicone\/","title":{"rendered":"\u00c9couteurs sans fil Bluetooth avec Coque protection en silicone"},"content":{"rendered":"<p>Version Bluetooth: V5.3 EDR<br \/>\nCapacit\u00e9 de la batterie du bac de charge: 300mAh<br \/>\nCapacit\u00e9 de la batterie du casque: 30mAh<br \/>\nTemps de charge: 1-2H<br \/>\ntemps de veille: 400H<br \/>\nDur\u00e9e: 24 heures au total (coop\u00e9rer avec le bo\u00eetier de charge)<br \/>\nPuissance de sortie de la chambre de charge: 5V\/100mA<br \/>\nTemps de conversation: 5H<br \/>\nDistance de travail: 10-20m (ligne droite sans obstacle)<br \/>\nInterface de charge: Type-C<br \/>\nSp\u00e9cifications:<br \/>\nConnectez imm\u00e9diatement apr\u00e8s avoir ouvert le couvercle<br \/>\nQualit\u00e9 sonore HIFI<br \/>\nForte endurance<br \/>\nConfortable \u00e0 porter<br \/>\nFaible latence<br \/>\nUtilisation: veuillez lire attentivement le manuel du produit avant<br \/>\nVersion Bluetooth: V5.3 EDR<br \/>\nCapacit\u00e9 de la batterie du bac de charge: 300mAh<br \/>\nCapacit\u00e9 de la batterie du casque: 30mAh<br \/>\nTemps de charge: 1-2H<br \/>\ntemps de veille: 400H<br \/>\nDur\u00e9e: 24 heures au total (coop\u00e9rer avec le bo\u00eetier de charge)<\/p>","protected":false},"excerpt":{"rendered":"<p>Description de l&rsquo;article<br \/>\nLe paquet comprend:<br \/>\n2 * \u00e9couteur, 1 * partage de charge, 1 * lani\u00e8re en silicone color\u00e9e, 4 * Housse en silicone intra-auriculaire pour \u00e9couteurs, 1 * c\u00e2ble de donn\u00e9es, 1 * manuel d&rsquo;instructions.<\/p>","protected":false},"featured_media":6575,"comment_status":"open","ping_status":"closed","template":"","meta":{"event_title":"","event_details":"","event_timezone":"","event_gmap":"","event_image":"","event_image_url":"","event_calendar_link":"","event_location":"","event_datetime_with_summary":"","event_datetime":"","event_date_type":"","event_rulesummary":"","event_ticket_rsvp":"","_gspb_post_css":""},"product_brand":[],"product_cat":[107,109],"product_tag":[],"class_list":{"0":"post-6576","1":"product","2":"type-product","3":"status-publish","4":"has-post-thumbnail","6":"product_cat-audio","7":"product_cat-ecouteurs-sans-fil","9":"first","10":"instock","11":"sale","12":"shipping-taxable","13":"purchasable","14":"product-type-simple"},"jetpack_sharing_enabled":true,"_links":{"self":[{"href":"https:\/\/espacetechnologie.ma\/ar\/wp-json\/wp\/v2\/product\/6576","targetHints":{"allow":["GET"]}}],"collection":[{"href":"https:\/\/espacetechnologie.ma\/ar\/wp-json\/wp\/v2\/product"}],"about":[{"href":"https:\/\/espacetechnologie.ma\/ar\/wp-json\/wp\/v2\/types\/product"}],"replies":[{"embeddable":true,"href":"https:\/\/espacetechnologie.ma\/ar\/wp-json\/wp\/v2\/comments?post=6576"}],"wp:featuredmedia":[{"embeddable":true,"href":"https:\/\/espacetechnologie.ma\/ar\/wp-json\/wp\/v2\/media\/6575"}],"wp:attachment":[{"href":"https:\/\/espacetechnologie.ma\/ar\/wp-json\/wp\/v2\/media?parent=6576"}],"wp:term":[{"taxonomy":"product_brand","embeddable":true,"href":"https:\/\/espacetechnologie.ma\/ar\/wp-json\/wp\/v2\/product_brand?post=6576"},{"taxonomy":"product_cat","embeddable":true,"href":"https:\/\/espacetechnologie.ma\/ar\/wp-json\/wp\/v2\/product_cat?post=6576"},{"taxonomy":"product_tag","embeddable":true,"href":"https:\/\/espacetechnologie.ma\/ar\/wp-json\/wp\/v2\/product_tag?post=6576"}],"curies":[{"name":"wp","href":"https:\/\/api.w.org\/{rel}","templated":true}]}}