{"id":6569,"date":"2025-07-09T06:45:16","date_gmt":"2025-07-09T05:45:16","guid":{"rendered":"https:\/\/espacetechnologie.ma\/product\/support-de-telephone-portable-a-col-paresseux-pour-telephone-et-gopro\/"},"modified":"2025-08-03T07:47:54","modified_gmt":"2025-08-03T06:47:54","slug":"support-de-telephone-portable-a-col-paresseux-pour-telephone-et-gopro","status":"publish","type":"product","link":"https:\/\/espacetechnologie.ma\/ar\/product\/support-de-telephone-portable-a-col-paresseux-pour-telephone-et-gopro\/","title":{"rendered":"Support de t\u00e9l\u00e9phone portable \u00e0 col paresseux, pour T\u00e9l\u00e9phone et GoPro"},"content":{"rendered":"<p>Support de t\u00e9l\u00e9phone portable \u00e0 col paresseux mains libres pour t\u00e9l\u00e9phone portable et GoPro Yi Eken Sjcam accessoire<br \/>\nDescription:<br \/>\nConception mains libres: cet accessoire aide \u00e0 filmer ou \u00e0 photographier avec votre smartphone et vos cam\u00e9ras d&rsquo;action lorsque les mains sont occup\u00e9es. Vous pouvez facilement enregistrer tous les moments de la vie.<br \/>\nSupport de t\u00e9l\u00e9phone universel: la taille du clip est de 2.17 <\/p>","protected":false},"excerpt":{"rendered":"<p>Sp\u00e9cification:<br \/>\nCouleur: Noir<br \/>\nMat\u00e9riel: ABS<br \/>\nTaille: env. 180*140mm<br \/>\nGamme de clips de t\u00e9l\u00e9phone: 2.17 <\/p>","protected":false},"featured_media":6568,"comment_status":"open","ping_status":"closed","template":"","meta":{"event_title":"","event_details":"","event_timezone":"","event_gmap":"","event_image":"","event_image_url":"","event_calendar_link":"","event_location":"","event_datetime_with_summary":"","event_datetime":"","event_date_type":"","event_rulesummary":"","event_ticket_rsvp":"","_gspb_post_css":""},"product_brand":[],"product_cat":[90,82,84],"product_tag":[],"class_list":{"0":"post-6569","1":"product","2":"type-product","3":"status-publish","4":"has-post-thumbnail","6":"product_cat-autres-accessoires-smartphone","7":"product_cat-gadgets","8":"product_cat-smartphone","10":"first","11":"instock","12":"sale","13":"shipping-taxable","14":"purchasable","15":"product-type-simple"},"jetpack_sharing_enabled":true,"_links":{"self":[{"href":"https:\/\/espacetechnologie.ma\/ar\/wp-json\/wp\/v2\/product\/6569","targetHints":{"allow":["GET"]}}],"collection":[{"href":"https:\/\/espacetechnologie.ma\/ar\/wp-json\/wp\/v2\/product"}],"about":[{"href":"https:\/\/espacetechnologie.ma\/ar\/wp-json\/wp\/v2\/types\/product"}],"replies":[{"embeddable":true,"href":"https:\/\/espacetechnologie.ma\/ar\/wp-json\/wp\/v2\/comments?post=6569"}],"wp:featuredmedia":[{"embeddable":true,"href":"https:\/\/espacetechnologie.ma\/ar\/wp-json\/wp\/v2\/media\/6568"}],"wp:attachment":[{"href":"https:\/\/espacetechnologie.ma\/ar\/wp-json\/wp\/v2\/media?parent=6569"}],"wp:term":[{"taxonomy":"product_brand","embeddable":true,"href":"https:\/\/espacetechnologie.ma\/ar\/wp-json\/wp\/v2\/product_brand?post=6569"},{"taxonomy":"product_cat","embeddable":true,"href":"https:\/\/espacetechnologie.ma\/ar\/wp-json\/wp\/v2\/product_cat?post=6569"},{"taxonomy":"product_tag","embeddable":true,"href":"https:\/\/espacetechnologie.ma\/ar\/wp-json\/wp\/v2\/product_tag?post=6569"}],"curies":[{"name":"wp","href":"https:\/\/api.w.org\/{rel}","templated":true}]}}