{"id":6554,"date":"2025-07-09T06:45:14","date_gmt":"2025-07-09T05:45:14","guid":{"rendered":"https:\/\/espacetechnologie.ma\/product\/extender-hdmi-30m-transmitter-hdmi-1080p-over-cat6-rj45-cable-extender\/"},"modified":"2025-08-03T07:29:50","modified_gmt":"2025-08-03T06:29:50","slug":"extender-hdmi-30m-transmitter-hdmi-1080p-over-cat6-rj45-cable-extender","status":"publish","type":"product","link":"https:\/\/espacetechnologie.ma\/ar\/product\/extender-hdmi-30m-transmitter-hdmi-1080p-over-cat6-rj45-cable-extender\/","title":{"rendered":"Extender HDMI 30M Transmitter HDMI 1080P Over CAT6 RJ45 Cable-extender"},"content":{"rendered":"<p>Grwibeou \u2013 Extension HDMI jusqu&rsquo;\u00e0 30m sur CAT5e \/ 6 UTP LAN, Ports RJ45 LAN, c\u00e2ble Ethernet pour HDTV<br \/>\nCaract\u00e9ristique<br \/>\n1.100% neuf et de haute qualit\u00e9.<br \/>\nUne paire comme module fonctionnel complet, sans configuration requise.<br \/>\n2. Le c\u00e2ble CAT-5e \/ 6 peut remplacer le c\u00e2ble HDMI pour obtenir une transmission longue distance.<br \/>\n3. Suivez la norme IEEE-568B.<br \/>\n4. La distance de transmission peut aller jusqu&rsquo;\u00e0 30 m\u00e8tres \u00e0 1080P, 4K * 2K via le c\u00e2ble CAT-6.<br \/>\nSupport de remplacement \u00e0 chaud. Plug and play.<br \/>\n5. Affichage de signalisation jusqu&rsquo;\u00e0 2.5 Gbps en charge de l&rsquo;affichage 1080p.<br \/>\nCompatible avec HDCP.<br \/>\nDescription:<br \/>\nNom du produit: double prolongateur de r\u00e9seau<br \/>\nMat\u00e9riau du produit: ABS et m\u00e9tal<br \/>\nCouleur du produit: noir blanc<br \/>\nContenu de l&#8217;emballage:<br \/>\n1 paire x prolongateur HDMI (TX + RX)<\/p>\n<p>1 ce produit est en stock, vous pouvez le commander directement. Nous l&rsquo;exp\u00e9dierons dans les 24 heures<br \/>\n2 si vous avez des questions, n&rsquo;h\u00e9sitez pas \u00e0 nous contacter, nous ferons de notre mieux pour vous servir, merci<br \/>\nGrwibeou \u2013 Extension HDMI jusqu&rsquo;\u00e0 30m sur CAT5e \/ 6 UTP LAN, Ports RJ45 LAN, c\u00e2ble Ethernet pour HDTV<br \/>\nCaract\u00e9ristique<br \/>\n1.100% neuf et de haute qualit\u00e9.<br \/>\nUne paire comme module fonctionnel complet, sans configuration requise.<br \/>\n2. Le c\u00e2ble CAT-5e \/ 6 peut remplacer le c\u00e2ble HDMI pour obtenir une transmission longue distance.<br \/>\n3. Suivez la norme IEEE-568B.<br \/>\n4. La distance de transmission peut aller jusqu&rsquo;\u00e0 30 m\u00e8tres \u00e0 1080P, 4K * 2K via le c\u00e2ble CAT-6.<br \/>\nSupport de remplacement \u00e0 chaud. Plug and play.<br \/>\n5. Affichage de signalisation jusqu&rsquo;\u00e0 2.5 Gbps en charge de l&rsquo;affichage 1080p.<br \/>\nCompatible avec HDCP.<br \/>\nDescription:<br \/>\nNom du produit: double prolongateur de r\u00e9seau<br \/>\nMat\u00e9riau du produit: ABS et m\u00e9tal<br \/>\nCouleur du produit: noir blanc<br \/>\nContenu de l&#8217;emballage:<br \/>\n1 paire x prolongateur HDMI (TX + RX)<\/p>\n<p>1 ce produit est en stock, vous pouvez le commander directement. Nous l&rsquo;exp\u00e9dierons dans les 24 heures<br \/>\n2 si vous avez des questions, n&rsquo;h\u00e9sitez pas \u00e0 nous contacter, nous ferons de notre mieux pour vous servir, merci<\/p>","protected":false},"excerpt":{"rendered":"<p>1.100% neuf et de haute qualit\u00e9.<br \/>\nUne paire comme module fonctionnel complet, sans                                                                                                           configuration requise.<br \/>\n2. Le c\u00e2ble CAT-5e \/ 6 peut remplacer le c\u00e2ble HDMI pour obtenir une transmission longue distance.<br \/>\n3. Suivez la norme IEEE-568B.<br \/>\n4. La distance de transmission peut aller jusqu&rsquo;\u00e0 30 m\u00e8tres \u00e0 1080P, 4K * 2K via le c\u00e2ble CAT-6.<br \/>\nSupport de remplacement \u00e0 chaud. Plug and play.<br \/>\n5. Affichage de signalisation jusqu&rsquo;\u00e0 2.5 Gbps en charge de l&rsquo;affichage 1080p.<br \/>\nCompatible avec HDCP.<\/p>","protected":false},"featured_media":6553,"comment_status":"open","ping_status":"closed","template":"","meta":{"event_title":"","event_details":"","event_timezone":"","event_gmap":"","event_image":"","event_image_url":"","event_calendar_link":"","event_location":"","event_datetime_with_summary":"","event_datetime":"","event_date_type":"","event_rulesummary":"","event_ticket_rsvp":"","_gspb_post_css":""},"product_brand":[],"product_cat":[125,82,123],"product_tag":[],"class_list":{"0":"post-6554","1":"product","2":"type-product","3":"status-publish","4":"has-post-thumbnail","6":"product_cat-autres-accessoires-tv","7":"product_cat-gadgets","8":"product_cat-tv","10":"first","11":"instock","12":"sale","13":"shipping-taxable","14":"purchasable","15":"product-type-simple"},"jetpack_sharing_enabled":true,"_links":{"self":[{"href":"https:\/\/espacetechnologie.ma\/ar\/wp-json\/wp\/v2\/product\/6554","targetHints":{"allow":["GET"]}}],"collection":[{"href":"https:\/\/espacetechnologie.ma\/ar\/wp-json\/wp\/v2\/product"}],"about":[{"href":"https:\/\/espacetechnologie.ma\/ar\/wp-json\/wp\/v2\/types\/product"}],"replies":[{"embeddable":true,"href":"https:\/\/espacetechnologie.ma\/ar\/wp-json\/wp\/v2\/comments?post=6554"}],"wp:featuredmedia":[{"embeddable":true,"href":"https:\/\/espacetechnologie.ma\/ar\/wp-json\/wp\/v2\/media\/6553"}],"wp:attachment":[{"href":"https:\/\/espacetechnologie.ma\/ar\/wp-json\/wp\/v2\/media?parent=6554"}],"wp:term":[{"taxonomy":"product_brand","embeddable":true,"href":"https:\/\/espacetechnologie.ma\/ar\/wp-json\/wp\/v2\/product_brand?post=6554"},{"taxonomy":"product_cat","embeddable":true,"href":"https:\/\/espacetechnologie.ma\/ar\/wp-json\/wp\/v2\/product_cat?post=6554"},{"taxonomy":"product_tag","embeddable":true,"href":"https:\/\/espacetechnologie.ma\/ar\/wp-json\/wp\/v2\/product_tag?post=6554"}],"curies":[{"name":"wp","href":"https:\/\/api.w.org\/{rel}","templated":true}]}}