{"id":6549,"date":"2025-07-09T06:45:13","date_gmt":"2025-07-09T05:45:13","guid":{"rendered":"https:\/\/espacetechnologie.ma\/product\/chargeur-pour-apple-watch-cable-de-charge-magnetique-charger\/"},"modified":"2025-08-03T07:12:39","modified_gmt":"2025-08-03T06:12:39","slug":"chargeur-pour-apple-watch-cable-de-charge-magnetique-charger","status":"publish","type":"product","link":"https:\/\/espacetechnologie.ma\/ar\/product\/chargeur-pour-apple-watch-cable-de-charge-magnetique-charger\/","title":{"rendered":"Chargeur pour Apple Watch &#8211; C\u00e2ble de charge magn\u00e9tique charger"},"content":{"rendered":"<p>Charge inductive avec c\u00e2ble de charge magn\u00e9tique: maintenez simplement le connecteur pr\u00e8s de l&rsquo;arri\u00e8re de la montre et l&rsquo;aimant sera automatiquement r\u00e9gl\u00e9 correctement. Le processus de charge commence automatiquement.<br \/>\nUne fois que l&rsquo;horloge est compl\u00e8tement charg\u00e9e, la charge se termine automatiquement. Votre Apple Watch est prot\u00e9g\u00e9e contre la surcharge et le chauffage.<br \/>\nTemps de chargement court: env. 2,5 heures pour Apple Watch Models Series 1\/2\/3;env.4 heures pour Apple Watch Models Series 4;<br \/>\nStation de charge l\u00e9g\u00e8re et pratique avec un diam\u00e8tre de \u00d8 27mm \u00d7 8mm. Le traitement de haute qualit\u00e9 et la conception robuste facilitent le transport<br \/>\nCompatibilit\u00e9: Pour tous les mod\u00e8les Apple Watch. Mod\u00e8les Apple Watch s\u00e9ries 1\/2\/3\/4\/5\/6, Apple Watch Sport, Apple Watch Nike +, Apple Watch Herm\u00e8s, \u00c9dition Apple Watch.<\/p>","protected":false},"excerpt":{"rendered":"<p>Charge inductive avec c\u00e2ble de charge magn\u00e9tique: maintenez simplement le connecteur pr\u00e8s de l&rsquo;arri\u00e8re de la montre et l&rsquo;aimant sera automatiquement r\u00e9gl\u00e9 correctement. Le processus de charge commence automatiquement. Une fois que l&rsquo;horloge est compl\u00e8tement charg\u00e9e, la charge se termine automatiquement. Votre Apple Watch est prot\u00e9g\u00e9e contre la surcharge et le chauffage. Temps de chargement [&hellip;]<\/p>\n","protected":false},"featured_media":6548,"comment_status":"open","ping_status":"closed","template":"","meta":{"event_title":"","event_details":"","event_timezone":"","event_gmap":"","event_image":"","event_image_url":"","event_calendar_link":"","event_location":"","event_datetime_with_summary":"","event_datetime":"","event_date_type":"","event_rulesummary":"","event_ticket_rsvp":"","_gspb_post_css":""},"product_brand":[],"product_cat":[94,91],"product_tag":[],"class_list":{"0":"post-6549","1":"product","2":"type-product","3":"status-publish","4":"has-post-thumbnail","6":"product_cat-chargeurs-smartwatch","7":"product_cat-smartwatch","9":"first","10":"instock","11":"sale","12":"shipping-taxable","13":"purchasable","14":"product-type-simple"},"jetpack_sharing_enabled":true,"_links":{"self":[{"href":"https:\/\/espacetechnologie.ma\/ar\/wp-json\/wp\/v2\/product\/6549","targetHints":{"allow":["GET"]}}],"collection":[{"href":"https:\/\/espacetechnologie.ma\/ar\/wp-json\/wp\/v2\/product"}],"about":[{"href":"https:\/\/espacetechnologie.ma\/ar\/wp-json\/wp\/v2\/types\/product"}],"replies":[{"embeddable":true,"href":"https:\/\/espacetechnologie.ma\/ar\/wp-json\/wp\/v2\/comments?post=6549"}],"wp:featuredmedia":[{"embeddable":true,"href":"https:\/\/espacetechnologie.ma\/ar\/wp-json\/wp\/v2\/media\/6548"}],"wp:attachment":[{"href":"https:\/\/espacetechnologie.ma\/ar\/wp-json\/wp\/v2\/media?parent=6549"}],"wp:term":[{"taxonomy":"product_brand","embeddable":true,"href":"https:\/\/espacetechnologie.ma\/ar\/wp-json\/wp\/v2\/product_brand?post=6549"},{"taxonomy":"product_cat","embeddable":true,"href":"https:\/\/espacetechnologie.ma\/ar\/wp-json\/wp\/v2\/product_cat?post=6549"},{"taxonomy":"product_tag","embeddable":true,"href":"https:\/\/espacetechnologie.ma\/ar\/wp-json\/wp\/v2\/product_tag?post=6549"}],"curies":[{"name":"wp","href":"https:\/\/api.w.org\/{rel}","templated":true}]}}