{"id":6545,"date":"2025-07-09T06:45:13","date_gmt":"2025-07-09T05:45:13","guid":{"rendered":"https:\/\/espacetechnologie.ma\/product\/cable-hdmi-2-1-8k-60hz-48gbps-3m\/"},"modified":"2025-10-23T00:16:33","modified_gmt":"2025-10-22T23:16:33","slug":"cable-hdmi-2-1-8k-60hz-48gbps-3m","status":"publish","type":"product","link":"https:\/\/espacetechnologie.ma\/ar\/product\/cable-hdmi-2-1-8k-60hz-48gbps-3m\/","title":{"rendered":"C\u00e2ble HDMI 2.1 8K 60Hz 48Gbps, (3m)"},"content":{"rendered":"<p>Longueur du c\u00e2ble: 3m\/5m<br \/>\nC\u00e2ble HDMI Ultra haute vitesse certifi\u00e9 (avec autocollant holographique)<br \/>\nBande passante de 48 gbit\/s pour les derni\u00e8res fonctionnalit\u00e9s HDR, HDCP 2.2 &#038; 2.3, DTS:X, Dolby surround s, Dolby Vision<br \/>\n8K60Hz, 4K120Hz dynamique HDR, eARC, ALLM, QFT, QMS, VRR<br \/>\nR\u00e9trocompatible avec les versions ant\u00e9rieures de HDMI (HDMI20\/1.4\/1.2\/1.1\/1.0) et peut \u00eatre utilis\u00e9 avec tous les p\u00e9riph\u00e9riques HDMI.<br \/>\nStabilit\u00e9 de la transmission<br \/>\nMat\u00e9riaux de haute qualit\u00e9, sans perte de qualit\u00e9 de son et d&rsquo;image<br \/>\nPlusieurs couches de blindage et un connecteur plaqu\u00e9 or r\u00e9sistant \u00e0 la corrosion<br \/>\nLongueur 3 m\u00e8tres<br \/>\nC\u00e2ble Fil Lignes pour Moniteur PS3\/PS4\/\u00a0PS5\/\u00a0Projecteur Ordinateur<\/p>","protected":false},"excerpt":{"rendered":"<p>HDMI C\u00e2bles 8K UHD\u00a0 120Hz 48Gbps Ultra Haute Vitesse 6.6ft HDMI 2.1 C\u00e2ble Fil Lignes pour Moniteur PS3 Projecteur Ordinateur<br \/>\nSur ce point<br \/>\nLongueur du c\u00e2ble: 3m\/5m<br \/>\nC\u00e2ble HDMI Ultra haute vitesse certifi\u00e9 (avec autocollant holographique)<br \/>\nBande passante de 48 gbit\/s pour les derni\u00e8res fonctionnalit\u00e9s HDR, HDCP 2.2 &#038; 2.3, DTS:X, Dolby surround s, Dolby Vision<br \/>\n8K60Hz, 4K120Hz dynamique HDR, eARC, ALLM, QFT, QMS, VRR<br \/>\nR\u00e9trocompatible avec les versions ant\u00e9rieures de HDMI (HDMI20\/1.4\/1.2\/1.1\/1.0) et peut \u00eatre utilis\u00e9 avec tous les p\u00e9riph\u00e9riques HDMI.<\/p>","protected":false},"featured_media":6544,"comment_status":"open","ping_status":"closed","template":"","meta":{"event_title":"","event_details":"","event_timezone":"","event_gmap":"","event_image":"","event_image_url":"","event_calendar_link":"","event_location":"","event_datetime_with_summary":"","event_datetime":"","event_date_type":"","event_rulesummary":"","event_ticket_rsvp":"","_gspb_post_css":""},"product_brand":[],"product_cat":[124,123],"product_tag":[],"class_list":{"0":"post-6545","1":"product","2":"type-product","3":"status-publish","4":"has-post-thumbnail","6":"product_cat-cables-tv","7":"product_cat-tv","9":"first","10":"instock","11":"sale","12":"featured","13":"shipping-taxable","14":"purchasable","15":"product-type-simple"},"jetpack_sharing_enabled":true,"_links":{"self":[{"href":"https:\/\/espacetechnologie.ma\/ar\/wp-json\/wp\/v2\/product\/6545","targetHints":{"allow":["GET"]}}],"collection":[{"href":"https:\/\/espacetechnologie.ma\/ar\/wp-json\/wp\/v2\/product"}],"about":[{"href":"https:\/\/espacetechnologie.ma\/ar\/wp-json\/wp\/v2\/types\/product"}],"replies":[{"embeddable":true,"href":"https:\/\/espacetechnologie.ma\/ar\/wp-json\/wp\/v2\/comments?post=6545"}],"wp:featuredmedia":[{"embeddable":true,"href":"https:\/\/espacetechnologie.ma\/ar\/wp-json\/wp\/v2\/media\/6544"}],"wp:attachment":[{"href":"https:\/\/espacetechnologie.ma\/ar\/wp-json\/wp\/v2\/media?parent=6545"}],"wp:term":[{"taxonomy":"product_brand","embeddable":true,"href":"https:\/\/espacetechnologie.ma\/ar\/wp-json\/wp\/v2\/product_brand?post=6545"},{"taxonomy":"product_cat","embeddable":true,"href":"https:\/\/espacetechnologie.ma\/ar\/wp-json\/wp\/v2\/product_cat?post=6545"},{"taxonomy":"product_tag","embeddable":true,"href":"https:\/\/espacetechnologie.ma\/ar\/wp-json\/wp\/v2\/product_tag?post=6545"}],"curies":[{"name":"wp","href":"https:\/\/api.w.org\/{rel}","templated":true}]}}