{"id":6539,"date":"2025-07-09T06:45:12","date_gmt":"2025-07-09T05:45:12","guid":{"rendered":"https:\/\/espacetechnologie.ma\/product\/%d8%ad%d8%a7%d9%85%d9%84-%d9%85%d9%8a%d9%83%d8%b1%d9%88%d9%81%d9%88%d9%86-%d9%85%d9%83%d8%aa%d8%a8%d9%8a-%d8%ab%d8%a7%d8%a8%d8%aa-%d9%85%d8%b9-%d9%82%d8%a7%d8%b9%d8%af%d8%a9-%d8%ad%d8%af%d9%8a%d8%af\/"},"modified":"2025-08-03T07:44:12","modified_gmt":"2025-08-03T06:44:12","slug":"%d8%ad%d8%a7%d9%85%d9%84-%d9%85%d9%8a%d9%83%d8%b1%d9%88%d9%81%d9%88%d9%86-%d9%85%d9%83%d8%aa%d8%a8%d9%8a-%d8%ab%d8%a7%d8%a8%d8%aa-%d9%85%d8%b9-%d9%82%d8%a7%d8%b9%d8%af%d8%a9-%d8%ad%d8%af%d9%8a%d8%af","status":"publish","type":"product","link":"https:\/\/espacetechnologie.ma\/ar\/product\/%d8%ad%d8%a7%d9%85%d9%84-%d9%85%d9%8a%d9%83%d8%b1%d9%88%d9%81%d9%88%d9%86-%d9%85%d9%83%d8%aa%d8%a8%d9%8a-%d8%ab%d8%a7%d8%a8%d8%aa-%d9%85%d8%b9-%d9%82%d8%a7%d8%b9%d8%af%d8%a9-%d8%ad%d8%af%d9%8a%d8%af\/","title":{"rendered":"\u062d\u0627\u0645\u0644 \u0645\u064a\u0643\u0631\u0648\u0641\u0648\u0646 \u0645\u0643\u062a\u0628\u064a \u062b\u0627\u0628\u062a \u0645\u0639 \u0642\u0627\u0639\u062f\u0629 \u062d\u062f\u064a\u062f"},"content":{"rendered":"<p>\u0628\u0641\u0636\u0644 \u062a\u0639\u062f\u064a\u0644 \u0627\u0644\u0627\u0631\u062a\u0641\u0627\u0639 \u0627\u0644\u0628\u0633\u064a\u0637 \u0648\u0627\u0644\u0623\u0628\u0639\u0627\u062f \u0627\u0644\u0635\u063a\u064a\u0631\u0629 \u060c \u064a\u0639\u062f \u062d\u0627\u0645\u0644 \u0627\u0644\u0637\u0627\u0648\u0644\u0629 \u0645\u062b\u0627\u0644\u064a\u064b\u0627 \u0644\u0644\u0642\u0631\u0627\u0621\u0627\u062a \u0648\u0627\u0644\u062e\u0637\u0628 \u0648\u0627\u0644\u0628\u0648\u062f\u0643\u0627\u0633\u062a \u0648\u0627\u0644\u062a\u0633\u062c\u064a\u0644\u0627\u062a \u0627\u0644\u0635\u0648\u062a\u064a\u0629 \u0627\u0644\u0623\u062e\u0631\u0649.<br \/>\nr\u00e9glable en hauteur de 15 \u00e0 22,5 cm<br \/>\ndiam\u00e8tre socle: 104 mm, fixation rapide<br \/>\npince de microphone, filetage de 3\/8<\/p>","protected":false},"excerpt":{"rendered":"<p>\u0628\u0641\u0636\u0644 \u062a\u0639\u062f\u064a\u0644 \u0627\u0644\u0627\u0631\u062a\u0641\u0627\u0639 \u0627\u0644\u0628\u0633\u064a\u0637 \u0648\u0627\u0644\u0623\u0628\u0639\u0627\u062f \u0627\u0644\u0635\u063a\u064a\u0631\u0629 \u060c \u064a\u0639\u062f \u062d\u0627\u0645\u0644 \u0627\u0644\u0637\u0627\u0648\u0644\u0629 \u0645\u062b\u0627\u0644\u064a\u064b\u0627 \u0644\u0644\u0642\u0631\u0627\u0621\u0627\u062a \u0648\u0627\u0644\u062e\u0637\u0628 \u0648\u0627\u0644\u0628\u0648\u062f\u0643\u0627\u0633\u062a \u0648\u0627\u0644\u062a\u0633\u062c\u064a\u0644\u0627\u062a \u0627\u0644\u0635\u0648\u062a\u064a\u0629 \u0627\u0644\u0623\u062e\u0631\u0649. r\u00e9glable en hauteur de 15 \u00e0 22,5 cm diam\u00e8tre socle: 104 mm, fixation rapide pince de microphone, filetage de 3\/8<\/p>","protected":false},"featured_media":6538,"comment_status":"open","ping_status":"closed","template":"","meta":{"event_title":"","event_details":"","event_timezone":"","event_gmap":"","event_image":"","event_image_url":"","event_calendar_link":"","event_location":"","event_datetime_with_summary":"","event_datetime":"","event_date_type":"","event_rulesummary":"","event_ticket_rsvp":"","_gspb_post_css":""},"product_brand":[],"product_cat":[107,111],"product_tag":[],"class_list":{"0":"post-6539","1":"product","2":"type-product","3":"status-publish","4":"has-post-thumbnail","6":"product_cat-audio","7":"product_cat-microphones","9":"first","10":"instock","11":"sale","12":"shipping-taxable","13":"purchasable","14":"product-type-simple"},"jetpack_sharing_enabled":true,"_links":{"self":[{"href":"https:\/\/espacetechnologie.ma\/ar\/wp-json\/wp\/v2\/product\/6539","targetHints":{"allow":["GET"]}}],"collection":[{"href":"https:\/\/espacetechnologie.ma\/ar\/wp-json\/wp\/v2\/product"}],"about":[{"href":"https:\/\/espacetechnologie.ma\/ar\/wp-json\/wp\/v2\/types\/product"}],"replies":[{"embeddable":true,"href":"https:\/\/espacetechnologie.ma\/ar\/wp-json\/wp\/v2\/comments?post=6539"}],"wp:featuredmedia":[{"embeddable":true,"href":"https:\/\/espacetechnologie.ma\/ar\/wp-json\/wp\/v2\/media\/6538"}],"wp:attachment":[{"href":"https:\/\/espacetechnologie.ma\/ar\/wp-json\/wp\/v2\/media?parent=6539"}],"wp:term":[{"taxonomy":"product_brand","embeddable":true,"href":"https:\/\/espacetechnologie.ma\/ar\/wp-json\/wp\/v2\/product_brand?post=6539"},{"taxonomy":"product_cat","embeddable":true,"href":"https:\/\/espacetechnologie.ma\/ar\/wp-json\/wp\/v2\/product_cat?post=6539"},{"taxonomy":"product_tag","embeddable":true,"href":"https:\/\/espacetechnologie.ma\/ar\/wp-json\/wp\/v2\/product_tag?post=6539"}],"curies":[{"name":"wp","href":"https:\/\/api.w.org\/{rel}","templated":true}]}}