{"id":6532,"date":"2025-07-09T06:45:11","date_gmt":"2025-07-09T05:45:11","guid":{"rendered":"https:\/\/espacetechnologie.ma\/product\/coque-pour-ordinateur-portable-pour-macbook-air-13-a2337-m1-a2179-pro-13-a2338-a2289-mac-air-pro-13-3-touch-bar-id-a1932-a1466-a2159-2021\/"},"modified":"2025-08-02T15:18:09","modified_gmt":"2025-08-02T14:18:09","slug":"coque-pour-ordinateur-portable-pour-macbook-air-13-a2337-m1-a2179-pro-13-a2338-a2289-mac-air-pro-13-3-touch-bar-id-a1932-a1466-a2159-2021","status":"publish","type":"product","link":"https:\/\/espacetechnologie.ma\/ar\/product\/coque-pour-ordinateur-portable-pour-macbook-air-13-a2337-m1-a2179-pro-13-a2338-a2289-mac-air-pro-13-3-touch-bar-id-a1932-a1466-a2159-2021\/","title":{"rendered":"Coque pour ordinateur portable pour Macbook Air 13, A2337, M1, A2179, Pro 13, A2338, A2289, Mac Air Pro 13.3, Touch Bar ID, A1932, A1466, A2159, 2021"},"content":{"rendered":"<p>1: trouver le d\u00e9but de laUN&#8230;..?Lettre au dos du pour Macbook<br \/>\n2: trouvez votre mod\u00e8le<br \/>\n3: choisissez d&rsquo;acheter les bons produits.<br \/>\n4: si vous ne comprenez rien, veuillez nous contacter<br \/>\n5: nous pouvons vous aider<\/p>","protected":false},"excerpt":{"rendered":"<p>Attention:Si vous n&rsquo;\u00eates pas s\u00fbr de la taille, veuillez v\u00e9rifier le dos de votre mcbook, vous pouvez voir le mod\u00e8le (Axxxx) imprim\u00e9 l\u00e0,<br \/>\nEt puis vous pouvez choisir la bonne couverture pour votre mcbook avec le tableau de comparaison suivant, ou nous contacter, nous aimerions vous aider.<\/p>","protected":false},"featured_media":6531,"comment_status":"open","ping_status":"closed","template":"","meta":{"event_title":"","event_details":"","event_timezone":"","event_gmap":"","event_image":"","event_image_url":"","event_calendar_link":"","event_location":"","event_datetime_with_summary":"","event_datetime":"","event_date_type":"","event_rulesummary":"","event_ticket_rsvp":"","_gspb_post_css":""},"product_brand":[],"product_cat":[98,96],"product_tag":[],"class_list":{"0":"post-6532","1":"product","2":"type-product","3":"status-publish","4":"has-post-thumbnail","6":"product_cat-housses-et-sacs","7":"product_cat-pc","9":"first","10":"instock","11":"sale","12":"shipping-taxable","13":"purchasable","14":"product-type-simple"},"jetpack_sharing_enabled":true,"_links":{"self":[{"href":"https:\/\/espacetechnologie.ma\/ar\/wp-json\/wp\/v2\/product\/6532","targetHints":{"allow":["GET"]}}],"collection":[{"href":"https:\/\/espacetechnologie.ma\/ar\/wp-json\/wp\/v2\/product"}],"about":[{"href":"https:\/\/espacetechnologie.ma\/ar\/wp-json\/wp\/v2\/types\/product"}],"replies":[{"embeddable":true,"href":"https:\/\/espacetechnologie.ma\/ar\/wp-json\/wp\/v2\/comments?post=6532"}],"wp:featuredmedia":[{"embeddable":true,"href":"https:\/\/espacetechnologie.ma\/ar\/wp-json\/wp\/v2\/media\/6531"}],"wp:attachment":[{"href":"https:\/\/espacetechnologie.ma\/ar\/wp-json\/wp\/v2\/media?parent=6532"}],"wp:term":[{"taxonomy":"product_brand","embeddable":true,"href":"https:\/\/espacetechnologie.ma\/ar\/wp-json\/wp\/v2\/product_brand?post=6532"},{"taxonomy":"product_cat","embeddable":true,"href":"https:\/\/espacetechnologie.ma\/ar\/wp-json\/wp\/v2\/product_cat?post=6532"},{"taxonomy":"product_tag","embeddable":true,"href":"https:\/\/espacetechnologie.ma\/ar\/wp-json\/wp\/v2\/product_tag?post=6532"}],"curies":[{"name":"wp","href":"https:\/\/api.w.org\/{rel}","templated":true}]}}