{"id":6527,"date":"2025-07-09T06:45:10","date_gmt":"2025-07-09T05:45:10","guid":{"rendered":"https:\/\/espacetechnologie.ma\/product\/pistolet-de-fascia-portable-pour-massage-des-tissus-profonds\/"},"modified":"2025-10-23T00:16:47","modified_gmt":"2025-10-22T23:16:47","slug":"pistolet-de-fascia-portable-pour-massage-des-tissus-profonds","status":"publish","type":"product","link":"https:\/\/espacetechnologie.ma\/ar\/product\/pistolet-de-fascia-portable-pour-massage-des-tissus-profonds\/","title":{"rendered":"Pistolet de fascia Portable pour massage des tissus profonds"},"content":{"rendered":"<p>Grande vitesseLe 3200 RPM est suffisant pour r\u00e9pondre aux besoins de toute foule. Abut le corps est petit, la force ne diminue pas.<br \/>\nMini portabilit\u00e9 Mini l\u00e9ger, facile \u00e0 transporter avec vous<br \/>\nFaible bruit Le design du bruit est inf\u00e9rieur \u00e0 44 dB, qui est proche de la sortie silencieuse et n&rsquo;affecte pas le repos d&rsquo;autres.<br \/>\nPuces intelligentes La puce de contr\u00f4le intelligente reconna\u00eet rapidement et agilement vos actions et modifier rapidement la force d&rsquo;impact.<\/p>","protected":false},"excerpt":{"rendered":"<p>mini appareil de massage l\u00e9ger \u00e0 vitesse r\u00e9glable, adapt\u00e9 au massage complet du corp<\/p>","protected":false},"featured_media":6526,"comment_status":"open","ping_status":"closed","template":"","meta":{"event_title":"","event_details":"","event_timezone":"","event_gmap":"","event_image":"","event_image_url":"","event_calendar_link":"","event_location":"","event_datetime_with_summary":"","event_datetime":"","event_date_type":"","event_rulesummary":"","event_ticket_rsvp":"","_gspb_post_css":""},"product_brand":[],"product_cat":[82,130],"product_tag":[],"class_list":{"0":"post-6527","1":"product","2":"type-product","3":"status-publish","4":"has-post-thumbnail","6":"product_cat-gadgets","7":"product_cat-maison","9":"first","10":"instock","11":"sale","12":"featured","13":"shipping-taxable","14":"purchasable","15":"product-type-simple"},"jetpack_sharing_enabled":true,"_links":{"self":[{"href":"https:\/\/espacetechnologie.ma\/ar\/wp-json\/wp\/v2\/product\/6527","targetHints":{"allow":["GET"]}}],"collection":[{"href":"https:\/\/espacetechnologie.ma\/ar\/wp-json\/wp\/v2\/product"}],"about":[{"href":"https:\/\/espacetechnologie.ma\/ar\/wp-json\/wp\/v2\/types\/product"}],"replies":[{"embeddable":true,"href":"https:\/\/espacetechnologie.ma\/ar\/wp-json\/wp\/v2\/comments?post=6527"}],"wp:featuredmedia":[{"embeddable":true,"href":"https:\/\/espacetechnologie.ma\/ar\/wp-json\/wp\/v2\/media\/6526"}],"wp:attachment":[{"href":"https:\/\/espacetechnologie.ma\/ar\/wp-json\/wp\/v2\/media?parent=6527"}],"wp:term":[{"taxonomy":"product_brand","embeddable":true,"href":"https:\/\/espacetechnologie.ma\/ar\/wp-json\/wp\/v2\/product_brand?post=6527"},{"taxonomy":"product_cat","embeddable":true,"href":"https:\/\/espacetechnologie.ma\/ar\/wp-json\/wp\/v2\/product_cat?post=6527"},{"taxonomy":"product_tag","embeddable":true,"href":"https:\/\/espacetechnologie.ma\/ar\/wp-json\/wp\/v2\/product_tag?post=6527"}],"curies":[{"name":"wp","href":"https:\/\/api.w.org\/{rel}","templated":true}]}}