{"id":6522,"date":"2025-07-09T06:45:09","date_gmt":"2025-07-09T05:45:09","guid":{"rendered":"https:\/\/espacetechnologie.ma\/product\/candc-%d9%85%d9%8a%d9%83%d8%b1%d9%88%d9%81%d9%88%d9%86-%d9%85%d9%83%d8%ab%d9%81-%d9%84%d9%84%d9%83%d8%a7%d9%85%d9%8a%d8%b1%d8%a7-%d9%88%d8%a7%d9%84%d8%ad%d8%a7%d8%b3%d9%88%d8%a8-%d9%88%d8%a7\/"},"modified":"2025-08-03T07:53:24","modified_gmt":"2025-08-03T06:53:24","slug":"candc-%d9%85%d9%8a%d9%83%d8%b1%d9%88%d9%81%d9%88%d9%86-%d9%85%d9%83%d8%ab%d9%81-%d9%84%d9%84%d9%83%d8%a7%d9%85%d9%8a%d8%b1%d8%a7-%d9%88%d8%a7%d9%84%d8%ad%d8%a7%d8%b3%d9%88%d8%a8-%d9%88%d8%a7","status":"publish","type":"product","link":"https:\/\/espacetechnologie.ma\/ar\/product\/candc-%d9%85%d9%8a%d9%83%d8%b1%d9%88%d9%81%d9%88%d9%86-%d9%85%d9%83%d8%ab%d9%81-%d9%84%d9%84%d9%83%d8%a7%d9%85%d9%8a%d8%b1%d8%a7-%d9%88%d8%a7%d9%84%d8%ad%d8%a7%d8%b3%d9%88%d8%a8-%d9%88%d8%a7\/","title":{"rendered":"Candc \u0645\u064a\u0643\u0631\u0648\u0641\u0648\u0646 \u0645\u0643\u062b\u0641 \u200f\u0644\u0644\u0643\u0627\u0645\u064a\u0631\u0627 \u0648\u0627\u0644\u062d\u0627\u0633\u0648\u0628 \u0648\u0627\u0644\u0647\u0627\u062a\u0641"},"content":{"rendered":"<p>Prise jack 3,5mm, pour iphone, ipad, certains appareils Android, ordinateur et haut-parleur.<br \/>\nHaute sensibilit\u00e9, haute dynamique, r\u00e9ponse en fr\u00e9quence large.<br \/>\nLe clip rotatif \u00e0 360 \u00b0 vous permet de le clipser facilement sur votre col, votre cravate ou votre poche.<br \/>\nUn capuchon en mousse prot\u00e8ge votre micro du bruit du vent et des crachats.<br \/>\nPortable et exquis, le c\u00e2ble mesure environ 1,5 m Id\u00e9al pour l&rsquo;enregistrement audio, vid\u00e9o et le micro mains libres.\u00a0 Avec un petit sac pour ranger et transporter le micro.<br \/>\nmini micro-cravate professionnel en m\u00e9tal ferreux, adapt\u00e9 aux t\u00e9l\u00e9phones mobiles, ordinateurs, tels que: iPhone, t\u00e9l\u00e9phones Android et autres appareils.<br \/>\nInterface : standard \u00e9quip\u00e9 de fiches droites plaqu\u00e9es or de 3,5 mm 4. Microphone : -30db \u00b1 2db, microphone professionnel pour t\u00e9l\u00e9phone portable 5.<br \/>\nPoids du produit : environ 30 g mini microphone\u00a0 qui se clipse sur votre chemise.\u00a0 Convient pour les jeux, le chat en direct et les flux en direct.\u00a0 Pour \u00e9couter de la musique, vous devez brancher votre \u00e9couteur \u00e0 port auxiliaire 3,5 mm au port auxiliaire du mini microphone.<\/p>","protected":false},"excerpt":{"rendered":"<p>\u0645\u064a\u0643\u0631\u0648\u0641\u0648\u0646 \u0635\u063a\u064a\u0631 \u064a\u062a\u0645 \u062a\u062b\u0628\u064a\u062a\u0647 \u0639\u0644\u0649 \u0642\u0645\u064a\u0635\u0643.\u00a0 Sultable \u0644\u0644\u0623\u0644\u0639\u0627\u0628 \u060c \u062e\u0645\u0633 \u0645\u062d\u0627\u062f\u062b\u0629 \u0648\u0628\u062b \u0645\u0628\u0627\u0634\u0631.\u00a0 \u0644\u0644\u0627\u0633\u062a\u0645\u0627\u0639 \u0625\u0644\u0649 \u0627\u0644\u0645\u0648\u0633\u064a\u0642\u0649 \u060c \u064a\u062c\u0628 \u0639\u0644\u064a\u0643 \u062a\u0648\u0635\u064a\u0644 \u0633\u0645\u0627\u0639\u0629 \u0623\u0630\u0646 Aux \u0645\u0642\u0627\u0633 3.5 \u0645\u0645 \u0628\u0645\u0646\u0641\u0630 Aux \u0641\u064a \u0627\u0644\u0645\u064a\u0643\u0631\u0648\u0641\u0648\u0646 \u0627\u0644\u0635\u063a\u064a\u0631.\u00a0 \u062d\u0633\u0627\u0633\u064a\u0629 \u0639\u0627\u0644\u064a\u0629 \u060c \u062f\u064a\u0646\u0627\u0645\u064a\u0643\u064a\u0629 \u0639\u0627\u0644\u064a\u0629 \u060c \u0627\u0633\u062a\u062c\u0627\u0628\u0629 \u0648\u0627\u0633\u0639\u0629 \u0627\u0644\u062a\u0631\u062f\u062f.\u00a0 \u0645\u0634\u0628\u0643 \u062f\u0648\u0627\u0631 360 \u062f\u0631\u062c\u0629 \u064a\u0633\u0645\u062d \u0644\u0643 \u0628\u0633\u0647\u0648\u0644\u0629 \u0642\u0635\u0647 \u062d\u0648\u0644 \u0627\u0644\u064a\u0627\u0642\u0629 \u0623\u0648 \u0631\u0628\u0637\u0629 \u0627\u0644\u0639\u0646\u0642 \u0623\u0648 \u0627\u0644\u062c\u064a\u0628.\u00a0 \u063a\u0637\u0627\u0621 \u0641\u0648\u0645 \u064a\u062d\u0645\u064a \u0627\u0644\u0645\u064a\u0643\u0631\u0648\u0641\u0648\u0646 \u0645\u0646 \u0636\u0648\u0636\u0627\u0621 \u0627\u0644\u0631\u064a\u0627\u062d \u0648\u0627\u0644\u0628\u0635\u0627\u0642.<\/p>","protected":false},"featured_media":6521,"comment_status":"open","ping_status":"closed","template":"","meta":{"event_title":"","event_details":"","event_timezone":"","event_gmap":"","event_image":"","event_image_url":"","event_calendar_link":"","event_location":"","event_datetime_with_summary":"","event_datetime":"","event_date_type":"","event_rulesummary":"","event_ticket_rsvp":"","_gspb_post_css":""},"product_brand":[],"product_cat":[107,111],"product_tag":[],"class_list":{"0":"post-6522","1":"product","2":"type-product","3":"status-publish","4":"has-post-thumbnail","6":"product_cat-audio","7":"product_cat-microphones","9":"first","10":"instock","11":"sale","12":"shipping-taxable","13":"purchasable","14":"product-type-simple"},"jetpack_sharing_enabled":true,"_links":{"self":[{"href":"https:\/\/espacetechnologie.ma\/ar\/wp-json\/wp\/v2\/product\/6522","targetHints":{"allow":["GET"]}}],"collection":[{"href":"https:\/\/espacetechnologie.ma\/ar\/wp-json\/wp\/v2\/product"}],"about":[{"href":"https:\/\/espacetechnologie.ma\/ar\/wp-json\/wp\/v2\/types\/product"}],"replies":[{"embeddable":true,"href":"https:\/\/espacetechnologie.ma\/ar\/wp-json\/wp\/v2\/comments?post=6522"}],"wp:featuredmedia":[{"embeddable":true,"href":"https:\/\/espacetechnologie.ma\/ar\/wp-json\/wp\/v2\/media\/6521"}],"wp:attachment":[{"href":"https:\/\/espacetechnologie.ma\/ar\/wp-json\/wp\/v2\/media?parent=6522"}],"wp:term":[{"taxonomy":"product_brand","embeddable":true,"href":"https:\/\/espacetechnologie.ma\/ar\/wp-json\/wp\/v2\/product_brand?post=6522"},{"taxonomy":"product_cat","embeddable":true,"href":"https:\/\/espacetechnologie.ma\/ar\/wp-json\/wp\/v2\/product_cat?post=6522"},{"taxonomy":"product_tag","embeddable":true,"href":"https:\/\/espacetechnologie.ma\/ar\/wp-json\/wp\/v2\/product_tag?post=6522"}],"curies":[{"name":"wp","href":"https:\/\/api.w.org\/{rel}","templated":true}]}}