{"id":6516,"date":"2025-07-09T06:45:07","date_gmt":"2025-07-09T05:45:07","guid":{"rendered":"https:\/\/espacetechnologie.ma\/product\/%d8%b9%d8%af%d8%b3%d8%a7%d8%aa-%d9%84%d9%84%d8%aa%d8%b5%d9%88%d9%8a%d8%b1-%d9%81%d9%8a-%d8%a7%d9%84%d9%87%d8%a7%d8%aa%d9%81\/"},"modified":"2025-08-03T09:40:52","modified_gmt":"2025-08-03T08:40:52","slug":"%d8%b9%d8%af%d8%b3%d8%a7%d8%aa-%d9%84%d9%84%d8%aa%d8%b5%d9%88%d9%8a%d8%b1-%d9%81%d9%8a-%d8%a7%d9%84%d9%87%d8%a7%d8%aa%d9%81","status":"publish","type":"product","link":"https:\/\/espacetechnologie.ma\/ar\/product\/%d8%b9%d8%af%d8%b3%d8%a7%d8%aa-%d9%84%d9%84%d8%aa%d8%b5%d9%88%d9%8a%d8%b1-%d9%81%d9%8a-%d8%a7%d9%84%d9%87%d8%a7%d8%aa%d9%81\/","title":{"rendered":"\u0639\u062f\u0633\u0627\u062a \u0644\u0644\u062a\u0635\u0648\u064a\u0631 \u0641\u064a \u0627\u0644\u0647\u0627\u062a\u0641"},"content":{"rendered":"<p>Sp\u00e9cifications:<br \/>\nMat\u00e9riel: alliage d&rsquo;aluminium<br \/>\nCouleur: noir<br \/>\nTaille du Clip: env. 5.5&#215;1.6 cm<br \/>\nfisheye de poisson:<br \/>\nGrossissement: jusqu&rsquo;\u00e0 180 degr\u00e9s<br \/>\nDimensions (corps principal): 25x15mm (diam\u00e8tre x longueur)<br \/>\nGrand Angle:<br \/>\nGrossissement: 0.67X objectif large<br \/>\nConstruction: 2 \u00e9l\u00e9ments en 2 groupes<br \/>\nDimensions (corps principal): 20&#215;11.2mm (diam\u00e8tre x longueur)<br \/>\nMarco:<br \/>\nLa distance de tir est entre 10-23mm<br \/>\nDimensions (corps principal): 15.8&#215;6.5mm (diam\u00e8tre x longueur)<\/p>","protected":false},"excerpt":{"rendered":"<p>Sp\u00e9cifications: Mat\u00e9riel: alliage d&rsquo;aluminium Couleur: noir Taille du Clip: env. 5.5&#215;1.6 cm fisheye de poisson: Grossissement: jusqu&rsquo;\u00e0 180 degr\u00e9s Dimensions (corps principal): 25x15mm (diam\u00e8tre x longueur) Grand Angle: Grossissement: 0.67X objectif large Construction: 2 \u00e9l\u00e9ments en 2 groupes Dimensions (corps principal): 20&#215;11.2mm (diam\u00e8tre x longueur) Marco: La distance de tir est entre 10-23mm Dimensions (corps [&hellip;]<\/p>\n","protected":false},"featured_media":6515,"comment_status":"open","ping_status":"closed","template":"","meta":{"event_title":"","event_details":"","event_timezone":"","event_gmap":"","event_image":"","event_image_url":"","event_calendar_link":"","event_location":"","event_datetime_with_summary":"","event_datetime":"","event_date_type":"","event_rulesummary":"","event_ticket_rsvp":"","_gspb_post_css":""},"product_brand":[],"product_cat":[90,84],"product_tag":[],"class_list":{"0":"post-6516","1":"product","2":"type-product","3":"status-publish","4":"has-post-thumbnail","6":"product_cat-autres-accessoires-smartphone","7":"product_cat-smartphone","9":"first","10":"instock","11":"sale","12":"shipping-taxable","13":"purchasable","14":"product-type-variable"},"jetpack_sharing_enabled":true,"_links":{"self":[{"href":"https:\/\/espacetechnologie.ma\/ar\/wp-json\/wp\/v2\/product\/6516","targetHints":{"allow":["GET"]}}],"collection":[{"href":"https:\/\/espacetechnologie.ma\/ar\/wp-json\/wp\/v2\/product"}],"about":[{"href":"https:\/\/espacetechnologie.ma\/ar\/wp-json\/wp\/v2\/types\/product"}],"replies":[{"embeddable":true,"href":"https:\/\/espacetechnologie.ma\/ar\/wp-json\/wp\/v2\/comments?post=6516"}],"wp:featuredmedia":[{"embeddable":true,"href":"https:\/\/espacetechnologie.ma\/ar\/wp-json\/wp\/v2\/media\/6515"}],"wp:attachment":[{"href":"https:\/\/espacetechnologie.ma\/ar\/wp-json\/wp\/v2\/media?parent=6516"}],"wp:term":[{"taxonomy":"product_brand","embeddable":true,"href":"https:\/\/espacetechnologie.ma\/ar\/wp-json\/wp\/v2\/product_brand?post=6516"},{"taxonomy":"product_cat","embeddable":true,"href":"https:\/\/espacetechnologie.ma\/ar\/wp-json\/wp\/v2\/product_cat?post=6516"},{"taxonomy":"product_tag","embeddable":true,"href":"https:\/\/espacetechnologie.ma\/ar\/wp-json\/wp\/v2\/product_tag?post=6516"}],"curies":[{"name":"wp","href":"https:\/\/api.w.org\/{rel}","templated":true}]}}