{"id":6503,"date":"2025-07-09T06:36:13","date_gmt":"2025-07-09T05:36:13","guid":{"rendered":"https:\/\/espacetechnologie.ma\/product\/tapis-de-souris-rgb-retro-eclaire-led-gms-wt-5\/"},"modified":"2025-08-03T07:20:05","modified_gmt":"2025-08-03T06:20:05","slug":"tapis-de-souris-rgb-retro-eclaire-led-gms-wt-5","status":"publish","type":"product","link":"https:\/\/espacetechnologie.ma\/ar\/product\/tapis-de-souris-rgb-retro-eclaire-led-gms-wt-5\/","title":{"rendered":"Tapis de souris RGB r\u00e9tro-\u00e9clair\u00e9 LED (GMS-WT-5)"},"content":{"rendered":"<p>1: con\u00e7u par les joueurs, id\u00e9al pour les jeux\/le travail de bureau<br \/>\n2: \u00e9paisseur = 3-4mm<br \/>\n3: mat\u00e9riau: surface en tissu Micro-textur\u00e9, base en caoutchouc antid\u00e9rapante et fibre super brillante<br \/>\n4: note: 5v 120mA<br \/>\nTaille: 350*250<br \/>\nLongueur du fil: 1.8M<br \/>\nPoids: 0.32Kg<br \/>\nInterface: USB<\/p>","protected":false},"excerpt":{"rendered":"<p>Caract\u00e9ristique:<br \/>\n1: con\u00e7u par les joueurs, id\u00e9al pour les jeux\/le travail de bureau<br \/>\n2: \u00e9paisseur = 3-4mm<br \/>\n3: mat\u00e9riau: surface en tissu Micro-textur\u00e9, base en caoutchouc antid\u00e9rapante et fibre super brillante<br \/>\n4: note: 5v 120mA<br \/>\nSp\u00e9cifications<br \/>\nTaille: 350*250<br \/>\nLongueur du fil: 1.8M<br \/>\nPoids: 0.32Kg<br \/>\nInterface: USB<\/p>","protected":false},"featured_media":6502,"comment_status":"open","ping_status":"closed","template":"","meta":{"event_title":"","event_details":"","event_timezone":"","event_gmap":"","event_image":"","event_image_url":"","event_calendar_link":"","event_location":"","event_datetime_with_summary":"","event_datetime":"","event_date_type":"","event_rulesummary":"","event_ticket_rsvp":"","_gspb_post_css":""},"product_brand":[],"product_cat":[102,100,96],"product_tag":[],"class_list":{"0":"post-6503","1":"product","2":"type-product","3":"status-publish","4":"has-post-thumbnail","6":"product_cat-autres-accessoires-pc","7":"product_cat-claviers-et-souris","8":"product_cat-pc","10":"first","11":"instock","12":"sale","13":"shipping-taxable","14":"purchasable","15":"product-type-simple"},"jetpack_sharing_enabled":true,"_links":{"self":[{"href":"https:\/\/espacetechnologie.ma\/ar\/wp-json\/wp\/v2\/product\/6503","targetHints":{"allow":["GET"]}}],"collection":[{"href":"https:\/\/espacetechnologie.ma\/ar\/wp-json\/wp\/v2\/product"}],"about":[{"href":"https:\/\/espacetechnologie.ma\/ar\/wp-json\/wp\/v2\/types\/product"}],"replies":[{"embeddable":true,"href":"https:\/\/espacetechnologie.ma\/ar\/wp-json\/wp\/v2\/comments?post=6503"}],"wp:featuredmedia":[{"embeddable":true,"href":"https:\/\/espacetechnologie.ma\/ar\/wp-json\/wp\/v2\/media\/6502"}],"wp:attachment":[{"href":"https:\/\/espacetechnologie.ma\/ar\/wp-json\/wp\/v2\/media?parent=6503"}],"wp:term":[{"taxonomy":"product_brand","embeddable":true,"href":"https:\/\/espacetechnologie.ma\/ar\/wp-json\/wp\/v2\/product_brand?post=6503"},{"taxonomy":"product_cat","embeddable":true,"href":"https:\/\/espacetechnologie.ma\/ar\/wp-json\/wp\/v2\/product_cat?post=6503"},{"taxonomy":"product_tag","embeddable":true,"href":"https:\/\/espacetechnologie.ma\/ar\/wp-json\/wp\/v2\/product_tag?post=6503"}],"curies":[{"name":"wp","href":"https:\/\/api.w.org\/{rel}","templated":true}]}}