{"id":6497,"date":"2025-07-09T06:36:12","date_gmt":"2025-07-09T05:36:12","guid":{"rendered":"https:\/\/espacetechnologie.ma\/product\/%d9%85%d9%8a%d9%83%d8%b1%d9%88%d9%81%d9%88%d9%86-rgb-%d8%a5%d9%84%d9%89-usb-%d9%85%d8%aa%d9%88%d8%a7%d9%81%d9%82-%d9%85%d8%b9-windows-mac-android-ios-3-%d8%a3%d9%85%d8%aa%d8%a7%d8%b1\/"},"modified":"2025-08-02T13:28:29","modified_gmt":"2025-08-02T12:28:29","slug":"%d9%85%d9%8a%d9%83%d8%b1%d9%88%d9%81%d9%88%d9%86-rgb-%d8%a5%d9%84%d9%89-usb-%d9%85%d8%aa%d9%88%d8%a7%d9%81%d9%82-%d9%85%d8%b9-windows-mac-android-ios-3-%d8%a3%d9%85%d8%aa%d8%a7%d8%b1","status":"publish","type":"product","link":"https:\/\/espacetechnologie.ma\/ar\/product\/%d9%85%d9%8a%d9%83%d8%b1%d9%88%d9%81%d9%88%d9%86-rgb-%d8%a5%d9%84%d9%89-usb-%d9%85%d8%aa%d9%88%d8%a7%d9%81%d9%82-%d9%85%d8%b9-windows-mac-android-ios-3-%d8%a3%d9%85%d8%aa%d8%a7%d8%b1\/","title":{"rendered":"\u0645\u064a\u0643\u0631\u0648\u0641\u0648\u0646 RGB \u0625\u0644\u0649 USB \u0645\u062a\u0648\u0627\u0641\u0642 \u0645\u0639 Windows\/Mac\/Android\/iOS\/+ 3 \u0623\u0645\u062a\u0627\u0631"},"content":{"rendered":"<p>Diam\u00e8tre: 14mm<br \/>\nR\u00e9ponse en fr\u00e9quence: 20Hz-20KHz<br \/>\nSensibilit\u00e9: -38 Plus ou moins 2dB<br \/>\nRapport Signal-bruit: 800B<br \/>\nTaux d&rsquo;\u00e9chantillonnage: 192KHZ\/24bit Max<br \/>\nC\u00e2ble USB: type-c \u00e0 A<br \/>\nLongueur du c\u00e2ble USB: 150cm<br \/>\nCaract\u00e9ristiques: Portable, l\u00e9ger, durable contenu de<\/p>","protected":false},"excerpt":{"rendered":"<p>Diam\u00e8tre: 14mm R\u00e9ponse en fr\u00e9quence: 20Hz-20KHz Sensibilit\u00e9: -38 Plus ou moins 2dB Rapport Signal-bruit: 800B Taux d&rsquo;\u00e9chantillonnage: 192KHZ\/24bit Max C\u00e2ble USB: type-c \u00e0 A Longueur du c\u00e2ble USB: 150cm Caract\u00e9ristiques: Portable, l\u00e9ger, durable contenu de<\/p>","protected":false},"featured_media":6496,"comment_status":"open","ping_status":"closed","template":"","meta":{"event_title":"","event_details":"","event_timezone":"","event_gmap":"","event_image":"","event_image_url":"","event_calendar_link":"","event_location":"","event_datetime_with_summary":"","event_datetime":"","event_date_type":"","event_rulesummary":"","event_ticket_rsvp":"","_gspb_post_css":""},"product_brand":[],"product_cat":[107,111],"product_tag":[],"class_list":{"0":"post-6497","1":"product","2":"type-product","3":"status-publish","4":"has-post-thumbnail","6":"product_cat-audio","7":"product_cat-microphones","9":"first","10":"instock","11":"sale","12":"shipping-taxable","13":"purchasable","14":"product-type-simple"},"jetpack_sharing_enabled":true,"_links":{"self":[{"href":"https:\/\/espacetechnologie.ma\/ar\/wp-json\/wp\/v2\/product\/6497","targetHints":{"allow":["GET"]}}],"collection":[{"href":"https:\/\/espacetechnologie.ma\/ar\/wp-json\/wp\/v2\/product"}],"about":[{"href":"https:\/\/espacetechnologie.ma\/ar\/wp-json\/wp\/v2\/types\/product"}],"replies":[{"embeddable":true,"href":"https:\/\/espacetechnologie.ma\/ar\/wp-json\/wp\/v2\/comments?post=6497"}],"wp:featuredmedia":[{"embeddable":true,"href":"https:\/\/espacetechnologie.ma\/ar\/wp-json\/wp\/v2\/media\/6496"}],"wp:attachment":[{"href":"https:\/\/espacetechnologie.ma\/ar\/wp-json\/wp\/v2\/media?parent=6497"}],"wp:term":[{"taxonomy":"product_brand","embeddable":true,"href":"https:\/\/espacetechnologie.ma\/ar\/wp-json\/wp\/v2\/product_brand?post=6497"},{"taxonomy":"product_cat","embeddable":true,"href":"https:\/\/espacetechnologie.ma\/ar\/wp-json\/wp\/v2\/product_cat?post=6497"},{"taxonomy":"product_tag","embeddable":true,"href":"https:\/\/espacetechnologie.ma\/ar\/wp-json\/wp\/v2\/product_tag?post=6497"}],"curies":[{"name":"wp","href":"https:\/\/api.w.org\/{rel}","templated":true}]}}