{"id":6492,"date":"2025-07-09T06:36:11","date_gmt":"2025-07-09T05:36:11","guid":{"rendered":"https:\/\/espacetechnologie.ma\/product\/ecouteurs-filaires-intra-auriculaires-confortables-mega-basses-3-metres\/"},"modified":"2025-08-03T07:20:31","modified_gmt":"2025-08-03T06:20:31","slug":"ecouteurs-filaires-intra-auriculaires-confortables-mega-basses-3-metres","status":"publish","type":"product","link":"https:\/\/espacetechnologie.ma\/ar\/product\/ecouteurs-filaires-intra-auriculaires-confortables-mega-basses-3-metres\/","title":{"rendered":"\u00c9couteurs filaires intra-auriculaires , confortables, m\u00e9ga basses, 3 m\u00e8tres"},"content":{"rendered":"<p>Nom de l&rsquo;article: \u00c9couteur<br \/>\nMat\u00e9riau: cuivre, TPE<br \/>\nLongueur du c\u00e2ble: 3 m<br \/>\nType d&rsquo;interface: 3.5mm<br \/>\nGamme de fr\u00e9quence: 20Hz-20KHz<br \/>\nMICRO: 8mm<br \/>\nImp\u00e9dance: 16\u03a9<br \/>\nS&rsquo;il faut contr\u00f4ler par fil: oui<br \/>\nCaract\u00e9ristiques: sensible, confortable, m\u00e9ga basse<br \/>\nD\u00e9tails de taille:<br \/>\nLongueur: 135cm\/53.15 <\/p>","protected":false},"excerpt":{"rendered":"<p>Description:<br \/>\nLes \u00e9couteurs sont dot\u00e9s de deux bobines mobiles et d&rsquo;une technologie de r\u00e9duction du bruit, ce qui peut vous apporter un effet sonore pur et des m\u00e9ga basses.<br \/>\nLa conception ergonomique vous apporte une sensation de confort, ce qui convient \u00e0 un port de longue dur\u00e9e.<br \/>\nFabriqu\u00e9 en mat\u00e9riau TPE et en cuivre, l&rsquo;\u00e9couteur est \u00e9cologique et durable \u00e0 utiliser.<br \/>\nLa longueur de l&rsquo;\u00e9couteur est de 3 m.<br \/>\nAdoptant une interface universelle de 3.5mm, l&rsquo;\u00e9couteur convient \u00e0 de nombreux types d&rsquo;\u00e9quipements audio.<\/p>\n<p>Nom de l&rsquo;article: \u00c9couteur<br \/>\nMat\u00e9riau: cuivre, TPE<br \/>\nLongueur du c\u00e2ble: 3 m<br \/>\nType d&rsquo;interface: 3.5mm<br \/>\nGamme de fr\u00e9quence: 20Hz-20KHz<br \/>\nMICRO: 8mm<br \/>\nImp\u00e9dance: 16\u03a9<br \/>\nS&rsquo;il faut contr\u00f4ler par fil: oui<br \/>\nCaract\u00e9ristiques: sensible, confortable, m\u00e9ga basse<br \/>\nD\u00e9tails de taille:<br \/>\nLongueur: 135cm\/53.15 <\/p>","protected":false},"featured_media":6491,"comment_status":"open","ping_status":"closed","template":"","meta":{"event_title":"","event_details":"","event_timezone":"","event_gmap":"","event_image":"","event_image_url":"","event_calendar_link":"","event_location":"","event_datetime_with_summary":"","event_datetime":"","event_date_type":"","event_rulesummary":"","event_ticket_rsvp":"","_gspb_post_css":""},"product_brand":[],"product_cat":[107,108],"product_tag":[],"class_list":{"0":"post-6492","1":"product","2":"type-product","3":"status-publish","4":"has-post-thumbnail","6":"product_cat-audio","7":"product_cat-ecouteurs-filaires","9":"first","10":"instock","11":"sale","12":"shipping-taxable","13":"purchasable","14":"product-type-simple"},"jetpack_sharing_enabled":true,"_links":{"self":[{"href":"https:\/\/espacetechnologie.ma\/ar\/wp-json\/wp\/v2\/product\/6492","targetHints":{"allow":["GET"]}}],"collection":[{"href":"https:\/\/espacetechnologie.ma\/ar\/wp-json\/wp\/v2\/product"}],"about":[{"href":"https:\/\/espacetechnologie.ma\/ar\/wp-json\/wp\/v2\/types\/product"}],"replies":[{"embeddable":true,"href":"https:\/\/espacetechnologie.ma\/ar\/wp-json\/wp\/v2\/comments?post=6492"}],"wp:featuredmedia":[{"embeddable":true,"href":"https:\/\/espacetechnologie.ma\/ar\/wp-json\/wp\/v2\/media\/6491"}],"wp:attachment":[{"href":"https:\/\/espacetechnologie.ma\/ar\/wp-json\/wp\/v2\/media?parent=6492"}],"wp:term":[{"taxonomy":"product_brand","embeddable":true,"href":"https:\/\/espacetechnologie.ma\/ar\/wp-json\/wp\/v2\/product_brand?post=6492"},{"taxonomy":"product_cat","embeddable":true,"href":"https:\/\/espacetechnologie.ma\/ar\/wp-json\/wp\/v2\/product_cat?post=6492"},{"taxonomy":"product_tag","embeddable":true,"href":"https:\/\/espacetechnologie.ma\/ar\/wp-json\/wp\/v2\/product_tag?post=6492"}],"curies":[{"name":"wp","href":"https:\/\/api.w.org\/{rel}","templated":true}]}}