{"id":6486,"date":"2025-07-09T06:36:10","date_gmt":"2025-07-09T05:36:10","guid":{"rendered":"https:\/\/espacetechnologie.ma\/product\/interphone-bluetooth-pour-casque-de-moto\/"},"modified":"2025-08-02T15:18:29","modified_gmt":"2025-08-02T14:18:29","slug":"interphone-bluetooth-pour-casque-de-moto","status":"publish","type":"product","link":"https:\/\/espacetechnologie.ma\/ar\/product\/interphone-bluetooth-pour-casque-de-moto\/","title":{"rendered":"Interphone Bluetooth pour casque de Moto"},"content":{"rendered":"<p>Bluetooth: 5.3<br \/>\nBatterie au lithium polym\u00e8re int\u00e9gr\u00e9e 3.7V<br \/>\nDistance de transmission: 10M<br \/>\nBatterie: batterie au lithium 1000mAh<br \/>\nAutonomie en veille: 300 heures<br \/>\nTemps d&rsquo;appel: 28-32 heures<br \/>\nAssistant vocal Al: prise en charge<br \/>\n\u00c9tanche: IPX66<br \/>\nInstallation fractionn\u00e9e (le clip arri\u00e8re peut \u00eatre s\u00e9par\u00e9 de l&rsquo;unit\u00e9 principale)<br \/>\nLumi\u00e8re d&rsquo;ambiance: permet d&rsquo;allumer et d&rsquo;\u00e9teindre<br \/>\nPrend en charge la connexion simultan\u00e9e de deux t\u00e9l\u00e9phones<br \/>\nR\u00e9ponse automatique des appels entrants (peut passer en mode manuel<br \/>\nHaut-parleur de version standard de 40mm de diam\u00e8tre<br \/>\nCompatible avec les t\u00e9l\u00e9phones Android, Apple et HarmonyOS<\/p>","protected":false},"excerpt":{"rendered":"<p>\u00c0 propos de cet article<br \/>\nCasque de moto Bluetooth multifonctionnel ) Le casque de moto DIWROLY adopte la technologie Bluetooth 5.3, qui r\u00e9duit efficacement la d\u00e9connexion et le bruit. Prend en charge la suppression intelligente du bruit et l&rsquo;assistant vocal, connecte \u00e9galement simultan\u00e9ment deux smartphones et r\u00e9pond \u00e0 diff\u00e9rents besoins tels que la navigation\/les appels\/l&rsquo;\u00e9coute de musique en m\u00eame temps.<br \/>\n[Batterie de grande capacit\u00e9 et charge rapide) Les hautparleurs du casque de moto DIWROLY sont int\u00e9gr\u00e9s dans une batterie de 1000mAh, prenant en charge 32 heures de fonctionnement continu et 360 heures de veille sur une seule charge. Il peut \u00eatre rechargeable par TYPE-C et affiche le niveau de la batterie sur le t\u00e9l\u00e9phone. Vous pouvez profiter de la conduite \u00e0 l&rsquo;ext\u00e9rieur pendant longtemps sans souci.<br \/>\n[\u00c9tanche IPX6 et sans poussi\u00e8re) Le casque Bluetooth<br \/>\nDIWROLY est \u00e9tanche IPX6 pour faire face \u00e0 des conditions m\u00e9t\u00e9orologiques difficiles telles que la poussi\u00e8re, la pluie, la temp\u00eate, la neige et les basses temp\u00e9ratures.<br \/>\n(Assistant vocal de r\u00e9veil en un click) Vous pouvez simplement appuyer sur le bouton de commande vocale du casque et r\u00e9veiller facilement votre assistant vocal ou Siri pour agir sans d\u00e9tourner votre attention de la route.<br \/>\n[Convient \u00e0 TOUS les casques ) Les haut-parleurs bleus ont une \u00e9paisseur de seulement 10mm et conviennent \u00e0 tous les casques, ils ne vous feront pas serrer les oreilles, ce qui vous donnera une exp\u00e9rience de port confortable.<\/p>","protected":false},"featured_media":6485,"comment_status":"open","ping_status":"closed","template":"","meta":{"event_title":"","event_details":"","event_timezone":"","event_gmap":"","event_image":"","event_image_url":"","event_calendar_link":"","event_location":"","event_datetime_with_summary":"","event_datetime":"","event_date_type":"","event_rulesummary":"","event_ticket_rsvp":"","_gspb_post_css":""},"product_brand":[],"product_cat":[115,113],"product_tag":[],"class_list":{"0":"post-6486","1":"product","2":"type-product","3":"status-publish","4":"has-post-thumbnail","6":"product_cat-accessoires-moto","7":"product_cat-voiture-moto","9":"first","10":"instock","11":"sale","12":"shipping-taxable","13":"purchasable","14":"product-type-simple"},"jetpack_sharing_enabled":true,"_links":{"self":[{"href":"https:\/\/espacetechnologie.ma\/ar\/wp-json\/wp\/v2\/product\/6486","targetHints":{"allow":["GET"]}}],"collection":[{"href":"https:\/\/espacetechnologie.ma\/ar\/wp-json\/wp\/v2\/product"}],"about":[{"href":"https:\/\/espacetechnologie.ma\/ar\/wp-json\/wp\/v2\/types\/product"}],"replies":[{"embeddable":true,"href":"https:\/\/espacetechnologie.ma\/ar\/wp-json\/wp\/v2\/comments?post=6486"}],"wp:featuredmedia":[{"embeddable":true,"href":"https:\/\/espacetechnologie.ma\/ar\/wp-json\/wp\/v2\/media\/6485"}],"wp:attachment":[{"href":"https:\/\/espacetechnologie.ma\/ar\/wp-json\/wp\/v2\/media?parent=6486"}],"wp:term":[{"taxonomy":"product_brand","embeddable":true,"href":"https:\/\/espacetechnologie.ma\/ar\/wp-json\/wp\/v2\/product_brand?post=6486"},{"taxonomy":"product_cat","embeddable":true,"href":"https:\/\/espacetechnologie.ma\/ar\/wp-json\/wp\/v2\/product_cat?post=6486"},{"taxonomy":"product_tag","embeddable":true,"href":"https:\/\/espacetechnologie.ma\/ar\/wp-json\/wp\/v2\/product_tag?post=6486"}],"curies":[{"name":"wp","href":"https:\/\/api.w.org\/{rel}","templated":true}]}}