{"id":6470,"date":"2025-07-09T06:36:07","date_gmt":"2025-07-09T05:36:07","guid":{"rendered":"https:\/\/espacetechnologie.ma\/product\/intercom-oreillette-bluetooth-pour-casque-de-moto-portee-de-500-metres\/"},"modified":"2025-08-10T18:23:27","modified_gmt":"2025-08-10T17:23:27","slug":"intercom-oreillette-bluetooth-pour-casque-de-moto-portee-de-500-metres","status":"publish","type":"product","link":"https:\/\/espacetechnologie.ma\/ar\/product\/intercom-oreillette-bluetooth-pour-casque-de-moto-portee-de-500-metres\/","title":{"rendered":"intercom Oreillette Bluetooth pour casque de moto port\u00e9e de 500 m\u00e8tres"},"content":{"rendered":"<p>Bluetooth 5.3<br \/>\nPartage de musique entre deux pilotes<br \/>\nMicrophone amovible 2 en 1 adapt\u00e9 \u00e0 tous les types de casques<br \/>\nFonctionnalit\u00e9 sp\u00e9ciale\u00a0:<br \/>\n2 pilotes parlent en m\u00eame temps<br \/>\nPort\u00e9e jusqu&rsquo;\u00e0 500 m\u00e8tres (2625 pieds)<br \/>\nVitesse \u00e9lev\u00e9e jusqu&rsquo;\u00e0 120 km\/h (75 mph)<br \/>\nMicrophone amovible 2 en 1 adapt\u00e9 \u00e0 tous les types de casques<br \/>\nLe casque Bluetooth prend en charge la radio FM, les appels mains libres, la musique MP3 st\u00e9r\u00e9o, l&rsquo;invite vocale<br \/>\nSyst\u00e8me d&rsquo;interphone moto \u00e0 \u00e9cran LCD pour afficher l&rsquo;\u00e9tat de couplage, batterie pour une utilisation plus facile<br \/>\nL&rsquo;interphone moto Bluetooth C6-Max prend en charge une communication de conduite s\u00fbre, pratique et efficace jusqu&rsquo;\u00e0 500 m (875 yards) \u00e0 grande vitesse jusqu&rsquo;\u00e0 120 km\/h (75 mph), permet \u00e0 1 paire et \u00e0 2 pilotes de communiquer en m\u00eame temps<br \/>\nSyst\u00e8me de communication moto avec Bluetooth 5.3 pour connecter un t\u00e9l\u00e9phone portable, un MP3,<br \/>\nJusqu&rsquo;\u00e0 10 heures (t\u00e9l\u00e9phone) \/ 7 heures (Intercom) temps de travail et 24 heures d&rsquo;utilisation et 300 heures en veille<br \/>\nIntercom moto Bluetooth avec cordon micro rigide pour casque modulaire et demi-casque, cordon micro souple pour casque moto int\u00e9gral<br \/>\nCasque Bluetooth moto avec commande facile \u00e0 1 bouton pour passer de la FM\/musique \u00e0 l&rsquo;intercom, r\u00e9gler le volume, rejeter ou r\u00e9pondre aux appels<br \/>\nHaut-parleur Bluetooth A2DP et Hi-Fi avec technologie d&rsquo;annulation d&rsquo;\u00e9cho DSP et de suppression du bruit pour assurer un son de musique st\u00e9r\u00e9o et une communication claire comme du cristal dans le casque, AVRCP pour obtenir un contr\u00f4le de lecture (lecture, pause, chanson pr\u00e9c\u00e9dente, chanson suivante)<\/p>","protected":false},"excerpt":{"rendered":"<p>2 pilotes parlent en m\u00eame temps<br \/>\nPort\u00e9e jusqu&rsquo;\u00e0 500 m\u00e8tres (2625 pieds)<br \/>\nVitesse \u00e9lev\u00e9e jusqu&rsquo;\u00e0 120 km\/h (75 mph)<br \/>\nMicrophone amovible 2 en 1 adapt\u00e9 \u00e0 tous les types de casques<br \/>\nLe casque Bluetooth prend en charge la radio FM, les appels mains libres, la musique MP3 st\u00e9r\u00e9o, l&rsquo;invite vocale<br \/>\nSyst\u00e8me d&rsquo;interphone moto \u00e0 \u00e9cran<br \/>\nLCD pour afficher l&rsquo;\u00e9tat de couplage, batterie pour une utilisation plus facile<\/p>","protected":false},"featured_media":6469,"comment_status":"open","ping_status":"closed","template":"","meta":{"event_title":"","event_details":"","event_timezone":"","event_gmap":"","event_image":"","event_image_url":"","event_calendar_link":"","event_location":"","event_datetime_with_summary":"","event_datetime":"","event_date_type":"","event_rulesummary":"","event_ticket_rsvp":"","_gspb_post_css":""},"product_brand":[],"product_cat":[115,113],"product_tag":[],"class_list":{"0":"post-6470","1":"product","2":"type-product","3":"status-publish","4":"has-post-thumbnail","6":"product_cat-accessoires-moto","7":"product_cat-voiture-moto","9":"first","10":"instock","11":"sale","12":"featured","13":"shipping-taxable","14":"purchasable","15":"product-type-simple"},"jetpack_sharing_enabled":true,"_links":{"self":[{"href":"https:\/\/espacetechnologie.ma\/ar\/wp-json\/wp\/v2\/product\/6470","targetHints":{"allow":["GET"]}}],"collection":[{"href":"https:\/\/espacetechnologie.ma\/ar\/wp-json\/wp\/v2\/product"}],"about":[{"href":"https:\/\/espacetechnologie.ma\/ar\/wp-json\/wp\/v2\/types\/product"}],"replies":[{"embeddable":true,"href":"https:\/\/espacetechnologie.ma\/ar\/wp-json\/wp\/v2\/comments?post=6470"}],"wp:featuredmedia":[{"embeddable":true,"href":"https:\/\/espacetechnologie.ma\/ar\/wp-json\/wp\/v2\/media\/6469"}],"wp:attachment":[{"href":"https:\/\/espacetechnologie.ma\/ar\/wp-json\/wp\/v2\/media?parent=6470"}],"wp:term":[{"taxonomy":"product_brand","embeddable":true,"href":"https:\/\/espacetechnologie.ma\/ar\/wp-json\/wp\/v2\/product_brand?post=6470"},{"taxonomy":"product_cat","embeddable":true,"href":"https:\/\/espacetechnologie.ma\/ar\/wp-json\/wp\/v2\/product_cat?post=6470"},{"taxonomy":"product_tag","embeddable":true,"href":"https:\/\/espacetechnologie.ma\/ar\/wp-json\/wp\/v2\/product_tag?post=6470"}],"curies":[{"name":"wp","href":"https:\/\/api.w.org\/{rel}","templated":true}]}}