{"id":6441,"date":"2025-07-09T06:36:01","date_gmt":"2025-07-09T05:36:01","guid":{"rendered":"https:\/\/espacetechnologie.ma\/product\/chambre-a-air-de-10-pouces-pour-scooter-electrique\/"},"modified":"2025-08-03T06:48:59","modified_gmt":"2025-08-03T05:48:59","slug":"chambre-a-air-de-10-pouces-pour-scooter-electrique","status":"publish","type":"product","link":"https:\/\/espacetechnologie.ma\/ar\/product\/chambre-a-air-de-10-pouces-pour-scooter-electrique\/","title":{"rendered":"Chambre \u00e0 air de 10 pouces pour Scooter \u00e9lectrique"},"content":{"rendered":"<p>Mat\u00e9riel: Caoutchouc Naturel<br \/>\nType: chambre \u00e0 air de Scooter<br \/>\nCouleur: comme le montrent les photos<br \/>\nQuantit\u00e9: 1 Pc<br \/>\n100% neuf et de haute qualit\u00e9<\/p>","protected":false},"excerpt":{"rendered":"<p>Chambre \u00e0 air 1 pi\u00e8ce<\/p>","protected":false},"featured_media":6440,"comment_status":"open","ping_status":"closed","template":"","meta":{"event_title":"","event_details":"","event_timezone":"","event_gmap":"","event_image":"","event_image_url":"","event_calendar_link":"","event_location":"","event_datetime_with_summary":"","event_datetime":"","event_date_type":"","event_rulesummary":"","event_ticket_rsvp":"","_gspb_post_css":""},"product_brand":[],"product_cat":[122,120],"product_tag":[],"class_list":{"0":"post-6441","1":"product","2":"type-product","3":"status-publish","4":"has-post-thumbnail","6":"product_cat-accessoires-trottinette","7":"product_cat-trottinette","9":"first","10":"instock","11":"sale","12":"shipping-taxable","13":"purchasable","14":"product-type-simple"},"jetpack_sharing_enabled":true,"_links":{"self":[{"href":"https:\/\/espacetechnologie.ma\/ar\/wp-json\/wp\/v2\/product\/6441","targetHints":{"allow":["GET"]}}],"collection":[{"href":"https:\/\/espacetechnologie.ma\/ar\/wp-json\/wp\/v2\/product"}],"about":[{"href":"https:\/\/espacetechnologie.ma\/ar\/wp-json\/wp\/v2\/types\/product"}],"replies":[{"embeddable":true,"href":"https:\/\/espacetechnologie.ma\/ar\/wp-json\/wp\/v2\/comments?post=6441"}],"wp:featuredmedia":[{"embeddable":true,"href":"https:\/\/espacetechnologie.ma\/ar\/wp-json\/wp\/v2\/media\/6440"}],"wp:attachment":[{"href":"https:\/\/espacetechnologie.ma\/ar\/wp-json\/wp\/v2\/media?parent=6441"}],"wp:term":[{"taxonomy":"product_brand","embeddable":true,"href":"https:\/\/espacetechnologie.ma\/ar\/wp-json\/wp\/v2\/product_brand?post=6441"},{"taxonomy":"product_cat","embeddable":true,"href":"https:\/\/espacetechnologie.ma\/ar\/wp-json\/wp\/v2\/product_cat?post=6441"},{"taxonomy":"product_tag","embeddable":true,"href":"https:\/\/espacetechnologie.ma\/ar\/wp-json\/wp\/v2\/product_tag?post=6441"}],"curies":[{"name":"wp","href":"https:\/\/api.w.org\/{rel}","templated":true}]}}