{"id":6437,"date":"2025-07-09T06:36:00","date_gmt":"2025-07-09T05:36:00","guid":{"rendered":"https:\/\/espacetechnologie.ma\/product\/full-hd-1080p-4-3-pouces-retroviseur-dvr-voiture-2-camera-et-recul-dash-cam-g-sensor-night-vision\/"},"modified":"2025-08-02T14:51:52","modified_gmt":"2025-08-02T13:51:52","slug":"full-hd-1080p-4-3-pouces-retroviseur-dvr-voiture-2-camera-et-recul-dash-cam-g-sensor-night-vision","status":"publish","type":"product","link":"https:\/\/espacetechnologie.ma\/ar\/product\/full-hd-1080p-4-3-pouces-retroviseur-dvr-voiture-2-camera-et-recul-dash-cam-g-sensor-night-vision\/","title":{"rendered":"Full HD 1080P 4.3 pouces R\u00e9troviseur DVR Voiture 2 cam\u00e9ra et recul Dash cam G-sensor Night vision"},"content":{"rendered":"<p>Cam\u00e9ra de tableau de bord DVR de voiture de 4.3 pouces caract\u00e9ristiques du produit:<br \/>\n1. Enregistrement en boucle. Lib\u00e9ration automatique de la m\u00e9moire.<br \/>\n2. La Configuration de la ligne de descente de surveillance peut r\u00e9aliser une surveillance de stationnement 24 H, une surverillanceof vol en temps r\u00e9el, un grattage, un accident d&rsquo;enregistrement, etc.<br \/>\n3. Continuer \u00e0 enregistrer la vid\u00e9o et la surveillance mobile intelligente dans l&rsquo;\u00e9tat de flamme ldentify objets en mouvement et \u00e9conomiser de l&rsquo;espace de stockage<br \/>\n4. La vid\u00e9o peut \u00e9galement \u00eatre enregistr\u00e9e lorsque l&rsquo;\u00e9cran est \u00e9teint, ce qui \u00e9conomise de l&rsquo;\u00e9nergie pour vous, cela am\u00e9liore \u00e9galement votre s\u00e9curit\u00e9 de conduite.<br \/>\n5. Utilisez l&rsquo;enregistreur \u00e0 tout moment et n&rsquo;importe o\u00f9 pour regarder des vid\u00e9os de lecture, observer le contenu enregistr\u00e9 et r\u00e9soudre rapidement les litiges de conduite<br \/>\nCe qui est diff\u00e9rent entre \u00e9cran IPS et \u00e9cran TFT\u00a0:<br \/>\nA partir de l&rsquo;image, l&rsquo;image de l&rsquo;\u00e9cran IPS se voit clairement quand on regarde l&rsquo;\u00e9cran sous angle lat\u00e9ral, mais pour l&rsquo;\u00e9cran TFT, l&rsquo;image est floue. C&rsquo;est une grande diff\u00e9rence entre l&rsquo;\u00e9cran IPS et l&rsquo;\u00e9cran TFT. Notre dvr est un \u00e9cran IPS, meilleur que les autres vendeurs.<\/p>","protected":false},"excerpt":{"rendered":"<p>\u00c9cran (affichage) taille 4.3 pouces \u00e9cran IPS.<br \/>\nObjectif de cam\u00e9ra avant + arri\u00e8re; 6 verre + 4 verre; Angle de 170 degr\u00e9s + Angle de 120 degr\u00e9s.<br \/>\nR\u00e9solution vid\u00e9o avant: 1920 \u00d7 1080 P arri\u00e8re: 1280 \u00d7 720 P.<br \/>\nR\u00e9solution Photo 12 M.<br \/>\nLangues OSD fran\u00e7ais, anglais, russe, chinois, japonais, cor\u00e9en, etc &#8230;<br \/>\nCaract\u00e9ristiques de base g-sensor, enregistrement de Cycle, d\u00e9tection de mouvement, moniteur de stationnement, affichage de l&rsquo;heure et des donn\u00e9es, large plage dynamique, affichage de l&rsquo;image dans l&rsquo;image, marche\/arr\u00eat automatique.<\/p>","protected":false},"featured_media":6436,"comment_status":"open","ping_status":"closed","template":"","meta":{"event_title":"","event_details":"","event_timezone":"","event_gmap":"","event_image":"","event_image_url":"","event_calendar_link":"","event_location":"","event_datetime_with_summary":"","event_datetime":"","event_date_type":"","event_rulesummary":"","event_ticket_rsvp":"","_gspb_post_css":""},"product_brand":[],"product_cat":[131,82],"product_tag":[],"class_list":{"0":"post-6437","1":"product","2":"type-product","3":"status-publish","4":"has-post-thumbnail","6":"product_cat-cameras","7":"product_cat-gadgets","9":"first","10":"instock","11":"sale","12":"shipping-taxable","13":"purchasable","14":"product-type-simple"},"jetpack_sharing_enabled":true,"_links":{"self":[{"href":"https:\/\/espacetechnologie.ma\/ar\/wp-json\/wp\/v2\/product\/6437","targetHints":{"allow":["GET"]}}],"collection":[{"href":"https:\/\/espacetechnologie.ma\/ar\/wp-json\/wp\/v2\/product"}],"about":[{"href":"https:\/\/espacetechnologie.ma\/ar\/wp-json\/wp\/v2\/types\/product"}],"replies":[{"embeddable":true,"href":"https:\/\/espacetechnologie.ma\/ar\/wp-json\/wp\/v2\/comments?post=6437"}],"wp:featuredmedia":[{"embeddable":true,"href":"https:\/\/espacetechnologie.ma\/ar\/wp-json\/wp\/v2\/media\/6436"}],"wp:attachment":[{"href":"https:\/\/espacetechnologie.ma\/ar\/wp-json\/wp\/v2\/media?parent=6437"}],"wp:term":[{"taxonomy":"product_brand","embeddable":true,"href":"https:\/\/espacetechnologie.ma\/ar\/wp-json\/wp\/v2\/product_brand?post=6437"},{"taxonomy":"product_cat","embeddable":true,"href":"https:\/\/espacetechnologie.ma\/ar\/wp-json\/wp\/v2\/product_cat?post=6437"},{"taxonomy":"product_tag","embeddable":true,"href":"https:\/\/espacetechnologie.ma\/ar\/wp-json\/wp\/v2\/product_tag?post=6437"}],"curies":[{"name":"wp","href":"https:\/\/api.w.org\/{rel}","templated":true}]}}