{"id":6425,"date":"2025-07-08T15:19:18","date_gmt":"2025-07-08T14:19:18","guid":{"rendered":"https:\/\/espacetechnologie.ma\/product\/chargeur-de-voiture-sans-fil-de-serrage-automatique-qi-support-telephone-voiture-chargeur-sans-fil-a-induction-rapide-360-rotation\/"},"modified":"2025-08-02T16:15:45","modified_gmt":"2025-08-02T15:15:45","slug":"chargeur-de-voiture-sans-fil-de-serrage-automatique-qi-support-telephone-voiture-chargeur-sans-fil-a-induction-rapide-360-rotation","status":"publish","type":"product","link":"https:\/\/espacetechnologie.ma\/ar\/product\/chargeur-de-voiture-sans-fil-de-serrage-automatique-qi-support-telephone-voiture-chargeur-sans-fil-a-induction-rapide-360-rotation\/","title":{"rendered":"Chargeur De Voiture Sans Fil De Serrage Automatique, Qi Support T\u00e9l\u00e9phone Voiture Chargeur Sans Fil \u00c0 Induction Rapide , 360 \u00b0 Rotation"},"content":{"rendered":"<p>Tension d&rsquo;entr\u00e9e: 9V \/ 5V<br \/>\nCourant d&rsquo;entr\u00e9e: 1.67A \/ 2A<br \/>\nPuissance de travail: 10W<br \/>\nTension de chargement: 9V \/ 5V<br \/>\nCourant de chargement: 1.2A \/ 1A<br \/>\nDistance de travail: environ 5mm<br \/>\nEfficacit\u00e9 de chargement \u226575%<br \/>\nStandered QI Wireless Chargering Standered<br \/>\nCertification de qualit\u00e9 Certification CE \/ FCC<br \/>\nCorlor produit: noir<br \/>\nType B:<br \/>\nCaract\u00e9ristiques:<br \/>\nPar rapport au pare-brise ou<br \/>\nmontage sur tableau de bord, le montage de la ventilation est beaucoup plus facile \u00e0 contacter<br \/>\nle t\u00e9l\u00e9phone en voiture et provoque moins de distraction en conduisant. Aucun outil n\u00e9cessaire<br \/>\nDurable et pratique<br \/>\nD\u00e9tection infrarouge automatique et op\u00e9ration \u00e0 une main<br \/>\nFonctionne avec la plupart des t\u00e9l\u00e9phones intelligents, peu importe leur taille ou leur forme<br \/>\nCharge sans fil pratique<br \/>\nRotation de 360 \u00b0, peut \u00eatre ajust\u00e9e selon vos besoins<br \/>\nLa conception en silicone permet de prot\u00e9ger votre t\u00e9l\u00e9phone tr\u00e8s bien<br \/>\nCaract\u00e9ristiques:<br \/>\nLa couleur noire<br \/>\nPuissance: identification automatique 10W \/ 7.5W \/ 5W<br \/>\nMat\u00e9riel: PC + ABS<br \/>\nDistance de d\u00e9tection: environ 0-8mm \/ 0-0.32in<br \/>\nDimensions: environ 17,5 cm * 11,5 cm * 7,5 cm<br \/>\nTypes: sp\u00e9cial pour Apple, interface de type c, sp\u00e9cial pour Android (large en haut et \u00e9troit en bas), sp\u00e9cial pour Android (\u00e9troit en haut et large en bas), Magic Clip (les 4 premi\u00e8res sp\u00e9cifications sont: Magic Clip + tablette r\u00e9ceptrice , et le dernier n&rsquo;est que clip magique, sans tablette re\u00e7ue<\/p>","protected":false},"excerpt":{"rendered":"<p>Tension d&rsquo;entr\u00e9e: 9V \/ 5V Courant d&rsquo;entr\u00e9e: 1.67A \/ 2A Puissance de travail: 10W Tension de chargement: 9V \/ 5V Courant de chargement: 1.2A \/ 1A Distance de travail: environ 5mm Efficacit\u00e9 de chargement \u226575% Standered QI Wireless Chargering Standered Certification de qualit\u00e9 Certification CE \/ FCC Corlor produit: noir Type B: Caract\u00e9ristiques: Par rapport [&hellip;]<\/p>\n","protected":false},"featured_media":6424,"comment_status":"open","ping_status":"closed","template":"","meta":{"event_title":"","event_details":"","event_timezone":"","event_gmap":"","event_image":"","event_image_url":"","event_calendar_link":"","event_location":"","event_datetime_with_summary":"","event_datetime":"","event_date_type":"","event_rulesummary":"","event_ticket_rsvp":"","_gspb_post_css":""},"product_brand":[],"product_cat":[114,85,84,113],"product_tag":[],"class_list":{"0":"post-6425","1":"product","2":"type-product","3":"status-publish","4":"has-post-thumbnail","6":"product_cat-accessoires-voiture","7":"product_cat-chargeurs-telephone","8":"product_cat-smartphone","9":"product_cat-voiture-moto","11":"first","12":"instock","13":"sale","14":"shipping-taxable","15":"purchasable","16":"product-type-simple"},"jetpack_sharing_enabled":true,"_links":{"self":[{"href":"https:\/\/espacetechnologie.ma\/ar\/wp-json\/wp\/v2\/product\/6425","targetHints":{"allow":["GET"]}}],"collection":[{"href":"https:\/\/espacetechnologie.ma\/ar\/wp-json\/wp\/v2\/product"}],"about":[{"href":"https:\/\/espacetechnologie.ma\/ar\/wp-json\/wp\/v2\/types\/product"}],"replies":[{"embeddable":true,"href":"https:\/\/espacetechnologie.ma\/ar\/wp-json\/wp\/v2\/comments?post=6425"}],"wp:featuredmedia":[{"embeddable":true,"href":"https:\/\/espacetechnologie.ma\/ar\/wp-json\/wp\/v2\/media\/6424"}],"wp:attachment":[{"href":"https:\/\/espacetechnologie.ma\/ar\/wp-json\/wp\/v2\/media?parent=6425"}],"wp:term":[{"taxonomy":"product_brand","embeddable":true,"href":"https:\/\/espacetechnologie.ma\/ar\/wp-json\/wp\/v2\/product_brand?post=6425"},{"taxonomy":"product_cat","embeddable":true,"href":"https:\/\/espacetechnologie.ma\/ar\/wp-json\/wp\/v2\/product_cat?post=6425"},{"taxonomy":"product_tag","embeddable":true,"href":"https:\/\/espacetechnologie.ma\/ar\/wp-json\/wp\/v2\/product_tag?post=6425"}],"curies":[{"name":"wp","href":"https:\/\/api.w.org\/{rel}","templated":true}]}}