{"id":6412,"date":"2025-07-08T15:19:14","date_gmt":"2025-07-08T14:19:14","guid":{"rendered":"https:\/\/espacetechnologie.ma\/product\/onikuma-casque-de-jeu-playstation-filaire-stereo-casque-de-jeu-casque-avec-microphone-led-lumieres-pour-pc-ordinateur-portable-tablette-xbox-one\/"},"modified":"2025-08-02T14:43:06","modified_gmt":"2025-08-02T13:43:06","slug":"onikuma-casque-de-jeu-playstation-filaire-stereo-casque-de-jeu-casque-avec-microphone-led-lumieres-pour-pc-ordinateur-portable-tablette-xbox-one","status":"publish","type":"product","link":"https:\/\/espacetechnologie.ma\/ar\/product\/onikuma-casque-de-jeu-playstation-filaire-stereo-casque-de-jeu-casque-avec-microphone-led-lumieres-pour-pc-ordinateur-portable-tablette-xbox-one\/","title":{"rendered":"Onikuma casque de jeu PlayStation filaire st\u00e9r\u00e9o casque de jeu casque avec Microphone LED lumi\u00e8res pour PC ordinateur portable tablette Xbox One"},"content":{"rendered":"<p>Longueur du c\u00e2ble: 2.2 m<br \/>\nInterface: USB<br \/>\nSensibilit\u00e9: 114dB<br \/>\nR\u00e9ponse en fr\u00e9quence: 20Hz-20 KHz<br \/>\nMicrophone: 6.0&#215;2.7mm<br \/>\nSensibilit\u00e9 micro:-36dB<br \/>\nImp\u00e9dance du Microphone: 2.2 K ohm<br \/>\nDirectivit\u00e9: omnidirectionnelle<br \/>\nTension de fonctionnement LED: DC 5 V<br \/>\nDiam\u00e8tre haut-parleur: 50mm<br \/>\nTaille du paquet (L x L x H): 22.5*19.5*12.7 cm<\/p>","protected":false},"excerpt":{"rendered":"<p>Caract\u00e9ristique:<br \/>\n1. prise en charge de la PlayStation 4, nouvelle Xbox One, PC, Nintendo 3DS, ordinateur portable, PSP, tablette, iPad, ordinateur, t\u00e9l\u00e9phone portable. Un adaptateur Microsoft suppl\u00e9mentaire est requis (non inclus) lors de la connexion avec une ancienne VERSION de contr\u00f4leur Xbox One.<\/p>\n<p>2. \u3010entourant le son st\u00e9r\u00e9o subwoofer\u3011 clair fonctionnant le laiton fort, isolation de bruit ambiant splendide et conducteur magn\u00e9tique de n\u00e9odyme de la haute pr\u00e9cision 50mm, pr\u00e9cision de positionnement acoustique augmentent la sensibilit\u00e9 de l&rsquo;unit\u00e9 de haut-parleur, vous apportant le champ sonore vif, clart\u00e9 sonore, sensation de choc sonore. Parfait pour divers jeux comme Halo 5 gardiens, \u00e9quipement en m\u00e9tal solide, Call of Duty, Star Wars Battlefront, Overwatch, World of Warcraft l\u00e9gion, etc.<\/p>\n<p>3. le microphone onmi-directionnel int\u00e9gr\u00e9 de casque d&rsquo;isolant de bruit de \u3010peut transmettre la communication de haute qualit\u00e9 avec sa caract\u00e9ristique de bruit-concellng de la meilleure qualit\u00e9, peut ramasser des sons avec la grande sensibilit\u00e9 et enlever le bruit, ce qui vous permet de livrer ou de recevoir des messages clairement pendant que vous \u00eates dans un jeu. Conception de micro flexible longue tr\u00e8s pratique pour ajuster l&rsquo;angle du microphone.<\/p>\n<p>4. \u3010grande conception humanis\u00e9\u3011 la conception de bandeau r\u00e9tractable avec des oreillettes envelopp\u00e9es de cuir synth\u00e9tique vous permet de jouer pendant des heures dans un confort complet; bandeau r\u00e9glable convient \u00e0 tous les joueurs \u00e0 tout \u00e2ge. Lumi\u00e8res de LED criantes desigend sur les oreillettes pour mettre en \u00e9vidence l&rsquo;atmosph\u00e8re de jeu.<\/p>\n<p>5. \u3010contr\u00f4le de VOLUME sans effort. haute r\u00e9sistance \u00e0 la traction, c\u00e2ble USB tress\u00e9 anti-enroulement avec contr\u00f4leur de volume rotatif et touche micro muet emp\u00eache efficacement le c\u00e2ble de 86 pouces de long de se tordre et vous permet de contr\u00f4ler le volume facilement et de couper le micro comme contr\u00f4le de volume sans effort une cl\u00e9 muet.<br \/>\nDescription:<br \/>\n1. le casque ONIKUMA K5 PRO est un excellent casque particuli\u00e8rement parfait pour le joueur \u00e0 la recherche d&rsquo;un son de jeu incroyable.<br \/>\n2. ces \u00e9couteurs con\u00e7us pour transmettre un son de base vif et une v\u00e9ritable annulation du bruit.<br \/>\n3. avec le casque, vous saurez exactement o\u00f9 est l&rsquo;ennemi, s\u00e9curisez votre victoire.<br \/>\n4. non seulement la clart\u00e9 sonore, mais aussi le confort de port. et vous ne manquerez pas son artisanat exquis et son apparence \u00e0 la mode. l&rsquo;effet de lumi\u00e8res de LED fra\u00eeche vous rend plus \u00e9tonnant. meilleur casque de jeu pour vous!<br \/>\nSp\u00e9cification:<br \/>\n-Longueur du c\u00e2ble: 2.2 m<br \/>\n-Interface: USB<br \/>\n-Sensibilit\u00e9: 114dB<br \/>\n-R\u00e9ponse en fr\u00e9quence: 20Hz-20 KHz<br \/>\n-Microphone: 6.0&#215;2.7mm<br \/>\n-Sensibilit\u00e9 micro:-36dB<br \/>\n-Imp\u00e9dance du Microphone: 2.2 K ohm<br \/>\n-Directivit\u00e9: omnidirectionnelle<br \/>\n-Tension de fonctionnement LED: DC 5 V<br \/>\n-Diam\u00e8tre haut-parleur: 50mm<br \/>\n-Imp\u00e9dance: 16 ohm<br \/>\n-Courant de fonctionnement: 100mA et moins<br \/>\n-Puissance nominale: 20 mW<br \/>\n-Puissance d&rsquo;entr\u00e9e: 30 mW<br \/>\n-Prise casque: USB + 3.5mm<br \/>\nPoids du colis: 0.585 kg<br \/>\nTaille du paquet (L x L x H): 22.5*19.5*12.7 cm<br \/>\nContenu de l&#8217;emballage:<br \/>\n1 x casque de jeu,<br \/>\n1 x c\u00e2ble d&rsquo;usb,<br \/>\n1 x Tieline un \u00e0 deux,<br \/>\n1 x manuel d&rsquo;utilisation multilingue<\/p>","protected":false},"featured_media":6411,"comment_status":"open","ping_status":"closed","template":"","meta":{"event_title":"","event_details":"","event_timezone":"","event_gmap":"","event_image":"","event_image_url":"","event_calendar_link":"","event_location":"","event_datetime_with_summary":"","event_datetime":"","event_date_type":"","event_rulesummary":"","event_ticket_rsvp":"","_gspb_post_css":""},"product_brand":[],"product_cat":[107,110,129],"product_tag":[],"class_list":{"0":"post-6412","1":"product","2":"type-product","3":"status-publish","4":"has-post-thumbnail","6":"product_cat-audio","7":"product_cat-casques","8":"product_cat-gaming","10":"first","11":"instock","12":"sale","13":"shipping-taxable","14":"purchasable","15":"product-type-simple"},"jetpack_sharing_enabled":true,"_links":{"self":[{"href":"https:\/\/espacetechnologie.ma\/ar\/wp-json\/wp\/v2\/product\/6412","targetHints":{"allow":["GET"]}}],"collection":[{"href":"https:\/\/espacetechnologie.ma\/ar\/wp-json\/wp\/v2\/product"}],"about":[{"href":"https:\/\/espacetechnologie.ma\/ar\/wp-json\/wp\/v2\/types\/product"}],"replies":[{"embeddable":true,"href":"https:\/\/espacetechnologie.ma\/ar\/wp-json\/wp\/v2\/comments?post=6412"}],"wp:featuredmedia":[{"embeddable":true,"href":"https:\/\/espacetechnologie.ma\/ar\/wp-json\/wp\/v2\/media\/6411"}],"wp:attachment":[{"href":"https:\/\/espacetechnologie.ma\/ar\/wp-json\/wp\/v2\/media?parent=6412"}],"wp:term":[{"taxonomy":"product_brand","embeddable":true,"href":"https:\/\/espacetechnologie.ma\/ar\/wp-json\/wp\/v2\/product_brand?post=6412"},{"taxonomy":"product_cat","embeddable":true,"href":"https:\/\/espacetechnologie.ma\/ar\/wp-json\/wp\/v2\/product_cat?post=6412"},{"taxonomy":"product_tag","embeddable":true,"href":"https:\/\/espacetechnologie.ma\/ar\/wp-json\/wp\/v2\/product_tag?post=6412"}],"curies":[{"name":"wp","href":"https:\/\/api.w.org\/{rel}","templated":true}]}}