{"id":6404,"date":"2025-07-08T15:19:13","date_gmt":"2025-07-08T14:19:13","guid":{"rendered":"https:\/\/espacetechnologie.ma\/product\/manette-de-jeu-sans-fil-bluetooth-support-telephonique\/"},"modified":"2025-08-02T13:34:03","modified_gmt":"2025-08-02T12:34:03","slug":"manette-de-jeu-sans-fil-bluetooth-support-telephonique","status":"publish","type":"product","link":"https:\/\/espacetechnologie.ma\/ar\/product\/manette-de-jeu-sans-fil-bluetooth-support-telephonique\/","title":{"rendered":"Manette de jeu sans fil Bluetooth + SUPPORT T\u00c9L\u00c9PHONIQUE"},"content":{"rendered":"<p>Connexion sans fil Bluetooth<br \/>\nMulti-fa\u00e7ons de jouer<br \/>\nQuatre fonctions<br \/>\nPrise en charge du syst\u00e8me Windows (y compris WIN 10\/8\/7 \/ XP)<br \/>\nForme sp\u00e9ciale, bonne sensation de main<br \/>\nBouton \u00e9lastique de bonne mati\u00e8re<\/p>","protected":false},"excerpt":{"rendered":"<p>Connexion sans fil Bluetooth Multi-fa\u00e7ons de jouer Quatre fonctions Prise en charge du syst\u00e8me Windows (y compris WIN 10\/8\/7 \/ XP) Forme sp\u00e9ciale, bonne sensation de main Bouton \u00e9lastique de bonne mati\u00e8re<\/p>","protected":false},"featured_media":6403,"comment_status":"open","ping_status":"closed","template":"","meta":{"event_title":"","event_details":"","event_timezone":"","event_gmap":"","event_image":"","event_image_url":"","event_calendar_link":"","event_location":"","event_datetime_with_summary":"","event_datetime":"","event_date_type":"","event_rulesummary":"","event_ticket_rsvp":"","_gspb_post_css":""},"product_brand":[],"product_cat":[129],"product_tag":[],"class_list":{"0":"post-6404","1":"product","2":"type-product","3":"status-publish","4":"has-post-thumbnail","6":"product_cat-gaming","8":"first","9":"instock","10":"shipping-taxable","11":"purchasable","12":"product-type-simple"},"jetpack_sharing_enabled":true,"_links":{"self":[{"href":"https:\/\/espacetechnologie.ma\/ar\/wp-json\/wp\/v2\/product\/6404","targetHints":{"allow":["GET"]}}],"collection":[{"href":"https:\/\/espacetechnologie.ma\/ar\/wp-json\/wp\/v2\/product"}],"about":[{"href":"https:\/\/espacetechnologie.ma\/ar\/wp-json\/wp\/v2\/types\/product"}],"replies":[{"embeddable":true,"href":"https:\/\/espacetechnologie.ma\/ar\/wp-json\/wp\/v2\/comments?post=6404"}],"wp:featuredmedia":[{"embeddable":true,"href":"https:\/\/espacetechnologie.ma\/ar\/wp-json\/wp\/v2\/media\/6403"}],"wp:attachment":[{"href":"https:\/\/espacetechnologie.ma\/ar\/wp-json\/wp\/v2\/media?parent=6404"}],"wp:term":[{"taxonomy":"product_brand","embeddable":true,"href":"https:\/\/espacetechnologie.ma\/ar\/wp-json\/wp\/v2\/product_brand?post=6404"},{"taxonomy":"product_cat","embeddable":true,"href":"https:\/\/espacetechnologie.ma\/ar\/wp-json\/wp\/v2\/product_cat?post=6404"},{"taxonomy":"product_tag","embeddable":true,"href":"https:\/\/espacetechnologie.ma\/ar\/wp-json\/wp\/v2\/product_tag?post=6404"}],"curies":[{"name":"wp","href":"https:\/\/api.w.org\/{rel}","templated":true}]}}