{"id":6370,"date":"2025-07-08T15:19:06","date_gmt":"2025-07-08T14:19:06","guid":{"rendered":"https:\/\/espacetechnologie.ma\/product\/diffuseur-atomiseur-desodorisant-brumisateur-avec-7-couleurs-led\/"},"modified":"2025-08-03T07:12:58","modified_gmt":"2025-08-03T06:12:58","slug":"diffuseur-atomiseur-desodorisant-brumisateur-avec-7-couleurs-led","status":"publish","type":"product","link":"https:\/\/espacetechnologie.ma\/ar\/product\/diffuseur-atomiseur-desodorisant-brumisateur-avec-7-couleurs-led\/","title":{"rendered":"diffuseur atomiseur d\u00e9sodorisant brumisateur avec 7 couleurs LED"},"content":{"rendered":"<p>Capacit\u00e9 du r\u00e9servoir: 400 ml<br \/>\nType de produit: nettoyeur d&rsquo;humidificateur USB pur<br \/>\nPuissance: 2 W<br \/>\nDimensions: 153*88*88mm<br \/>\nTension d&rsquo;entr\u00e9e:\u00a05 V<br \/>\nLongueur du c\u00e2ble: Port USB, 120 cm (3.9 pieds)<\/p>","protected":false},"excerpt":{"rendered":"<p>Sp\u00e9cifications:<br \/>\nType de produit: nettoyeur d&rsquo;humidificateur USB pur<br \/>\nCapacit\u00e9 du r\u00e9servoir: 400 ml<br \/>\nMat\u00e9riau: ABS\/PP\/PET<br \/>\nPuissance: 2 W<br \/>\nPoids: 232g (0,51lb)<br \/>\nDimensions: 153*88*88mm (6*3.5*3.5 pouces)<br \/>\nTension d&rsquo;entr\u00e9e: 5 V<br \/>\nLongueur du c\u00e2ble: Port USB, 120 cm (3.9 pieds)<\/p>\n<p>Comment utiliser:<br \/>\nLe bouton d&rsquo;alimentation: cliquez une fois pulv\u00e9ris\u00e9, cliquez \u00e0 nouveau sur arr\u00eater pour pulv\u00e9riser. Appuyez 2 secondes pour allumer la lumi\u00e8re,<br \/>\nEt transformez 7 lumi\u00e8res de couleur apr\u00e8s 5 secondes, appuyez longuement pour verrouiller la couleur que vous choisissez ou \u00e9teignez la lumi\u00e8re.<\/p>","protected":false},"featured_media":6369,"comment_status":"open","ping_status":"closed","template":"","meta":{"event_title":"","event_details":"","event_timezone":"","event_gmap":"","event_image":"","event_image_url":"","event_calendar_link":"","event_location":"","event_datetime_with_summary":"","event_datetime":"","event_date_type":"","event_rulesummary":"","event_ticket_rsvp":"","_gspb_post_css":""},"product_brand":[],"product_cat":[82,130],"product_tag":[],"class_list":{"0":"post-6370","1":"product","2":"type-product","3":"status-publish","4":"has-post-thumbnail","6":"product_cat-gadgets","7":"product_cat-maison","9":"first","10":"instock","11":"sale","12":"shipping-taxable","13":"purchasable","14":"product-type-simple"},"jetpack_sharing_enabled":true,"_links":{"self":[{"href":"https:\/\/espacetechnologie.ma\/ar\/wp-json\/wp\/v2\/product\/6370","targetHints":{"allow":["GET"]}}],"collection":[{"href":"https:\/\/espacetechnologie.ma\/ar\/wp-json\/wp\/v2\/product"}],"about":[{"href":"https:\/\/espacetechnologie.ma\/ar\/wp-json\/wp\/v2\/types\/product"}],"replies":[{"embeddable":true,"href":"https:\/\/espacetechnologie.ma\/ar\/wp-json\/wp\/v2\/comments?post=6370"}],"wp:featuredmedia":[{"embeddable":true,"href":"https:\/\/espacetechnologie.ma\/ar\/wp-json\/wp\/v2\/media\/6369"}],"wp:attachment":[{"href":"https:\/\/espacetechnologie.ma\/ar\/wp-json\/wp\/v2\/media?parent=6370"}],"wp:term":[{"taxonomy":"product_brand","embeddable":true,"href":"https:\/\/espacetechnologie.ma\/ar\/wp-json\/wp\/v2\/product_brand?post=6370"},{"taxonomy":"product_cat","embeddable":true,"href":"https:\/\/espacetechnologie.ma\/ar\/wp-json\/wp\/v2\/product_cat?post=6370"},{"taxonomy":"product_tag","embeddable":true,"href":"https:\/\/espacetechnologie.ma\/ar\/wp-json\/wp\/v2\/product_tag?post=6370"}],"curies":[{"name":"wp","href":"https:\/\/api.w.org\/{rel}","templated":true}]}}