{"id":6359,"date":"2025-07-08T15:19:03","date_gmt":"2025-07-08T14:19:03","guid":{"rendered":"https:\/\/espacetechnologie.ma\/product\/cable-aux-3-5mm-1-male-a-2-femelle\/"},"modified":"2025-08-03T07:54:25","modified_gmt":"2025-08-03T06:54:25","slug":"cable-aux-3-5mm-1-male-a-2-femelle","status":"publish","type":"product","link":"https:\/\/espacetechnologie.ma\/ar\/product\/cable-aux-3-5mm-1-male-a-2-femelle\/","title":{"rendered":"c\u00e2ble AUX 3.5mm 1 m\u00e2le \u00e0 2 femelle"},"content":{"rendered":"<p>Le c\u00e2ble s\u00e9parateur audio convertit une seule prise audio 3,5 mm en deux prises 3,5 mm, un m\u00e2le \u00e0 deux femelles.<br \/>\nConnectez votre t\u00e9l\u00e9phone intelligent, lecteur MP3, ordinateur portable, tablette, PC et plus encore \u00e0 2 \u00e9couteurs simultan\u00e9ment.<br \/>\nPartagez de la musique ou du son merveilleux avec votre ami ou votre amoureux \u00e0 partir de la m\u00eame source en m\u00eame temps.<br \/>\nLe connecteur plaqu\u00e9 or 24 carats, durable et fiable, assure une transmission de signal stable et forte.<br \/>\nCompatible avec tous les appareils audio avec une prise casque standard de 3,5 mm, tr\u00e8s facile \u00e0 utiliser.<br \/>\nLe c\u00e2ble s\u00e9parateur audio convertit une seule prise audio 3,5 mm en deux prises 3,5 mm, un m\u00e2le \u00e0 deux femelles.<\/p>","protected":false},"excerpt":{"rendered":"<p>3.5mm 1 m\u00e2le \u00e0 2 Ports femelles casque Microphone Audio c\u00e2ble adaptateur s\u00e9parateur<\/p>","protected":false},"featured_media":6358,"comment_status":"open","ping_status":"closed","template":"","meta":{"event_title":"","event_details":"","event_timezone":"","event_gmap":"","event_image":"","event_image_url":"","event_calendar_link":"","event_location":"","event_datetime_with_summary":"","event_datetime":"","event_date_type":"","event_rulesummary":"","event_ticket_rsvp":"","_gspb_post_css":""},"product_brand":[],"product_cat":[107,102,90,82,96,84],"product_tag":[],"class_list":{"0":"post-6359","1":"product","2":"type-product","3":"status-publish","4":"has-post-thumbnail","6":"product_cat-audio","7":"product_cat-autres-accessoires-pc","8":"product_cat-autres-accessoires-smartphone","9":"product_cat-gadgets","10":"product_cat-pc","11":"product_cat-smartphone","13":"first","14":"instock","15":"sale","16":"shipping-taxable","17":"purchasable","18":"product-type-simple"},"jetpack_sharing_enabled":true,"_links":{"self":[{"href":"https:\/\/espacetechnologie.ma\/ar\/wp-json\/wp\/v2\/product\/6359","targetHints":{"allow":["GET"]}}],"collection":[{"href":"https:\/\/espacetechnologie.ma\/ar\/wp-json\/wp\/v2\/product"}],"about":[{"href":"https:\/\/espacetechnologie.ma\/ar\/wp-json\/wp\/v2\/types\/product"}],"replies":[{"embeddable":true,"href":"https:\/\/espacetechnologie.ma\/ar\/wp-json\/wp\/v2\/comments?post=6359"}],"wp:featuredmedia":[{"embeddable":true,"href":"https:\/\/espacetechnologie.ma\/ar\/wp-json\/wp\/v2\/media\/6358"}],"wp:attachment":[{"href":"https:\/\/espacetechnologie.ma\/ar\/wp-json\/wp\/v2\/media?parent=6359"}],"wp:term":[{"taxonomy":"product_brand","embeddable":true,"href":"https:\/\/espacetechnologie.ma\/ar\/wp-json\/wp\/v2\/product_brand?post=6359"},{"taxonomy":"product_cat","embeddable":true,"href":"https:\/\/espacetechnologie.ma\/ar\/wp-json\/wp\/v2\/product_cat?post=6359"},{"taxonomy":"product_tag","embeddable":true,"href":"https:\/\/espacetechnologie.ma\/ar\/wp-json\/wp\/v2\/product_tag?post=6359"}],"curies":[{"name":"wp","href":"https:\/\/api.w.org\/{rel}","templated":true}]}}