{"id":6349,"date":"2025-07-08T15:19:01","date_gmt":"2025-07-08T14:19:01","guid":{"rendered":"https:\/\/espacetechnologie.ma\/product\/imou-%d9%83%d8%a7%d9%85%d9%8a%d8%b1%d8%a7-rex-wifi-%d8%a7%d9%84%d8%b0%d9%83%d9%8a%d8%a9-%d8%8c-%d9%88%d8%b6%d8%b9-%d8%a7%d9%84%d8%b3%d8%b1%d8%b9%d8%a9-%d8%a7%d9%84%d8%aa%d9%84%d9%82%d8%a7%d8%a6%d9%8a\/"},"modified":"2025-08-02T13:04:15","modified_gmt":"2025-08-02T12:04:15","slug":"imou-%d9%83%d8%a7%d9%85%d9%8a%d8%b1%d8%a7-rex-wifi-%d8%a7%d9%84%d8%b0%d9%83%d9%8a%d8%a9-%d8%8c-%d9%88%d8%b6%d8%b9-%d8%a7%d9%84%d8%b3%d8%b1%d8%b9%d8%a9-%d8%a7%d9%84%d8%aa%d9%84%d9%82%d8%a7%d8%a6%d9%8a","status":"publish","type":"product","link":"https:\/\/espacetechnologie.ma\/ar\/product\/imou-%d9%83%d8%a7%d9%85%d9%8a%d8%b1%d8%a7-rex-wifi-%d8%a7%d9%84%d8%b0%d9%83%d9%8a%d8%a9-%d8%8c-%d9%88%d8%b6%d8%b9-%d8%a7%d9%84%d8%b3%d8%b1%d8%b9%d8%a9-%d8%a7%d9%84%d8%aa%d9%84%d9%82%d8%a7%d8%a6%d9%8a\/","title":{"rendered":"imou \u0643\u0627\u0645\u064a\u0631\u0627 Rex WIFI \u0627\u0644\u0630\u0643\u064a\u0629 \u060c \u0648\u0636\u0639 \u0627\u0644\u0633\u0631\u0639\u0629 \u0627\u0644\u062a\u0644\u0642\u0627\u0626\u064a \u060c \u0627\u0644\u0631\u0624\u064a\u0629 \u0627\u0644\u0644\u064a\u0644\u064a\u0629 \u060c \u0627\u0644\u062a\u062d\u062f\u062b \u0641\u064a \u0627\u062a\u062c\u0627\u0647\u064a\u0646 \u060c \u0627\u0644\u0631\u062f\u0639 \u0627\u0644\u0646\u0634\u0637"},"content":{"rendered":"<p>-Vision Nocturne<br \/>\n-Vue \u00e0 360 \u00b0<br \/>\n-Audio Bidirectionnel<br \/>\n-D\u00e9tection Humaine<br \/>\n-Flash activ\u00e9 par le mouvement<br \/>\n-Suivi Intelligent<br \/>\n-Mode De Confidentialit\u00e9<br \/>\n-Connexion Wi-Fi<br \/>\n-Cloud\/Carte Micro SD\/NVR<\/p>","protected":false},"excerpt":{"rendered":"<p>-Vision Nocturne -Vue \u00e0 360 \u00b0 -Audio Bidirectionnel -D\u00e9tection Humaine -Flash activ\u00e9 par le mouvement -Suivi Intelligent -Mode De Confidentialit\u00e9 -Connexion Wi-Fi -Cloud\/Carte Micro SD\/NVR<\/p>","protected":false},"featured_media":6348,"comment_status":"open","ping_status":"closed","template":"","meta":{"event_title":"","event_details":"","event_timezone":"","event_gmap":"","event_image":"","event_image_url":"","event_calendar_link":"","event_location":"","event_datetime_with_summary":"","event_datetime":"","event_date_type":"","event_rulesummary":"","event_ticket_rsvp":"","_gspb_post_css":""},"product_brand":[],"product_cat":[131,132],"product_tag":[],"class_list":{"0":"post-6349","1":"product","2":"type-product","3":"status-publish","4":"has-post-thumbnail","6":"product_cat-cameras","7":"product_cat-cameras-de-surveillance","9":"first","10":"instock","11":"sale","12":"shipping-taxable","13":"purchasable","14":"product-type-simple"},"jetpack_sharing_enabled":true,"_links":{"self":[{"href":"https:\/\/espacetechnologie.ma\/ar\/wp-json\/wp\/v2\/product\/6349","targetHints":{"allow":["GET"]}}],"collection":[{"href":"https:\/\/espacetechnologie.ma\/ar\/wp-json\/wp\/v2\/product"}],"about":[{"href":"https:\/\/espacetechnologie.ma\/ar\/wp-json\/wp\/v2\/types\/product"}],"replies":[{"embeddable":true,"href":"https:\/\/espacetechnologie.ma\/ar\/wp-json\/wp\/v2\/comments?post=6349"}],"wp:featuredmedia":[{"embeddable":true,"href":"https:\/\/espacetechnologie.ma\/ar\/wp-json\/wp\/v2\/media\/6348"}],"wp:attachment":[{"href":"https:\/\/espacetechnologie.ma\/ar\/wp-json\/wp\/v2\/media?parent=6349"}],"wp:term":[{"taxonomy":"product_brand","embeddable":true,"href":"https:\/\/espacetechnologie.ma\/ar\/wp-json\/wp\/v2\/product_brand?post=6349"},{"taxonomy":"product_cat","embeddable":true,"href":"https:\/\/espacetechnologie.ma\/ar\/wp-json\/wp\/v2\/product_cat?post=6349"},{"taxonomy":"product_tag","embeddable":true,"href":"https:\/\/espacetechnologie.ma\/ar\/wp-json\/wp\/v2\/product_tag?post=6349"}],"curies":[{"name":"wp","href":"https:\/\/api.w.org\/{rel}","templated":true}]}}