{"id":6343,"date":"2025-07-08T15:18:59","date_gmt":"2025-07-08T14:18:59","guid":{"rendered":"https:\/\/espacetechnologie.ma\/product\/casque-filaire-usb-avec-micro-pour-centre-dappels-de-bureau\/"},"modified":"2025-08-02T14:53:12","modified_gmt":"2025-08-02T13:53:12","slug":"casque-filaire-usb-avec-micro-pour-centre-dappels-de-bureau","status":"publish","type":"product","link":"https:\/\/espacetechnologie.ma\/ar\/product\/casque-filaire-usb-avec-micro-pour-centre-dappels-de-bureau\/","title":{"rendered":"Casque Filaire USB Avec Micro Pour Centre D&rsquo;appels De Bureau"},"content":{"rendered":"<p>100% neuf et de haute qualit\u00e9.<br \/>\nLe prot\u00e8ge-oreilles en \u00e9ponge douce vous apporte une exp\u00e9rience de port confortable, m\u00eame une utilisation de longue dur\u00e9e.<br \/>\nLe bandeau r\u00e9glable peut \u00eatre facilement ajust\u00e9 \u00e0 diff\u00e9rentes tailles pour les personnes de diff\u00e9rentes tailles de t\u00eate.<br \/>\nInterface USB 3.0 unique, compatible avec USB 2.0, plug and play, facile \u00e0 utiliser.<br \/>\nMicrophone omnidirectionnel Flexible peut changer sa forme, peut \u00e9galement \u00eatre tourn\u00e9 d&rsquo;environ 270 \u00b0.<br \/>\nLargement adapt\u00e9 pour salle d&rsquo;ordinateur, bureau, maison, PC, ordinateur portable et ainsi de suite.<br \/>\nMat\u00e9riau: plastique + \u00e9ponge<br \/>\nCouleur: Noir<br \/>\nInterface: USB 3.0\/2.0<br \/>\nLongueur du c\u00e2ble: 2m<br \/>\nDiam\u00e8tre du haut-parleur: 30mm<br \/>\nFr\u00e9quence: 20Hz-20KHz<br \/>\nR\u00e9sistance: 32\u03a9<br \/>\nSensibilit\u00e9: 115db<br \/>\nBruit: \u2264-78dBA<br \/>\nTaille du Microphone: 6*5mm<br \/>\nSensibilit\u00e9 du Microphone: -42db<br \/>\nR\u00e9sistance du Microphone: \u2264 2.2k\u03a9<br \/>\nFr\u00e9quence du Microphone: 50Hz-15KHz<br \/>\nSyst\u00e8me d&rsquo;exploitation: Compatible avec windows XP\/vista\/ 7\/ 8\/10<br \/>\n1 * casque filaire de Center d&rsquo;appel<br \/>\nVeuillez permettre une erreur mineure en raison de la mesure manuelle.<br \/>\nLes couleurs peuvent \u00eatre un peu diff\u00e9rentes pour les diff\u00e9rents \u00e9crans de moniteur.<br \/>\nMat\u00e9riau: plastique + \u00e9ponge<br \/>\nCouleur: Noir<br \/>\nInterface: USB 3.0\/2.0<br \/>\nLongueur du c\u00e2ble: 2m<br \/>\nDiam\u00e8tre du haut-parleur: 30mm<br \/>\nFr\u00e9quence: 20Hz-20KHz<br \/>\nR\u00e9sistance: 32\u03a9<br \/>\nSensibilit\u00e9: 115db<br \/>\nBruit: \u2264-78dBA<br \/>\nTaille du Microphone: 6*5mm<br \/>\nSensibilit\u00e9 du Microphone: -42db<br \/>\nR\u00e9sistance du Microphone: \u2264 2.2k\u03a9<br \/>\nFr\u00e9quence du Microphone: 50Hz-15KHz<\/p>","protected":false},"excerpt":{"rendered":"<p>Caract\u00e9ristiques:<br \/>\n100% neuf et de haute qualit\u00e9.<br \/>\nLe prot\u00e8ge-oreilles en \u00e9ponge douce vous apporte une exp\u00e9rience de port confortable, m\u00eame une utilisation de longue dur\u00e9e.<br \/>\nLe bandeau r\u00e9glable peut \u00eatre facilement ajust\u00e9 \u00e0 diff\u00e9rentes tailles pour les personnes de diff\u00e9rentes tailles de t\u00eate.<br \/>\nInterface USB 3.0 unique, compatible avec USB 2.0, plug and play, facile \u00e0 utiliser.<br \/>\nMicrophone omnidirectionnel Flexible peut changer sa forme, peut \u00e9galement \u00eatre tourn\u00e9 d&rsquo;environ 270 \u00b0.<br \/>\nLargement adapt\u00e9 pour salle d&rsquo;ordinateur, bureau, maison, PC, ordinateur portable et ainsi de suite.<br \/>\nSp\u00e9cifications:<br \/>\nMat\u00e9riau: plastique + \u00e9ponge<br \/>\nCouleur: Noir<br \/>\nInterface: USB 3.0\/2.0<br \/>\nLongueur du c\u00e2ble: 2m<br \/>\nDiam\u00e8tre du haut-parleur: 30mm<br \/>\nFr\u00e9quence: 20Hz-20KHz<br \/>\nR\u00e9sistance: 32\u03a9<br \/>\nSensibilit\u00e9: 115db<br \/>\nBruit: \u2264-78dBA<br \/>\nTaille du Microphone: 6*5mm<br \/>\nSensibilit\u00e9 du Microphone: -42db<br \/>\nR\u00e9sistance du Microphone: \u2264 2.2k\u03a9<br \/>\nFr\u00e9quence du Microphone: 50Hz-15KHz<br \/>\nSyst\u00e8me d&rsquo;exploitation: Compatible avec windows XP\/vista\/ 7\/ 8\/10<br \/>\nLe forfait Comprend:<br \/>\n1 * casque filaire de Center d&rsquo;appel<br \/>\nNote:<br \/>\nVeuillez permettre une erreur mineure en raison de la mesure manuelle.<br \/>\nLes couleurs peuvent \u00eatre un peu diff\u00e9rentes pour les diff\u00e9rents \u00e9crans de moniteur.<br \/>\nMat\u00e9riau: plastique + \u00e9ponge<br \/>\nCouleur: Noir<br \/>\nInterface: USB 3.0\/2.0<br \/>\nLongueur du c\u00e2ble: 2m<br \/>\nDiam\u00e8tre du haut-parleur: 30mm<br \/>\nFr\u00e9quence: 20Hz-20KHz<br \/>\nR\u00e9sistance: 32\u03a9<br \/>\nSensibilit\u00e9: 115db<br \/>\nBruit: \u2264-78dBA<br \/>\nTaille du Microphone: 6*5mm<br \/>\nSensibilit\u00e9 du Microphone: -42db<br \/>\nR\u00e9sistance du Microphone: \u2264 2.2k\u03a9<br \/>\nFr\u00e9quence du Microphone: 50Hz-15KHz<br \/>\n1 x casque d\\&rsquo;ordinateur USB1 micro1 x manuel d\\&rsquo;utilisation<\/p>","protected":false},"featured_media":6342,"comment_status":"open","ping_status":"closed","template":"","meta":{"event_title":"","event_details":"","event_timezone":"","event_gmap":"","event_image":"","event_image_url":"","event_calendar_link":"","event_location":"","event_datetime_with_summary":"","event_datetime":"","event_date_type":"","event_rulesummary":"","event_ticket_rsvp":"","_gspb_post_css":""},"product_brand":[],"product_cat":[107,110],"product_tag":[],"class_list":{"0":"post-6343","1":"product","2":"type-product","3":"status-publish","4":"has-post-thumbnail","6":"product_cat-audio","7":"product_cat-casques","9":"first","10":"instock","11":"sale","12":"shipping-taxable","13":"purchasable","14":"product-type-simple"},"jetpack_sharing_enabled":true,"_links":{"self":[{"href":"https:\/\/espacetechnologie.ma\/ar\/wp-json\/wp\/v2\/product\/6343","targetHints":{"allow":["GET"]}}],"collection":[{"href":"https:\/\/espacetechnologie.ma\/ar\/wp-json\/wp\/v2\/product"}],"about":[{"href":"https:\/\/espacetechnologie.ma\/ar\/wp-json\/wp\/v2\/types\/product"}],"replies":[{"embeddable":true,"href":"https:\/\/espacetechnologie.ma\/ar\/wp-json\/wp\/v2\/comments?post=6343"}],"wp:featuredmedia":[{"embeddable":true,"href":"https:\/\/espacetechnologie.ma\/ar\/wp-json\/wp\/v2\/media\/6342"}],"wp:attachment":[{"href":"https:\/\/espacetechnologie.ma\/ar\/wp-json\/wp\/v2\/media?parent=6343"}],"wp:term":[{"taxonomy":"product_brand","embeddable":true,"href":"https:\/\/espacetechnologie.ma\/ar\/wp-json\/wp\/v2\/product_brand?post=6343"},{"taxonomy":"product_cat","embeddable":true,"href":"https:\/\/espacetechnologie.ma\/ar\/wp-json\/wp\/v2\/product_cat?post=6343"},{"taxonomy":"product_tag","embeddable":true,"href":"https:\/\/espacetechnologie.ma\/ar\/wp-json\/wp\/v2\/product_tag?post=6343"}],"curies":[{"name":"wp","href":"https:\/\/api.w.org\/{rel}","templated":true}]}}