{"id":6340,"date":"2025-07-08T15:18:59","date_gmt":"2025-07-08T14:18:59","guid":{"rendered":"https:\/\/espacetechnologie.ma\/product\/chargeur-iphone-sans-fil-compatible-avec-tous-les-iphone-pochette-iphone-13-pro-max\/"},"modified":"2025-08-02T15:48:25","modified_gmt":"2025-08-02T14:48:25","slug":"chargeur-iphone-sans-fil-compatible-avec-tous-les-iphone-pochette-iphone-13-pro-max","status":"publish","type":"product","link":"https:\/\/espacetechnologie.ma\/ar\/product\/chargeur-iphone-sans-fil-compatible-avec-tous-les-iphone-pochette-iphone-13-pro-max\/","title":{"rendered":"Chargeur iPhone Sans Fil Compatible avec Tous les iPhone + Pochette iPhone 13 PRO MAX"},"content":{"rendered":"<p>Avec le Chargeur Sans Fil, la recharge sans fil est une simple formalit\u00e9. Gr\u00e2ce \u00e0 l\u2019ajustement parfait des aimants, votre iPhone\u00a013 ou iPhone 13 Pro\u00a0 ou iPhone 13 Pro Max se connecte automatiquement au chargeur pour une recharge sans fil rapide \u00e0 une puissance de 15\u00a0W maximum.<br \/>\nLe chargeur Sans Fil\u00a0reste compatible avec la recharge Qi. Vous pouvez donc l\u2019utiliser comme vous le feriez avec un chargeur certifi\u00e9 Qi afin de recharger sans fil votre iPhone\u00a08 (ou mod\u00e8le ult\u00e9rieur) ainsi que les mod\u00e8les d\u2019AirPods avec bo\u00eetier de charge sans\u00a0fil.<br \/>\nL\u2019exp\u00e9rience d\u2019ajustement magn\u00e9tique est disponible uniquement avec l\u2019iPhone\u00a013 ou iPhone 13 Pro\u00a0 ou iPhone 13 Pro Max.<br \/>\nRecommand\u00e9\u00a0: adaptateur secteur USB\u2011C 20\u00a0W (vendu s\u00e9par\u00e9ment)<\/p>","protected":false},"excerpt":{"rendered":"<p>Chargeur Sans Fil<br \/>\nCompatible avec iPhone\u00a013 ou iPhone 13 Pro\u00a0 ou iPhone 13 Pro Max<br \/>\nCouleur Blanc<br \/>\nBranchement Type C<br \/>\nCharge Sans Fil<\/p>","protected":false},"featured_media":6339,"comment_status":"open","ping_status":"closed","template":"","meta":{"event_title":"","event_details":"","event_timezone":"","event_gmap":"","event_image":"","event_image_url":"","event_calendar_link":"","event_location":"","event_datetime_with_summary":"","event_datetime":"","event_date_type":"","event_rulesummary":"","event_ticket_rsvp":"","_gspb_post_css":""},"product_brand":[],"product_cat":[90,85,88,84],"product_tag":[],"class_list":{"0":"post-6340","1":"product","2":"type-product","3":"status-publish","4":"has-post-thumbnail","6":"product_cat-autres-accessoires-smartphone","7":"product_cat-chargeurs-telephone","8":"product_cat-powerbank","9":"product_cat-smartphone","11":"first","12":"instock","13":"sale","14":"shipping-taxable","15":"purchasable","16":"product-type-simple"},"jetpack_sharing_enabled":true,"_links":{"self":[{"href":"https:\/\/espacetechnologie.ma\/ar\/wp-json\/wp\/v2\/product\/6340","targetHints":{"allow":["GET"]}}],"collection":[{"href":"https:\/\/espacetechnologie.ma\/ar\/wp-json\/wp\/v2\/product"}],"about":[{"href":"https:\/\/espacetechnologie.ma\/ar\/wp-json\/wp\/v2\/types\/product"}],"replies":[{"embeddable":true,"href":"https:\/\/espacetechnologie.ma\/ar\/wp-json\/wp\/v2\/comments?post=6340"}],"wp:featuredmedia":[{"embeddable":true,"href":"https:\/\/espacetechnologie.ma\/ar\/wp-json\/wp\/v2\/media\/6339"}],"wp:attachment":[{"href":"https:\/\/espacetechnologie.ma\/ar\/wp-json\/wp\/v2\/media?parent=6340"}],"wp:term":[{"taxonomy":"product_brand","embeddable":true,"href":"https:\/\/espacetechnologie.ma\/ar\/wp-json\/wp\/v2\/product_brand?post=6340"},{"taxonomy":"product_cat","embeddable":true,"href":"https:\/\/espacetechnologie.ma\/ar\/wp-json\/wp\/v2\/product_cat?post=6340"},{"taxonomy":"product_tag","embeddable":true,"href":"https:\/\/espacetechnologie.ma\/ar\/wp-json\/wp\/v2\/product_tag?post=6340"}],"curies":[{"name":"wp","href":"https:\/\/api.w.org\/{rel}","templated":true}]}}