{"id":6323,"date":"2025-07-08T15:18:55","date_gmt":"2025-07-08T14:18:55","guid":{"rendered":"https:\/\/espacetechnologie.ma\/product\/ring-light-45-cm-led-lumiere-selfie-photographie-youtube-et-tik-tok-maquillage\/"},"modified":"2025-08-02T13:21:51","modified_gmt":"2025-08-02T12:21:51","slug":"ring-light-45-cm-led-lumiere-selfie-photographie-youtube-et-tik-tok-maquillage","status":"publish","type":"product","link":"https:\/\/espacetechnologie.ma\/ar\/product\/ring-light-45-cm-led-lumiere-selfie-photographie-youtube-et-tik-tok-maquillage\/","title":{"rendered":"Ring Light 45 cm Led lumi\u00e8re Selfie photographie Youtube et Tik Tok maquillage"},"content":{"rendered":"<p>Forme: Anneau<br \/>\nAmpoule LED: 336 pi\u00e8ces (168 pi\u00e8ces est pour la lumi\u00e8re froide, 168 pi\u00e8ces est pour la lumi\u00e8re chaude)<br \/>\nDiam\u00e8tre ext\u00e9rieur: 45 cm<br \/>\nDiam\u00e8tre int\u00e9rieur: 37 cm<br \/>\nTemp\u00e9rature de couleur: 3200 K-5600 K<br \/>\nDimmable: OUI<br \/>\nWatts: 48 W<\/p>","protected":false},"excerpt":{"rendered":"<p>D\u00e9tails du produit:<br \/>\nMat\u00e9riau de la coque: Plastique<br \/>\nTaille: 45cm\/18 pouces lumi\u00e8re annulaire<br \/>\nType de lumi\u00e8re de Source: LED<br \/>\nType de LED: \u00ab2835\u00bb<br \/>\nAMPOULE LED: 320 pi\u00e8ces<br \/>\nLumi\u00e8re Led taille: 25.5CM<br \/>\nPoids du colis: 1.515 kg<br \/>\nDimension: diam\u00e8tre int\u00e9rieur 36cm(14 pouces); Diam\u00e8tre ext\u00e9rieur 45cm (18 pouces)<br \/>\nMijotable en continu: 0-100%<br \/>\nTemp\u00e9rature de couleur: 2700K-5700K<br \/>\nPuissance d&rsquo;entr\u00e9e: AC100-240V 50\/60Hz<br \/>\nPuissance hors tension: 36W<br \/>\nLM:<br \/>\n1 x anneau lumineux LED<br \/>\n1 x stand<br \/>\n3 x support pour t\u00e9l\u00e9phone<\/p>","protected":false},"featured_media":6322,"comment_status":"open","ping_status":"closed","template":"","meta":{"event_title":"","event_details":"","event_timezone":"","event_gmap":"","event_image":"","event_image_url":"","event_calendar_link":"","event_location":"","event_datetime_with_summary":"","event_datetime":"","event_date_type":"","event_rulesummary":"","event_ticket_rsvp":"","_gspb_post_css":""},"product_brand":[],"product_cat":[117,116],"product_tag":[],"class_list":{"0":"post-6323","1":"product","2":"type-product","3":"status-publish","4":"has-post-thumbnail","6":"product_cat-eclairage-et-ring-lights","7":"product_cat-studio","9":"first","10":"instock","11":"sale","12":"shipping-taxable","13":"purchasable","14":"product-type-simple"},"jetpack_sharing_enabled":true,"_links":{"self":[{"href":"https:\/\/espacetechnologie.ma\/ar\/wp-json\/wp\/v2\/product\/6323","targetHints":{"allow":["GET"]}}],"collection":[{"href":"https:\/\/espacetechnologie.ma\/ar\/wp-json\/wp\/v2\/product"}],"about":[{"href":"https:\/\/espacetechnologie.ma\/ar\/wp-json\/wp\/v2\/types\/product"}],"replies":[{"embeddable":true,"href":"https:\/\/espacetechnologie.ma\/ar\/wp-json\/wp\/v2\/comments?post=6323"}],"wp:featuredmedia":[{"embeddable":true,"href":"https:\/\/espacetechnologie.ma\/ar\/wp-json\/wp\/v2\/media\/6322"}],"wp:attachment":[{"href":"https:\/\/espacetechnologie.ma\/ar\/wp-json\/wp\/v2\/media?parent=6323"}],"wp:term":[{"taxonomy":"product_brand","embeddable":true,"href":"https:\/\/espacetechnologie.ma\/ar\/wp-json\/wp\/v2\/product_brand?post=6323"},{"taxonomy":"product_cat","embeddable":true,"href":"https:\/\/espacetechnologie.ma\/ar\/wp-json\/wp\/v2\/product_cat?post=6323"},{"taxonomy":"product_tag","embeddable":true,"href":"https:\/\/espacetechnologie.ma\/ar\/wp-json\/wp\/v2\/product_tag?post=6323"}],"curies":[{"name":"wp","href":"https:\/\/api.w.org\/{rel}","templated":true}]}}