{"id":6297,"date":"2025-07-08T15:18:51","date_gmt":"2025-07-08T14:18:51","guid":{"rendered":"https:\/\/espacetechnologie.ma\/product\/onikuma-casque-k2-jeux-video-pour-pc-ps4\/"},"modified":"2025-08-10T18:21:15","modified_gmt":"2025-08-10T17:21:15","slug":"onikuma-casque-k2-jeux-video-pour-pc-ps4","status":"publish","type":"product","link":"https:\/\/espacetechnologie.ma\/ar\/product\/onikuma-casque-k2-jeux-video-pour-pc-ps4\/","title":{"rendered":"Onikuma Casque  K2 Jeux Vid\u00e9o  pour PC\/ PS4"},"content":{"rendered":"<p>&#8211; Diam\u00e8tre du haut-parleur: 50mm<br \/>\n&#8211; Type de casque: circum-aural<br \/>\n&#8211; Imp\u00e9dance: 20ohm +\/- 15%<br \/>\n&#8211; Sensibilit\u00e9: 117dB +\/- 3dB<br \/>\n&#8211; Fr\u00e9quence: 20Hz-20kHz<br \/>\n&#8211; Dimensions du microphone: 6.0mm x 2.7mm<br \/>\n&#8211; Sensibilit\u00e9 du microphone: -36dB<br \/>\n&#8211; Interface de casque: prises microphone, USB A et audio 3.5mm<br \/>\n&#8211; Longueur du c\u00e2ble: environ 2.2m<\/p>","protected":false},"excerpt":{"rendered":"<p>&#8211; Diam\u00e8tre du haut-parleur: 50mm &#8211; Type de casque: circum-aural &#8211; Imp\u00e9dance: 20ohm +\/- 15% &#8211; Sensibilit\u00e9: 117dB +\/- 3dB &#8211; Fr\u00e9quence: 20Hz-20kHz &#8211; Dimensions du microphone: 6.0mm x 2.7mm &#8211; Sensibilit\u00e9 du microphone: -36dB &#8211; Interface de casque: prises microphone, USB A et audio 3.5mm &#8211; Longueur du c\u00e2ble: environ 2.2m<\/p>","protected":false},"featured_media":6296,"comment_status":"open","ping_status":"closed","template":"","meta":{"event_title":"","event_details":"","event_timezone":"","event_gmap":"","event_image":"","event_image_url":"","event_calendar_link":"","event_location":"","event_datetime_with_summary":"","event_datetime":"","event_date_type":"","event_rulesummary":"","event_ticket_rsvp":"","_gspb_post_css":""},"product_brand":[],"product_cat":[107,110,129],"product_tag":[],"class_list":{"0":"post-6297","1":"product","2":"type-product","3":"status-publish","4":"has-post-thumbnail","6":"product_cat-audio","7":"product_cat-casques","8":"product_cat-gaming","10":"first","11":"instock","12":"featured","13":"shipping-taxable","14":"purchasable","15":"product-type-simple"},"jetpack_sharing_enabled":true,"_links":{"self":[{"href":"https:\/\/espacetechnologie.ma\/ar\/wp-json\/wp\/v2\/product\/6297","targetHints":{"allow":["GET"]}}],"collection":[{"href":"https:\/\/espacetechnologie.ma\/ar\/wp-json\/wp\/v2\/product"}],"about":[{"href":"https:\/\/espacetechnologie.ma\/ar\/wp-json\/wp\/v2\/types\/product"}],"replies":[{"embeddable":true,"href":"https:\/\/espacetechnologie.ma\/ar\/wp-json\/wp\/v2\/comments?post=6297"}],"wp:featuredmedia":[{"embeddable":true,"href":"https:\/\/espacetechnologie.ma\/ar\/wp-json\/wp\/v2\/media\/6296"}],"wp:attachment":[{"href":"https:\/\/espacetechnologie.ma\/ar\/wp-json\/wp\/v2\/media?parent=6297"}],"wp:term":[{"taxonomy":"product_brand","embeddable":true,"href":"https:\/\/espacetechnologie.ma\/ar\/wp-json\/wp\/v2\/product_brand?post=6297"},{"taxonomy":"product_cat","embeddable":true,"href":"https:\/\/espacetechnologie.ma\/ar\/wp-json\/wp\/v2\/product_cat?post=6297"},{"taxonomy":"product_tag","embeddable":true,"href":"https:\/\/espacetechnologie.ma\/ar\/wp-json\/wp\/v2\/product_tag?post=6297"}],"curies":[{"name":"wp","href":"https:\/\/api.w.org\/{rel}","templated":true}]}}