{"id":6291,"date":"2025-07-08T15:18:49","date_gmt":"2025-07-08T14:18:49","guid":{"rendered":"https:\/\/espacetechnologie.ma\/product\/%d8%b5%d9%86%d8%af%d9%88%d9%82-%d8%a5%d8%b6%d8%a7%d8%a1%d8%a9-%d8%a7%d8%b3%d8%aa%d9%88%d8%af%d9%8a%d9%88-%d8%a7%d9%84%d8%b5%d9%88%d8%b1-led-%d8%8c-%d9%85%d8%ac%d9%85%d9%88%d8%b9%d8%a9-%d8%af%d8%b9\/"},"modified":"2025-08-02T12:58:58","modified_gmt":"2025-08-02T11:58:58","slug":"%d8%b5%d9%86%d8%af%d9%88%d9%82-%d8%a5%d8%b6%d8%a7%d8%a1%d8%a9-%d8%a7%d8%b3%d8%aa%d9%88%d8%af%d9%8a%d9%88-%d8%a7%d9%84%d8%b5%d9%88%d8%b1-led-%d8%8c-%d9%85%d8%ac%d9%85%d9%88%d8%b9%d8%a9-%d8%af%d8%b9","status":"publish","type":"product","link":"https:\/\/espacetechnologie.ma\/ar\/product\/%d8%b5%d9%86%d8%af%d9%88%d9%82-%d8%a5%d8%b6%d8%a7%d8%a1%d8%a9-%d8%a7%d8%b3%d8%aa%d9%88%d8%af%d9%8a%d9%88-%d8%a7%d9%84%d8%b5%d9%88%d8%b1-led-%d8%8c-%d9%85%d8%ac%d9%85%d9%88%d8%b9%d8%a9-%d8%af%d8%b9\/","title":{"rendered":"\u0635\u0646\u062f\u0648\u0642 \u0625\u0636\u0627\u0621\u0629 \u0627\u0633\u062a\u0648\u062f\u064a\u0648 \u0627\u0644\u0635\u0648\u0631 LED \u060c \u0645\u062c\u0645\u0648\u0639\u0629 \u062f\u0639\u0645 \u0627\u0644\u062e\u0644\u0641\u064a\u0629 \u0645\u0639 2 \u0644\u0645\u0628\u0627\u062a \u0648 3 \u062e\u0644\u0641\u064a\u0629 \u0644\u0644\u062a\u0635\u0648\u064a\u0631"},"content":{"rendered":"<p>Supports de lumi\u00e8re:<br \/>\nFonction: pour assurer la s\u00e9curit\u00e9 de votre \u00e9quipement d&rsquo;\u00e9clairage lors de l&rsquo;utilisation et prendre en charge tous les principaux \u00e9quipements photo, y compris les r\u00e9flecteurs, les bo\u00eetes \u00e0 lumi\u00e8re, les lumi\u00e8res, les parapluies, les arri\u00e8re-plans et plus encore.<br \/>\nCouleur: noir<br \/>\nMat\u00e9riau: alliage d&rsquo;aluminium<br \/>\nHauteur de fonctionnement du support: 0.68m ~ 2m<br \/>\nMax. Hauteur: 200cm \/ 6.56ft<br \/>\nMax. Charge: 4kg\/8,82 lb<br \/>\nToile de fond:<br \/>\nAvantage: moins cher, facile \u00e0 utiliser, convient \u00e0 toutes les applications telles que les films effets sp\u00e9ciaux et la photographie, portable et pliable, pour absorber toute la lumi\u00e8re sans r\u00e9fl\u00e9chissant<br \/>\nTaille: 1.6*3M(5 pieds * 10 pieds)<br \/>\nMat\u00e9riau: tissu Non tiss\u00e9<br \/>\nCouleur: Bleu &#038; Rouge &#038; vert<br \/>\nSupport de fond:<br \/>\nFonction: pour tenir les fonds et le support d&rsquo;arri\u00e8re-plan de 2*2M est l\u00e9ger, robuste et extensible pour les deux studios.<br \/>\nMat\u00e9riau: aluminium<br \/>\nHauteur: jusqu&rsquo;\u00e0 2m\/6,6 pieds<br \/>\nLargeur: jusqu&rsquo;\u00e0 2m\/6,6 pieds<br \/>\nBo\u00eete \u00e0 lumi\u00e8re:<br \/>\nTaille: 50x70cm<br \/>\nPrise e27<br \/>\nAvec couvercle de diffuseur ext\u00e9rieur gratuit<br \/>\nUltime adoucir le flux de lumi\u00e8re et \u00e9liminer l&rsquo;ombre pour faire une prise de vue parfaite. Le visage interne argent\u00e9 peut minimiser la perte de lumi\u00e8re et maximiser la propagation de la lumi\u00e8re. La couverture douce blanche renforce l&rsquo;effet de la lumi\u00e8re douce.<br \/>\nLampe LED<br \/>\nAmpoule LED = ampoules \u00e0 incandescence compactes 250W, la puissance totale est de 500W. Vis universelle E27. \u00c9conomie d&rsquo;\u00e9nergie remplacement parfait pour ampoule \u00e0 incandescence. Longue dur\u00e9e de vie.<br \/>\nAmpoule de type E27<br \/>\nPuissance: 220- 240V<\/p>","protected":false},"excerpt":{"rendered":"<p>Kit d&rsquo;ampoules Led 25W 4 pi\u00e8ces, bo\u00eete \u00e0 lumi\u00e8re pour Studio Photo, bo\u00eete souple d&rsquo;\u00e9clairage 4 arri\u00e8re-plan + Support de fond<br \/>\nCe Kit d&rsquo;\u00e9clairage de studio est un kit professionnel avec tout ce dont vous avez besoin. Conception Ultra compacte faisant de ce kit le meilleur choix lorsque l&rsquo;espace de studio est limit\u00e9. Avec cette configuration, vous \u00eates pr\u00eat pour les photos de mode, les photos de produits, la reproduction photographique, les objets de collection, le tournage vid\u00e9o, etc.<\/p>\n<p>Supports de lumi\u00e8re:<br \/>\nFonction: pour assurer la s\u00e9curit\u00e9 de votre \u00e9quipement d&rsquo;\u00e9clairage lors de l&rsquo;utilisation et prendre en charge tous les principaux \u00e9quipements photo, y compris les r\u00e9flecteurs, les bo\u00eetes \u00e0 lumi\u00e8re, les lumi\u00e8res, les parapluies, les arri\u00e8re-plans et plus encore.<br \/>\nCouleur: noir<br \/>\nMat\u00e9riau: alliage d&rsquo;aluminium<br \/>\nHauteur de fonctionnement du support: 0.68m ~ 2m<br \/>\nMax. Hauteur: 200cm \/ 6.56ft<br \/>\nMax. Charge: 4kg\/8,82 lb<\/p>\n<p>Toile de fond:<br \/>\nAvantage: moins cher, facile \u00e0 utiliser, convient \u00e0 toutes les applications telles que les films effets sp\u00e9ciaux et la photographie, portable et pliable, pour absorber toute la lumi\u00e8re sans r\u00e9fl\u00e9chissant<br \/>\nTaille: 1.6*3M(5 pieds * 10 pieds)<br \/>\nMat\u00e9riau: tissu Non tiss\u00e9<br \/>\nCouleur: blanc &#038; noir &#038; vert &#038; gris<\/p>\n<p>Support de fond:<br \/>\nFonction: pour tenir les fonds et le support d&rsquo;arri\u00e8re-plan de 2*2M est l\u00e9ger, robuste et extensible pour les deux studios.<br \/>\nMat\u00e9riau: aluminium<br \/>\nHauteur: jusqu&rsquo;\u00e0 2m\/6,6 pieds<br \/>\nLargeur: jusqu&rsquo;\u00e0 2m\/6,6 pieds<\/p>\n<p>Bo\u00eete \u00e0 lumi\u00e8re:<br \/>\nTaille: 50x70cm<br \/>\nPrise e27<br \/>\nAvec couvercle de diffuseur ext\u00e9rieur gratuit<br \/>\nUltime adoucir le flux de lumi\u00e8re et \u00e9liminer l&rsquo;ombre pour faire une prise de vue parfaite. Le visage interne argent\u00e9 peut minimiser la perte de lumi\u00e8re et maximiser la propagation de la lumi\u00e8re. La couverture douce blanche renforce l&rsquo;effet de la lumi\u00e8re douce.<\/p>\n<p>Lampe LED 25W:<br \/>\nAmpoule LED 25W\/5500K = ampoules \u00e0 incandescence compactes 250W, la puissance totale est de 500W. Vis universelle E27. \u00c9conomie d&rsquo;\u00e9nergie remplacement parfait pour ampoule \u00e0 incandescence. Longue dur\u00e9e de vie.<br \/>\nAmpoule de type E27<br \/>\nType d&rsquo;ampoule: 25W<br \/>\nPuissance: 220- 240V<br \/>\nPoids: 0.3kg<\/p>\n<p>Emballage<br \/>\n2 x bo\u00eete \u00e0 lumi\u00e8re avec couvercle de diffuseur<br \/>\nAmpoule LED 4x25W<br \/>\nSupport de lumi\u00e8re de Studio 2x2m<br \/>\n1&#215;1.6*3m de toile de fond noire<br \/>\n1&#215;1.6*3m de toile de fond blanche<br \/>\n1&#215;1.6*3m de toile de fond verte<br \/>\n1&#215;1.6*3m de toile de fond grise<br \/>\nSupport de fond 1x2m * 2m<br \/>\n1 x sac de transport pour Support de fond<br \/>\n1 x sac de transport pour bo\u00eete \u00e0 lumi\u00e8re<br \/>\n3 x pinces<\/p>","protected":false},"featured_media":6290,"comment_status":"open","ping_status":"closed","template":"","meta":{"event_title":"","event_details":"","event_timezone":"","event_gmap":"","event_image":"","event_image_url":"","event_calendar_link":"","event_location":"","event_datetime_with_summary":"","event_datetime":"","event_date_type":"","event_rulesummary":"","event_ticket_rsvp":"","_gspb_post_css":""},"product_brand":[],"product_cat":[119,117,116],"product_tag":[],"class_list":{"0":"post-6291","1":"product","2":"type-product","3":"status-publish","4":"has-post-thumbnail","6":"product_cat-accessoires-studio","7":"product_cat-eclairage-et-ring-lights","8":"product_cat-studio","10":"first","11":"instock","12":"sale","13":"shipping-taxable","14":"purchasable","15":"product-type-simple"},"jetpack_sharing_enabled":true,"_links":{"self":[{"href":"https:\/\/espacetechnologie.ma\/ar\/wp-json\/wp\/v2\/product\/6291","targetHints":{"allow":["GET"]}}],"collection":[{"href":"https:\/\/espacetechnologie.ma\/ar\/wp-json\/wp\/v2\/product"}],"about":[{"href":"https:\/\/espacetechnologie.ma\/ar\/wp-json\/wp\/v2\/types\/product"}],"replies":[{"embeddable":true,"href":"https:\/\/espacetechnologie.ma\/ar\/wp-json\/wp\/v2\/comments?post=6291"}],"wp:featuredmedia":[{"embeddable":true,"href":"https:\/\/espacetechnologie.ma\/ar\/wp-json\/wp\/v2\/media\/6290"}],"wp:attachment":[{"href":"https:\/\/espacetechnologie.ma\/ar\/wp-json\/wp\/v2\/media?parent=6291"}],"wp:term":[{"taxonomy":"product_brand","embeddable":true,"href":"https:\/\/espacetechnologie.ma\/ar\/wp-json\/wp\/v2\/product_brand?post=6291"},{"taxonomy":"product_cat","embeddable":true,"href":"https:\/\/espacetechnologie.ma\/ar\/wp-json\/wp\/v2\/product_cat?post=6291"},{"taxonomy":"product_tag","embeddable":true,"href":"https:\/\/espacetechnologie.ma\/ar\/wp-json\/wp\/v2\/product_tag?post=6291"}],"curies":[{"name":"wp","href":"https:\/\/api.w.org\/{rel}","templated":true}]}}