{"id":6266,"date":"2025-07-08T15:18:44","date_gmt":"2025-07-08T14:18:44","guid":{"rendered":"https:\/\/espacetechnologie.ma\/product\/v8-%d8%a7%d9%84%d8%b5%d9%88%d8%aa-usb-%d8%a8%d8%b7%d8%a7%d9%82%d8%a9-%d8%a7%d9%84%d8%b5%d9%88%d8%aa-%d8%a7%d9%84%d8%ae%d8%a7%d8%b1%d8%ac%d9%8a%d8%a9-%d9%85%d9%8a%d9%83%d8%b1%d9%88%d9%81%d9%88%d9%86\/"},"modified":"2025-08-02T15:18:50","modified_gmt":"2025-08-02T14:18:50","slug":"v8-%d8%a7%d9%84%d8%b5%d9%88%d8%aa-usb-%d8%a8%d8%b7%d8%a7%d9%82%d8%a9-%d8%a7%d9%84%d8%b5%d9%88%d8%aa-%d8%a7%d9%84%d8%ae%d8%a7%d8%b1%d8%ac%d9%8a%d8%a9-%d9%85%d9%8a%d9%83%d8%b1%d9%88%d9%81%d9%88%d9%86","status":"publish","type":"product","link":"https:\/\/espacetechnologie.ma\/ar\/product\/v8-%d8%a7%d9%84%d8%b5%d9%88%d8%aa-usb-%d8%a8%d8%b7%d8%a7%d9%82%d8%a9-%d8%a7%d9%84%d8%b5%d9%88%d8%aa-%d8%a7%d9%84%d8%ae%d8%a7%d8%b1%d8%ac%d9%8a%d8%a9-%d9%85%d9%8a%d9%83%d8%b1%d9%88%d9%81%d9%88%d9%86\/","title":{"rendered":"V8 \u0627\u0644\u0635\u0648\u062a USB \u0628\u0637\u0627\u0642\u0629 \u0627\u0644\u0635\u0648\u062a \u0627\u0644\u062e\u0627\u0631\u062c\u064a\u0629 \u0645\u064a\u0643\u0631\u0648\u0641\u0648\u0646 \u0633\u0645\u0627\u0639\u0629 \u0627\u0644\u0631\u0623\u0633 \u0627\u0644\u0628\u062b \u0627\u0644\u0645\u0628\u0627\u0634\u0631 \u0627\u0644\u0634\u062e\u0635\u064a \u0644\u0644\u0647\u0627\u062a\u0641 \u0627\u0644\u0643\u0645\u0628\u064a\u0648\u062a\u0631"},"content":{"rendered":"<p>Mod\u00e8le: V8<br \/>\nType de micro: condenseur<br \/>\nObjets applicables: maison, ordinateur<br \/>\nOui sans fil: Oui<br \/>\nFonction de pointage: pointage super cardio\u00efde<br \/>\nCanal: 2<br \/>\nCapacit\u00e9 de la batterie: 1000mah<br \/>\nTension d&rsquo;entr\u00e9e: 110V<br \/>\nTaille: 22x14x4cm<br \/>\nMati\u00e8re: m\u00e9tal &#8211; ABS<br \/>\nCouleur: Noir<\/p>","protected":false},"excerpt":{"rendered":"<p>Caract\u00e9ristique:<br \/>\n1. 112 types de son \u00e9lectrique, 18 types d&rsquo;effets sonores, 6 types de modes d&rsquo;effet.<br \/>\n2. R\u00e9glage de la taille de r\u00e9verb\u00e9ration, r\u00e9glage du volume du microphone, r\u00e9glage des basses \u00e9lev\u00e9es, contr\u00f4le du volume d&rsquo;enregistrement, contr\u00f4le du volume de la musique, contr\u00f4le du volume de surveillance (fonction \u00e9couteur).<br \/>\n3. Supporter l&rsquo;utilisation de l&rsquo;ordinateur de t\u00e9l\u00e9phone portable, supporter l&rsquo;utilisation d&rsquo;un seul casque.<br \/>\n4. 7 types de m\u00e9thodes de connexion: un t\u00e9l\u00e9phone portable K chanson en direct, double t\u00e9l\u00e9phone portable en direct, trois t\u00e9l\u00e9phones mobiles en direct, t\u00e9l\u00e9phone portable ordinateur synchrone en direct, un ordinateur en direct, ordinateur d&rsquo;accompagnement t\u00e9l\u00e9phone portable en direct, instrument d&rsquo;entr\u00e9e t\u00e9l\u00e9phone portable en direct.<br \/>\nSp\u00e9cification:<br \/>\nBatterie: batterie rechargeable au lithium-ion<br \/>\nMati\u00e8re: M\u00e9tal<br \/>\nCouleur: Noir<br \/>\nTaille du produit: 125x105x2 5mm\/4.92&#215;4.13&#215;0.98\/&rsquo;\/&rsquo;<\/p>","protected":false},"featured_media":6265,"comment_status":"open","ping_status":"closed","template":"","meta":{"event_title":"","event_details":"","event_timezone":"","event_gmap":"","event_image":"","event_image_url":"","event_calendar_link":"","event_location":"","event_datetime_with_summary":"","event_datetime":"","event_date_type":"","event_rulesummary":"","event_ticket_rsvp":"","_gspb_post_css":""},"product_brand":[],"product_cat":[107],"product_tag":[],"class_list":{"0":"post-6266","1":"product","2":"type-product","3":"status-publish","4":"has-post-thumbnail","6":"product_cat-audio","8":"first","9":"instock","10":"sale","11":"shipping-taxable","12":"purchasable","13":"product-type-simple"},"jetpack_sharing_enabled":true,"_links":{"self":[{"href":"https:\/\/espacetechnologie.ma\/ar\/wp-json\/wp\/v2\/product\/6266","targetHints":{"allow":["GET"]}}],"collection":[{"href":"https:\/\/espacetechnologie.ma\/ar\/wp-json\/wp\/v2\/product"}],"about":[{"href":"https:\/\/espacetechnologie.ma\/ar\/wp-json\/wp\/v2\/types\/product"}],"replies":[{"embeddable":true,"href":"https:\/\/espacetechnologie.ma\/ar\/wp-json\/wp\/v2\/comments?post=6266"}],"wp:featuredmedia":[{"embeddable":true,"href":"https:\/\/espacetechnologie.ma\/ar\/wp-json\/wp\/v2\/media\/6265"}],"wp:attachment":[{"href":"https:\/\/espacetechnologie.ma\/ar\/wp-json\/wp\/v2\/media?parent=6266"}],"wp:term":[{"taxonomy":"product_brand","embeddable":true,"href":"https:\/\/espacetechnologie.ma\/ar\/wp-json\/wp\/v2\/product_brand?post=6266"},{"taxonomy":"product_cat","embeddable":true,"href":"https:\/\/espacetechnologie.ma\/ar\/wp-json\/wp\/v2\/product_cat?post=6266"},{"taxonomy":"product_tag","embeddable":true,"href":"https:\/\/espacetechnologie.ma\/ar\/wp-json\/wp\/v2\/product_tag?post=6266"}],"curies":[{"name":"wp","href":"https:\/\/api.w.org\/{rel}","templated":true}]}}