{"id":6258,"date":"2025-07-08T15:18:43","date_gmt":"2025-07-08T14:18:43","guid":{"rendered":"https:\/\/espacetechnologie.ma\/product\/haute-vitesse-v2-0-hdmi-cable-4k-male-a-male-3d-1080p-hd-pour-moniteur-ordinateur-tv-ps4-projecteur-hdtv-1m-1-5m-2m-3m-5m\/"},"modified":"2025-08-02T15:07:52","modified_gmt":"2025-08-02T14:07:52","slug":"haute-vitesse-v2-0-hdmi-cable-4k-male-a-male-3d-1080p-hd-pour-moniteur-ordinateur-tv-ps4-projecteur-hdtv-1m-1-5m-2m-3m-5m","status":"publish","type":"product","link":"https:\/\/espacetechnologie.ma\/ar\/product\/haute-vitesse-v2-0-hdmi-cable-4k-male-a-male-3d-1080p-hd-pour-moniteur-ordinateur-tv-ps4-projecteur-hdtv-1m-1-5m-2m-3m-5m\/","title":{"rendered":"Haute vitesse V2.0 HDMI c\u00e2ble 4K m\u00e2le \u00e0 m\u00e2le 3D 1080P HD pour moniteur ordinateur TV PS4 projecteur HDTV 1m 1.5m 2m 3m 5m"},"content":{"rendered":"<p>Description:<br \/>\nC\u00e2bles HDMI tress\u00e9s de qualit\u00e9 sup\u00e9rieure avec capots enti\u00e8rement m\u00e9talliques et connecteurs plaqu\u00e9s or. Ces c\u00e2bles sont v2.0 Full HD sp\u00e9cification. Ceci est la derni\u00e8re sp\u00e9cification. Ces c\u00e2bles sont adapt\u00e9s pour UltraHD et 3D.<br \/>\nHDMI (Interface multim\u00e9dia haute d\u00e9finition) est une sp\u00e9cification qui combine la vid\u00e9o et l&rsquo;audio en une seule interface num\u00e9rique pour une utilisation avec les lecteurs DVD, les lecteurs de t\u00e9l\u00e9vision num\u00e9rique (tvn), les d\u00e9codeurs, et d&rsquo;autres appareils audiovisuels. HDMI prend en charge la vid\u00e9o standard, am\u00e9lior\u00e9e ou haute d\u00e9finition ainsi que l&rsquo;audio surround multicanal standard.<br \/>\nConnexions: 19 broches m\u00e2le-19 broches m\u00e2le or<br \/>\nConforme aux versions HDMI 2.0, 1.4 et v1.3<br \/>\nLongueurs disponibles: 1m,1.5m, 2m, 3m, 5m<br \/>\nEnti\u00e8rement conforme HDCP pour fournir le plus haut niveau de qualit\u00e9 du signal.<br \/>\nCompatible avec tous les appareils utilisant des ports HDMI 18 ou 19pin: HDTV, Sony PS4, X Box, Sky HD box, enregistreurs\/lecteurs de HD-DVD, Blu-ray autres d\u00e9codeurs, moniteurs vid\u00e9o, projecteurs, TV LCD et PLASMA, etc.<br \/>\n30awg<br \/>\nCanal Ethernet HDMI-connecte les appareils via l&rsquo;affichage \u00e0 internet.<br \/>\nCanal de retour Audio-connecte votre syst\u00e8me home cin\u00e9ma \u00e0 l&rsquo;affichage via un c\u00e2ble<br \/>\nPrise en charge 3D-am\u00e9liorez votre exp\u00e9rience visuelle avec les m\u00e9dias compatibles 3D<br \/>\nPrise en charge 4K-prend en charge des r\u00e9solutions jusqu&rsquo;\u00e0 4k x 2k pour une image nette et claire<br \/>\nConnecteurs m\u00e9talliques \u00e9l\u00e9gants \u00e0 effet chrom\u00e9 avec tresse de c\u00e2ble ext\u00e9rieur en nylon.<br \/>\nSp\u00e9cifications:<br \/>\n100% neuf<br \/>\nCouleurs: (noir)<br \/>\nHDMI 2.0 prend en charge toutes les fonctionnalit\u00e9s V2.0<br \/>\nConnexions: 19 broches m\u00e2le \u00e0 19 broches m\u00e2le or<br \/>\nR\u00e9solution compl\u00e8te 2160 p ( 4096&#215;2160 Pixel)<br \/>\nHDMI prend en charge 4K @ 60hz, (2160p) &#8211; 4 fois la clart\u00e9 de 1080p<br \/>\nHaute qualit\u00e9\/haute vitesse\/plaqu\u00e9 or<br \/>\nCompatible avec tous les appareils utilisant des t\u00e9l\u00e9viseurs UHD 18 ou 19 broches-4k, des t\u00e9l\u00e9viseurs Full HD, Blu Ray, des d\u00e9codeurs, des projecteurs, des ordinateurs portables, des PC et des Consoles<br \/>\nCompatible avec les r\u00e9solutions 480p, 720p, 1080i, 1080p et 2160p<br \/>\nPrise en charge HDMI de l&rsquo;ethernet pour permettre une connectivit\u00e9 internet directe<br \/>\nPrend enti\u00e8rement en charge la fonction 3D sur HDMI.<br \/>\nCanal de retour Audio\/ Dolby\u00aePrise en charge du son Surround sans perte TrueHD et DTS HD<br \/>\nVersion HDMI: V2.0 et 100% r\u00e9trocompatible avec HDMI V1.1, V1.2, V1.3 et 1.4<br \/>\nEmballage Inclus:<br \/>\n1 * c\u00e2ble HDMI<\/p>","protected":false},"excerpt":{"rendered":"<p>Nom du produit: c\u00e2ble HDMI vers HDMI m\u00e2le\u00a0vers m\u00e2le<br \/>\nVersion:HDMI 2.0<br \/>\nR\u00e9solution: 4K * 2K 60HZ(1 ~ 3m),4K * 2K 30HZ(5 ~ 8m),1920*1080P 60HZ(10 ~ 20m), effet vid\u00e9o 3D<br \/>\nSp\u00e9cification du conducteur: 1 ~ 10m 28AWG(7\/0.127),15m 26AWG (7\/0.16),20m 28AWG(7\/0.127)<br \/>\nConstruction de noyaux: 19 + 1 broches<br \/>\nMat\u00e9riau du conducteur: cuivre sans oxyg\u00e8ne<br \/>\nMat\u00e9riel d&rsquo;interface: plaqu\u00e9 or 24K<br \/>\nMat\u00e9riau ext\u00e9rieur: PVC \u00e9cologique<br \/>\nDiam\u00e8tre ext\u00e9rieur: 7.3mm(1 ~ 10m),\u00a08.0mm(15m), 7.3mm(20m)<br \/>\nPort\u00e9e Applicable: tous les appareils avec interface HDMI, tels que les lecteurs DVD<br \/>\nconnect\u00e9s \u00e0 la t\u00e9l\u00e9vision HD, les projecteurs, la HD<\/p>","protected":false},"featured_media":6257,"comment_status":"open","ping_status":"closed","template":"","meta":{"event_title":"","event_details":"","event_timezone":"","event_gmap":"","event_image":"","event_image_url":"","event_calendar_link":"","event_location":"","event_datetime_with_summary":"","event_datetime":"","event_date_type":"","event_rulesummary":"","event_ticket_rsvp":"","_gspb_post_css":""},"product_brand":[],"product_cat":[124,123],"product_tag":[],"class_list":{"0":"post-6258","1":"product","2":"type-product","3":"status-publish","4":"has-post-thumbnail","6":"product_cat-cables-tv","7":"product_cat-tv","9":"first","10":"instock","11":"sale","12":"shipping-taxable","13":"purchasable","14":"product-type-simple"},"jetpack_sharing_enabled":true,"_links":{"self":[{"href":"https:\/\/espacetechnologie.ma\/ar\/wp-json\/wp\/v2\/product\/6258","targetHints":{"allow":["GET"]}}],"collection":[{"href":"https:\/\/espacetechnologie.ma\/ar\/wp-json\/wp\/v2\/product"}],"about":[{"href":"https:\/\/espacetechnologie.ma\/ar\/wp-json\/wp\/v2\/types\/product"}],"replies":[{"embeddable":true,"href":"https:\/\/espacetechnologie.ma\/ar\/wp-json\/wp\/v2\/comments?post=6258"}],"wp:featuredmedia":[{"embeddable":true,"href":"https:\/\/espacetechnologie.ma\/ar\/wp-json\/wp\/v2\/media\/6257"}],"wp:attachment":[{"href":"https:\/\/espacetechnologie.ma\/ar\/wp-json\/wp\/v2\/media?parent=6258"}],"wp:term":[{"taxonomy":"product_brand","embeddable":true,"href":"https:\/\/espacetechnologie.ma\/ar\/wp-json\/wp\/v2\/product_brand?post=6258"},{"taxonomy":"product_cat","embeddable":true,"href":"https:\/\/espacetechnologie.ma\/ar\/wp-json\/wp\/v2\/product_cat?post=6258"},{"taxonomy":"product_tag","embeddable":true,"href":"https:\/\/espacetechnologie.ma\/ar\/wp-json\/wp\/v2\/product_tag?post=6258"}],"curies":[{"name":"wp","href":"https:\/\/api.w.org\/{rel}","templated":true}]}}