{"id":6254,"date":"2025-07-08T15:18:42","date_gmt":"2025-07-08T14:18:42","guid":{"rendered":"https:\/\/espacetechnologie.ma\/product\/stations-de-charge-pour-montres-connectee-xiaomi-mibro-a1-x1-lite-color\/"},"modified":"2025-08-03T07:30:20","modified_gmt":"2025-08-03T06:30:20","slug":"stations-de-charge-pour-montres-connectee-xiaomi-mibro-a1-x1-lite-color","status":"publish","type":"product","link":"https:\/\/espacetechnologie.ma\/ar\/product\/stations-de-charge-pour-montres-connectee-xiaomi-mibro-a1-x1-lite-color\/","title":{"rendered":"Stations de charge pour montres connect\u00e9e Xiaomi Mibro A1\/X1\/Lite Color"},"content":{"rendered":"<p>Mod\u00e8les compatibles: Mibro X1\/Lite\/X1 Color Sport<br \/>\nTaille: 600mm\/1000mm<br \/>\nCouleur: C\u00e2ble de charge: noir<br \/>\ncourt-circuit de sortie pour la protection<br \/>\nfiltre de surtension et de surcharge pour la protection<br \/>\nAdoptez les composants import\u00e9s, vrai test de machine, repr\u00e9sentation vieillissante \u00e9lev\u00e9e de s\u00e9curit\u00e9<\/p>","protected":false},"excerpt":{"rendered":"<p>Mod\u00e8les compatibles: Mibro X1\/Lite\/X1 Color Sport Taille: 600mm\/1000mm Couleur: C\u00e2ble de charge: noir court-circuit de sortie pour la protection filtre de surtension et de surcharge pour la protection Adoptez les composants import\u00e9s, vrai test de machine, repr\u00e9sentation vieillissante \u00e9lev\u00e9e de s\u00e9curit\u00e9<\/p>","protected":false},"featured_media":6253,"comment_status":"open","ping_status":"closed","template":"","meta":{"event_title":"","event_details":"","event_timezone":"","event_gmap":"","event_image":"","event_image_url":"","event_calendar_link":"","event_location":"","event_datetime_with_summary":"","event_datetime":"","event_date_type":"","event_rulesummary":"","event_ticket_rsvp":"","_gspb_post_css":""},"product_brand":[],"product_cat":[94,91],"product_tag":[],"class_list":{"0":"post-6254","1":"product","2":"type-product","3":"status-publish","4":"has-post-thumbnail","6":"product_cat-chargeurs-smartwatch","7":"product_cat-smartwatch","9":"first","10":"instock","11":"sale","12":"shipping-taxable","13":"purchasable","14":"product-type-simple"},"jetpack_sharing_enabled":true,"_links":{"self":[{"href":"https:\/\/espacetechnologie.ma\/ar\/wp-json\/wp\/v2\/product\/6254","targetHints":{"allow":["GET"]}}],"collection":[{"href":"https:\/\/espacetechnologie.ma\/ar\/wp-json\/wp\/v2\/product"}],"about":[{"href":"https:\/\/espacetechnologie.ma\/ar\/wp-json\/wp\/v2\/types\/product"}],"replies":[{"embeddable":true,"href":"https:\/\/espacetechnologie.ma\/ar\/wp-json\/wp\/v2\/comments?post=6254"}],"wp:featuredmedia":[{"embeddable":true,"href":"https:\/\/espacetechnologie.ma\/ar\/wp-json\/wp\/v2\/media\/6253"}],"wp:attachment":[{"href":"https:\/\/espacetechnologie.ma\/ar\/wp-json\/wp\/v2\/media?parent=6254"}],"wp:term":[{"taxonomy":"product_brand","embeddable":true,"href":"https:\/\/espacetechnologie.ma\/ar\/wp-json\/wp\/v2\/product_brand?post=6254"},{"taxonomy":"product_cat","embeddable":true,"href":"https:\/\/espacetechnologie.ma\/ar\/wp-json\/wp\/v2\/product_cat?post=6254"},{"taxonomy":"product_tag","embeddable":true,"href":"https:\/\/espacetechnologie.ma\/ar\/wp-json\/wp\/v2\/product_tag?post=6254"}],"curies":[{"name":"wp","href":"https:\/\/api.w.org\/{rel}","templated":true}]}}