{"id":6250,"date":"2025-07-08T15:18:41","date_gmt":"2025-07-08T14:18:41","guid":{"rendered":"https:\/\/espacetechnologie.ma\/product\/cable-usb-type-c-vers-magnetique-3-pd-140w-alimentation-electrique-compatible-pour-macpleair\/"},"modified":"2025-08-03T07:28:28","modified_gmt":"2025-08-03T06:28:28","slug":"cable-usb-type-c-vers-magnetique-3-pd-140w-alimentation-electrique-compatible-pour-macpleair","status":"publish","type":"product","link":"https:\/\/espacetechnologie.ma\/ar\/product\/cable-usb-type-c-vers-magnetique-3-pd-140w-alimentation-electrique-compatible-pour-macpleair\/","title":{"rendered":"C\u00e2ble USB Type C vers Magn\u00e9tique 3, PD 140W, Alimentation \u00c9lectrique, Compatible pour MacPleAir"},"content":{"rendered":"<p>Nom: C\u00e2ble de charge magn\u00e9tique;<br \/>\nType d&rsquo;article: C\u00e2ble adaptateur pour ordinateur portable;<br \/>\nMat\u00e9riau: Nylon tress\u00e9 + ABS;<br \/>\nCouleur: Blanc;<br \/>\nTension: 27V;<br \/>\nCourant: 5A;<br \/>\nPuissance: 140W;<br \/>\nCaract\u00e9ristiques: tiss\u00e9, magn\u00e9tique, charge rapide;<br \/>\nFonctions: Compatible pour Macbook Air\/Pro via l&rsquo;interface<br \/>\nMagnetic 3;<br \/>\nCompatible pour MacBook Air (M22022), compatible pour MacBook Pro (14 pouces, M22023) (16 pouces, M22021) (14 pouces 2021)<br \/>\nLongueur de la ligne: 200cm\/78.7 pouces;<br \/>\nPoids: 43g;<\/p>","protected":false},"excerpt":{"rendered":"<p>Nom: C\u00e2ble de charge magn\u00e9tique; Type d&rsquo;article: C\u00e2ble adaptateur pour ordinateur portable; Mat\u00e9riau: Nylon tress\u00e9 + ABS; Couleur: Blanc; Tension: 27V; Courant: 5A; Puissance: 140W; Caract\u00e9ristiques: tiss\u00e9, magn\u00e9tique, charge rapide; Fonctions: Compatible pour Macbook Air\/Pro via l&rsquo;interface Magnetic 3; Compatible pour MacBook Air (M22022), compatible pour MacBook Pro (14 pouces, M22023) (16 pouces, M22021) (14 [&hellip;]<\/p>\n","protected":false},"featured_media":6249,"comment_status":"open","ping_status":"closed","template":"","meta":{"event_title":"","event_details":"","event_timezone":"","event_gmap":"","event_image":"","event_image_url":"","event_calendar_link":"","event_location":"","event_datetime_with_summary":"","event_datetime":"","event_date_type":"","event_rulesummary":"","event_ticket_rsvp":"","_gspb_post_css":""},"product_brand":[],"product_cat":[102,99,96],"product_tag":[],"class_list":{"0":"post-6250","1":"product","2":"type-product","3":"status-publish","4":"has-post-thumbnail","6":"product_cat-autres-accessoires-pc","7":"product_cat-chargeurs-pc","8":"product_cat-pc","10":"first","11":"instock","12":"sale","13":"shipping-taxable","14":"purchasable","15":"product-type-simple"},"jetpack_sharing_enabled":true,"_links":{"self":[{"href":"https:\/\/espacetechnologie.ma\/ar\/wp-json\/wp\/v2\/product\/6250","targetHints":{"allow":["GET"]}}],"collection":[{"href":"https:\/\/espacetechnologie.ma\/ar\/wp-json\/wp\/v2\/product"}],"about":[{"href":"https:\/\/espacetechnologie.ma\/ar\/wp-json\/wp\/v2\/types\/product"}],"replies":[{"embeddable":true,"href":"https:\/\/espacetechnologie.ma\/ar\/wp-json\/wp\/v2\/comments?post=6250"}],"wp:featuredmedia":[{"embeddable":true,"href":"https:\/\/espacetechnologie.ma\/ar\/wp-json\/wp\/v2\/media\/6249"}],"wp:attachment":[{"href":"https:\/\/espacetechnologie.ma\/ar\/wp-json\/wp\/v2\/media?parent=6250"}],"wp:term":[{"taxonomy":"product_brand","embeddable":true,"href":"https:\/\/espacetechnologie.ma\/ar\/wp-json\/wp\/v2\/product_brand?post=6250"},{"taxonomy":"product_cat","embeddable":true,"href":"https:\/\/espacetechnologie.ma\/ar\/wp-json\/wp\/v2\/product_cat?post=6250"},{"taxonomy":"product_tag","embeddable":true,"href":"https:\/\/espacetechnologie.ma\/ar\/wp-json\/wp\/v2\/product_tag?post=6250"}],"curies":[{"name":"wp","href":"https:\/\/api.w.org\/{rel}","templated":true}]}}