{"id":6238,"date":"2025-07-08T15:18:39","date_gmt":"2025-07-08T14:18:39","guid":{"rendered":"https:\/\/espacetechnologie.ma\/product\/cable-adaptateur-male-carre-convertisseur-dalimentation-cc-femelle\/"},"modified":"2025-08-02T16:19:42","modified_gmt":"2025-08-02T15:19:42","slug":"cable-adaptateur-male-carre-convertisseur-dalimentation-cc-femelle","status":"publish","type":"product","link":"https:\/\/espacetechnologie.ma\/ar\/product\/cable-adaptateur-male-carre-convertisseur-dalimentation-cc-femelle\/","title":{"rendered":"C\u00e2ble adaptateur m\u00e2le carr\u00e9, convertisseur d&rsquo;alimentation CC femelle"},"content":{"rendered":"<p>\u0648\u0635\u0641 \u0627\u0644\u0633\u0644\u0639\u0629<br \/>\n\u062a\u062d\u062f\u064a\u062f:<br \/>\n\u0625\u0646\u0647 \u0645\u0646\u062a\u062c \u062c\u062f\u064a\u062f \u0648\u0639\u0627\u0644\u064a \u0627\u0644\u062c\u0648\u062f\u0629 \u064a\u0645\u0643\u0646\u0647 \u062a\u062d\u0648\u064a\u0644 \u0645\u0648\u0635\u0644 \u062f\u0627\u0626\u0631\u064a \u0625\u0644\u0649 \u0645\u0648\u0635\u0644 \u0645\u0631\u0628\u0639.<br \/>\n\u0648\u0647\u064a \u0639\u0628\u0627\u0631\u0629 \u0639\u0646 \u0642\u0627\u0628\u0633 \u062f\u0627\u0626\u0631\u064a \u0645\u0642\u0627\u0633 7.9 \u0645\u0645 (\u0646\u0648\u0639 \u0642\u062f\u064a\u0645) \u0641\u064a \u0646\u0647\u0627\u064a\u0629 \u0627\u0644\u0642\u0627\u0628\u0633 \u0627\u0644\u0645\u0631\u0628\u0639 (\u0646\u0648\u0639 \u062c\u062f\u064a\u062f).<br \/>\n\u064a\u0648\u062c\u062f IC \u062e\u0627\u0635 \u0628\u0627\u0644\u062f\u0627\u062e\u0644 \u0644\u0640 IBM Lenovo Thinkpad.<br \/>\n\u0647\u0630\u0627 \u0647\u0648 \u0643\u0627\u0628\u0644 \u0645\u062d\u0648\u0644 \u0637\u0627\u0642\u0629 \u062e\u0627\u0635 \u0644\u062c\u0647\u0627\u0632 \u0627\u0644\u0643\u0645\u0628\u064a\u0648\u062a\u0631 \u0627\u0644\u0645\u062d\u0645\u0648\u0644 IBM Lenovo ThinkPad Edge \u0645\u062b\u0644 X1 Carbon Yoga 13 \u0623\u0648 \u0623\u062c\u0647\u0632\u0629 \u0627\u0644\u0643\u0645\u0628\u064a\u0648\u062a\u0631 \u0627\u0644\u0645\u062d\u0645\u0648\u0644\u0629 \u0627\u0644\u0645\u0633\u062a\u0642\u0628\u0644\u064a\u0629 \u0627\u0644\u062a\u064a \u064a\u0643\u0648\u0646 \u0645\u0646\u0641\u0630 \u0625\u062f\u062e\u0627\u0644 \u0627\u0644\u062a\u064a\u0627\u0631 \u0627\u0644\u0645\u0633\u062a\u0645\u0631 \u0641\u064a\u0647\u0627 \u0645\u0631\u0628\u0639\u064b\u0627.<br \/>\n\u062a\u062d\u062a\u0627\u062c \u0625\u0644\u0649 \u0627\u0644\u062a\u0623\u0643\u062f \u0645\u0646 \u0623\u0646 \u0627\u0644\u062c\u0647\u062f \u0648\u0627\u0644\u062a\u064a\u0627\u0631 \u0644\u0645\u062d\u0648\u0644 \u0627\u0644\u0637\u0627\u0642\u0629 \u0647\u0648 \u0646\u0641\u0633\u0647 \u0627\u0644\u0623\u0635\u0644\u064a.<br \/>\n\u064a\u0645\u0643\u0646\u0643 \u062a\u0648\u0635\u064a\u0644 \u0647\u0630\u0627 \u0627\u0644\u0645\u062d\u0648\u0644 \u0628\u064a\u0646 \u0627\u0644\u0642\u0627\u0628\u0633 \u0627\u0644\u0645\u0633\u062a\u062f\u064a\u0631 \u0627\u0644\u0642\u062f\u064a\u0645 \u0628\u0623\u062d\u062f\u062b \u0643\u0645\u0628\u064a\u0648\u062a\u0631 \u0645\u062d\u0645\u0648\u0644 \u0628\u0645\u0646\u0641\u0630 \u0625\u062f\u062e\u0627\u0644 DC \u0645\u0631\u0628\u0639.<br \/>\n\u0627\u0633\u0645 \u0627\u0644\u0639\u0646\u0635\u0631: \u0645\u0648\u0635\u0644 \u0627\u0644\u0637\u0627\u0642\u0629<br \/>\n\u062c\u0647\u062f \u0627\u0644\u0625\u062e\u0631\u0627\u062c: 20 \u0641\u0648\u0644\u062a<br \/>\n\u0627\u0644\u0639\u0644\u0627\u0645\u0629 \u0627\u0644\u062a\u062c\u0627\u0631\u064a\u0629 \u0627\u0644\u0645\u062a\u0648\u0627\u0641\u0642\u0629: \u0644\u0634\u0631\u0643\u0629 \u0622\u064a \u0628\u064a \u0625\u0645 \u060c \u0644\u064a\u0646\u0648\u0641\u0648<br \/>\n\u0627\u0644\u0645\u0648\u0635\u0644: 7.9 \u0645\u0645 \u0625\u0644\u0649 5.5 \u0645\u0645 (\u062f\u0627\u0626\u0631\u064a \u0625\u0644\u0649 \u0645\u0631\u0628\u0639)<br \/>\n\u0630\u0643\u0631: \u0645\u0631\u0628\u0639 \u0645\u0639 \u062f\u0628\u0648\u0633<br \/>\n\u062d\u062c\u0645 \u0627\u0644\u0648\u0627\u062c\u0647\u0629: 7.9 \u0645\u0645 \u00d7 5.5 \u0645\u0645 \/ 0.31 \u0628\u0648\u0635\u0629 \u00d7 0.22 \u0628\u0648\u0635\u0629 (\u062a\u0642\u0631\u064a\u0628\u064b\u0627)<br \/>\n\u0627\u0644\u0637\u0648\u0644: 10 \u0633\u0645<\/p>","protected":false},"excerpt":{"rendered":"<p>100% neuf et de haute qualit\u00e9<br \/>\nConnecteur (a): Interface femelle de 7.9mm * 5.0mm<br \/>\nConnecteur (b): prise \u00e0 broches carr\u00e9es pour Lenovo<br \/>\nAjustement: pour Lenovo ThinkPad 10 Helix 2 4X20E75066 TP00064A<br \/>\nQuantit\u00e9: 1 Pcs<\/p>","protected":false},"featured_media":6237,"comment_status":"open","ping_status":"closed","template":"","meta":{"event_title":"","event_details":"","event_timezone":"","event_gmap":"","event_image":"","event_image_url":"","event_calendar_link":"","event_location":"","event_datetime_with_summary":"","event_datetime":"","event_date_type":"","event_rulesummary":"","event_ticket_rsvp":"","_gspb_post_css":""},"product_brand":[],"product_cat":[102,96],"product_tag":[],"class_list":{"0":"post-6238","1":"product","2":"type-product","3":"status-publish","4":"has-post-thumbnail","6":"product_cat-autres-accessoires-pc","7":"product_cat-pc","9":"first","10":"instock","11":"sale","12":"shipping-taxable","13":"purchasable","14":"product-type-simple"},"jetpack_sharing_enabled":true,"_links":{"self":[{"href":"https:\/\/espacetechnologie.ma\/ar\/wp-json\/wp\/v2\/product\/6238","targetHints":{"allow":["GET"]}}],"collection":[{"href":"https:\/\/espacetechnologie.ma\/ar\/wp-json\/wp\/v2\/product"}],"about":[{"href":"https:\/\/espacetechnologie.ma\/ar\/wp-json\/wp\/v2\/types\/product"}],"replies":[{"embeddable":true,"href":"https:\/\/espacetechnologie.ma\/ar\/wp-json\/wp\/v2\/comments?post=6238"}],"wp:featuredmedia":[{"embeddable":true,"href":"https:\/\/espacetechnologie.ma\/ar\/wp-json\/wp\/v2\/media\/6237"}],"wp:attachment":[{"href":"https:\/\/espacetechnologie.ma\/ar\/wp-json\/wp\/v2\/media?parent=6238"}],"wp:term":[{"taxonomy":"product_brand","embeddable":true,"href":"https:\/\/espacetechnologie.ma\/ar\/wp-json\/wp\/v2\/product_brand?post=6238"},{"taxonomy":"product_cat","embeddable":true,"href":"https:\/\/espacetechnologie.ma\/ar\/wp-json\/wp\/v2\/product_cat?post=6238"},{"taxonomy":"product_tag","embeddable":true,"href":"https:\/\/espacetechnologie.ma\/ar\/wp-json\/wp\/v2\/product_tag?post=6238"}],"curies":[{"name":"wp","href":"https:\/\/api.w.org\/{rel}","templated":true}]}}