{"id":6225,"date":"2025-07-08T15:18:36","date_gmt":"2025-07-08T14:18:36","guid":{"rendered":"https:\/\/espacetechnologie.ma\/product\/20w-30w-5v-usb-%d9%82%d8%a7%d8%a8%d9%84%d8%a9-%d9%84%d9%84%d8%b7%d9%8a-%d8%a7%d9%84%d8%a3%d9%84%d9%88%d8%a7%d8%ad-%d8%a7%d9%84%d8%b4%d9%85%d8%b3%d9%8a%d8%a9-%d9%84%d9%84%d8%aa%d8%ae%d9%8a%d9%8a\/"},"modified":"2025-08-06T19:31:11","modified_gmt":"2025-08-06T18:31:11","slug":"20w-30w-5v-usb-%d9%82%d8%a7%d8%a8%d9%84%d8%a9-%d9%84%d9%84%d8%b7%d9%8a-%d8%a7%d9%84%d8%a3%d9%84%d9%88%d8%a7%d8%ad-%d8%a7%d9%84%d8%b4%d9%85%d8%b3%d9%8a%d8%a9-%d9%84%d9%84%d8%aa%d8%ae%d9%8a%d9%8a","status":"publish","type":"product","link":"https:\/\/espacetechnologie.ma\/ar\/product\/20w-30w-5v-usb-%d9%82%d8%a7%d8%a8%d9%84%d8%a9-%d9%84%d9%84%d8%b7%d9%8a-%d8%a7%d9%84%d8%a3%d9%84%d9%88%d8%a7%d8%ad-%d8%a7%d9%84%d8%b4%d9%85%d8%b3%d9%8a%d8%a9-%d9%84%d9%84%d8%aa%d8%ae%d9%8a%d9%8a\/","title":{"rendered":"20W \/ 30W 5V USB \u0642\u0627\u0628\u0644\u0629 \u0644\u0644\u0637\u064a \u0627\u0644\u0623\u0644\u0648\u0627\u062d \u0627\u0644\u0634\u0645\u0633\u064a\u0629 \u0644\u0644\u062a\u062e\u064a\u064a\u0645 \u0648\u0627\u0644\u0645\u0634\u064a \u0644\u0645\u0633\u0627\u0641\u0627\u062a \u0637\u0648\u064a\u0644\u0629"},"content":{"rendered":"<p>Mat\u00e9riel: animal de compagnie<br \/>\nCouleur: camouflage, noir (facultatif)<br \/>\nCat\u00e9gorie imperm\u00e9able: IP65<br \/>\nTaux de conversion d&rsquo;\u00e9nergie solaire: 18-19.5%<br \/>\nPuissance maximale (pmax): 20W<br \/>\nCourant de puissance maximal (Imp): 1A<br \/>\nSortie: USB 5V<br \/>\nTension en circuit ouvert (cov): 5V<br \/>\nCourant de court-circuit (Isc): 2000 hA<br \/>\nTaille d&#8217;emballage: 200x140x35mm<br \/>\nTaille \u00e9largie: 440x165x3mm<br \/>\nTaille pli\u00e9e: 165x105x20mm<br \/>\nPoids net du produit: 320g<\/p>","protected":false},"excerpt":{"rendered":"<p>Mat\u00e9riel: animal de compagnie Couleur: camouflage, noir (facultatif) Cat\u00e9gorie imperm\u00e9able: IP65 Taux de conversion d&rsquo;\u00e9nergie solaire: 18-19.5% Puissance maximale (pmax): 20W Courant de puissance maximal (Imp): 1A Sortie: USB 5V Tension en circuit ouvert (cov): 5V Courant de court-circuit (Isc): 2000 hA Taille d&#8217;emballage: 200x140x35mm Taille \u00e9largie: 440x165x3mm Taille pli\u00e9e: 165x105x20mm Poids net du produit: [&hellip;]<\/p>\n","protected":false},"featured_media":6224,"comment_status":"open","ping_status":"closed","template":"","meta":{"event_title":"","event_details":"","event_timezone":"","event_gmap":"","event_image":"","event_image_url":"","event_calendar_link":"","event_location":"","event_datetime_with_summary":"","event_datetime":"","event_date_type":"","event_rulesummary":"","event_ticket_rsvp":"","_gspb_post_css":""},"product_brand":[],"product_cat":[82],"product_tag":[],"class_list":{"0":"post-6225","1":"product","2":"type-product","3":"status-publish","4":"has-post-thumbnail","6":"product_cat-gadgets","8":"first","9":"instock","10":"sale","11":"featured","12":"shipping-taxable","13":"purchasable","14":"product-type-simple"},"jetpack_sharing_enabled":true,"_links":{"self":[{"href":"https:\/\/espacetechnologie.ma\/ar\/wp-json\/wp\/v2\/product\/6225","targetHints":{"allow":["GET"]}}],"collection":[{"href":"https:\/\/espacetechnologie.ma\/ar\/wp-json\/wp\/v2\/product"}],"about":[{"href":"https:\/\/espacetechnologie.ma\/ar\/wp-json\/wp\/v2\/types\/product"}],"replies":[{"embeddable":true,"href":"https:\/\/espacetechnologie.ma\/ar\/wp-json\/wp\/v2\/comments?post=6225"}],"wp:featuredmedia":[{"embeddable":true,"href":"https:\/\/espacetechnologie.ma\/ar\/wp-json\/wp\/v2\/media\/6224"}],"wp:attachment":[{"href":"https:\/\/espacetechnologie.ma\/ar\/wp-json\/wp\/v2\/media?parent=6225"}],"wp:term":[{"taxonomy":"product_brand","embeddable":true,"href":"https:\/\/espacetechnologie.ma\/ar\/wp-json\/wp\/v2\/product_brand?post=6225"},{"taxonomy":"product_cat","embeddable":true,"href":"https:\/\/espacetechnologie.ma\/ar\/wp-json\/wp\/v2\/product_cat?post=6225"},{"taxonomy":"product_tag","embeddable":true,"href":"https:\/\/espacetechnologie.ma\/ar\/wp-json\/wp\/v2\/product_tag?post=6225"}],"curies":[{"name":"wp","href":"https:\/\/api.w.org\/{rel}","templated":true}]}}