{"id":6223,"date":"2025-07-08T15:18:36","date_gmt":"2025-07-08T14:18:36","guid":{"rendered":"https:\/\/espacetechnologie.ma\/product\/cable-separateur-adaptateur-connecteur-cordon-pour-mp3-4-telephone-pc-et-carte-son\/"},"modified":"2025-08-03T07:57:47","modified_gmt":"2025-08-03T06:57:47","slug":"cable-separateur-adaptateur-connecteur-cordon-pour-mp3-4-telephone-pc-et-carte-son","status":"publish","type":"product","link":"https:\/\/espacetechnologie.ma\/ar\/product\/cable-separateur-adaptateur-connecteur-cordon-pour-mp3-4-telephone-pc-et-carte-son\/","title":{"rendered":"c\u00e2ble s\u00e9parateur adaptateur connecteur cordon pour Mp3 4 t\u00e9l\u00e9phone Pc et carte son"},"content":{"rendered":"<p>Description:<br \/>\nAppareil Applicable: tous les ordinateurs avec carte son, y compris les ordinateurs portables et PC.<br \/>\nTant que vous avez un t\u00e9l\u00e9phone intelligent avec une interface standard 3.5, vous pouvez utiliser cet adaptateur pour transformer votre casque d&rsquo;\u00e9couteurs en casque d&rsquo;ordinateur de haute qualit\u00e9.<br \/>\nConception Audio double prise 3.5 parfaite pour les \u00e9quipements audio compatibles.<br \/>\nConception portative compacte, pr\u00eate \u00e0 appr\u00e9cier la musique<br \/>\nC\u00e2ble \u00e9lastique<br \/>\nBonne flexibilit\u00e9<br \/>\nAspect exquis de mode<br \/>\nSp\u00e9cifications:<br \/>\nCouleur: noir\/blanc<br \/>\nMat\u00e9riel de noyau de fil: fil de cuivre nu<br \/>\nSp\u00e9cifications:<br \/>\nConception Audio double prise 3.5 parfaite pour les \u00e9quipements audio compatibles.<br \/>\nConception portative compacte, pr\u00eate \u00e0 appr\u00e9cier la musique<br \/>\nC\u00e2ble \u00e9lastique<br \/>\nBonne flexibilit\u00e9<br \/>\nAspect exquis de mode<br \/>\nApplicable avec tous les ordinateurs avec carte son<br \/>\nEmballage Inclus:<br \/>\n1 * c\u00e2ble audio<\/p>","protected":false},"excerpt":{"rendered":"<p>Le c\u00e2ble s\u00e9parateur audio convertit une seule prise audio 3,5 mm en deux prises 3,5 mm, un m\u00e2le \u00e0 deux femelles.<br \/>\nConnectez votre t\u00e9l\u00e9phone intelligent, lecteur MP3, ordinateur portable, tablette, PC et plus encore \u00e0 2 \u00e9couteurs simultan\u00e9ment.<br \/>\nPartagez de la musique ou du son merveilleux avec votre ami ou votre amoureux \u00e0 partir de la m\u00eame source en m\u00eame temps.<br \/>\nLe connecteur plaqu\u00e9 or 24 carats, durable et fiable, assure une transmission de signal stable et forte.<br \/>\nCompatible avec tous les appareils audio avec une prise casque standard de 3,5 mm, tr\u00e8s facile \u00e0 utiliser.<br \/>\nLe c\u00e2ble s\u00e9parateur audio convertit une seule prise audio 3,5 mm en deux prises 3,5 mm, un m\u00e2le \u00e0 deux femelles.<\/p>","protected":false},"featured_media":6222,"comment_status":"open","ping_status":"closed","template":"","meta":{"event_title":"","event_details":"","event_timezone":"","event_gmap":"","event_image":"","event_image_url":"","event_calendar_link":"","event_location":"","event_datetime_with_summary":"","event_datetime":"","event_date_type":"","event_rulesummary":"","event_ticket_rsvp":"","_gspb_post_css":""},"product_brand":[],"product_cat":[87,102,90,82,96,84],"product_tag":[],"class_list":{"0":"post-6223","1":"product","2":"type-product","3":"status-publish","4":"has-post-thumbnail","6":"product_cat-adaptateurs","7":"product_cat-autres-accessoires-pc","8":"product_cat-autres-accessoires-smartphone","9":"product_cat-gadgets","10":"product_cat-pc","11":"product_cat-smartphone","13":"first","14":"instock","15":"sale","16":"shipping-taxable","17":"purchasable","18":"product-type-simple"},"jetpack_sharing_enabled":true,"_links":{"self":[{"href":"https:\/\/espacetechnologie.ma\/ar\/wp-json\/wp\/v2\/product\/6223","targetHints":{"allow":["GET"]}}],"collection":[{"href":"https:\/\/espacetechnologie.ma\/ar\/wp-json\/wp\/v2\/product"}],"about":[{"href":"https:\/\/espacetechnologie.ma\/ar\/wp-json\/wp\/v2\/types\/product"}],"replies":[{"embeddable":true,"href":"https:\/\/espacetechnologie.ma\/ar\/wp-json\/wp\/v2\/comments?post=6223"}],"wp:featuredmedia":[{"embeddable":true,"href":"https:\/\/espacetechnologie.ma\/ar\/wp-json\/wp\/v2\/media\/6222"}],"wp:attachment":[{"href":"https:\/\/espacetechnologie.ma\/ar\/wp-json\/wp\/v2\/media?parent=6223"}],"wp:term":[{"taxonomy":"product_brand","embeddable":true,"href":"https:\/\/espacetechnologie.ma\/ar\/wp-json\/wp\/v2\/product_brand?post=6223"},{"taxonomy":"product_cat","embeddable":true,"href":"https:\/\/espacetechnologie.ma\/ar\/wp-json\/wp\/v2\/product_cat?post=6223"},{"taxonomy":"product_tag","embeddable":true,"href":"https:\/\/espacetechnologie.ma\/ar\/wp-json\/wp\/v2\/product_tag?post=6223"}],"curies":[{"name":"wp","href":"https:\/\/api.w.org\/{rel}","templated":true}]}}