{"id":6184,"date":"2025-07-08T15:18:27","date_gmt":"2025-07-08T14:18:27","guid":{"rendered":"https:\/\/espacetechnologie.ma\/product\/candc-trepie-professionnel-telescopique-en-aluminium-sac-de-transport\/"},"modified":"2025-08-02T15:19:29","modified_gmt":"2025-08-02T14:19:29","slug":"candc-trepie-professionnel-telescopique-en-aluminium-sac-de-transport","status":"publish","type":"product","link":"https:\/\/espacetechnologie.ma\/ar\/product\/candc-trepie-professionnel-telescopique-en-aluminium-sac-de-transport\/","title":{"rendered":"Candc Tr\u00e9pie Professionnel T\u00e9lescopique en aluminium + sac de transport"},"content":{"rendered":"<p>Caract\u00e9ristiques:<br \/>\nTr\u00e9pied Portable et l\u00e9ger:Fabriqu\u00e9 en alliage d&rsquo;aluminium l\u00e9ger, hauteur pli\u00e9e de 52cm et design avec poign\u00e9e portable, facile \u00e0 transporter.<br \/>\nHauteur r\u00e9glable:Les jambes t\u00e9lescopiques \u00e0 3 sections et la conception de l&rsquo;axe central vous permettent d&rsquo;ajuster la hauteur du tr\u00e9pied librement, et la hauteur d&rsquo;utilisation maximale est jusqu&rsquo;\u00e0 135cm lorsque l&rsquo;axe central est compl\u00e8tement \u00e9tendu.<br \/>\nUtilisation Flexible:La plate-forme tridimensionnelle vous permet d&rsquo;ajuster facilement l&rsquo;ange de prise de vue; Et la plaque de d\u00e9gagement rapide avec vis de 1\/4 pouces vous permet de charger et de d\u00e9charger rapidement votre appareil photo, tr\u00e8s flexible \u00e0 utiliser.<br \/>\nApplication large:3kg max. Capacit\u00e9 de charge, fonctionne bien avec la plupart des appareils photo reflex num\u00e9riques, appareil photo num\u00e9rique, DV, mini cam\u00e9scope; Livr\u00e9 avec un support pour t\u00e9l\u00e9phone, vous pouvez \u00e9galement utiliser votre smartphone avec ce tr\u00e9pied pour prendre des photos ou enregistrer des vid\u00e9os.<br \/>\nAutres Caract\u00e9ristiques:Pieds en caoutchouc pour rendre le tr\u00e9pied plus stable; Crochet \u00e0 gravit\u00e9 pour augmenter la stabilit\u00e9 du tr\u00e9pied en ajoutant un poids suppl\u00e9mentaire; Niveau \u00e0 bulles pour vous aider \u00e0 trouver l&rsquo;\u00e9quilibre avec pr\u00e9cision et rapidement.<\/p>\n<p>Sp\u00e9cifications:<br \/>\nCouleur:Noir\/argent\/bleu (facultatif)<br \/>\nMat\u00e9riel: alliage d&rsquo;aluminium + ABS<br \/>\nHauteur pli\u00e9e: 52cm\/ 20.5in<br \/>\nHauteur d&rsquo;utilisation maximale: 135cm\/ 53.1in<br \/>\nHauteur d&rsquo;utilisation minimale: 50cm\/ 19.7in<br \/>\nSections de jambe: 3 Sections<br \/>\nCapacit\u00e9 de charge maxi: 3kg\/<br \/>\nVis de raccordement: vis de 1\/4 pouces<br \/>\nPoids de l&rsquo;article: 683g\/ 1.5lbs<br \/>\nTaille de paquet: 52*10*10cm\/ 20.5*3.9 * 3.9in<br \/>\nPoids du paquet: 868g\/ 1.9lbs<\/p>\n<p>Note:<br \/>\nL&rsquo;appareil photo et le smartphone montr\u00e9s dans l&rsquo;image ne sont pas inclus.<\/p>\n<p>Liste de paquet:<br \/>\n1 * tr\u00e9pied<br \/>\n1 * Sac De transport<br \/>\n1 * Support Pour T\u00e9l\u00e9phone<br \/>\nLumi\u00e8re d&rsquo;anneau Sp\u00e9cifications:<br \/>\nLED: 180 pi\u00e8ces<br \/>\nPuissance: 24W<br \/>\nLuminosit\u00e9: 11 niveaux<br \/>\nTemp\u00e9rature de couleur: 2700-5500K<br \/>\nAlimentation: cc 12V<br \/>\nAdaptateur secteur:100-240V prise US\/ue\/royaume-uni\/AU (en option)<br \/>\nDiam\u00e8tre ext\u00e9rieur: 30cm \/ 11.8in<br \/>\nDiam\u00e8tre int\u00e9rieur: 24cm \/ 9.4in<br \/>\nPoids de l&rsquo;article: 270g \/ 9.5oz<br \/>\nTaille de l&#8217;emballage: 35.5*34.5*6cm \/ 14*13.6 * 2.4in<br \/>\nPoids du paquet: 810g \/ 1.8lbs<br \/>\nListe de paquet:<br \/>\n1 * Lumi\u00e8re d&rsquo;anneau<br \/>\n1 * Support Pour T\u00e9l\u00e9phone<br \/>\n2 * Rotule<br \/>\n1 * Adaptateur secteur<\/p>","protected":false},"excerpt":{"rendered":"<p>Couleur:Noir<br \/>\nMat\u00e9riel: alliage d&rsquo;aluminium + ABS<br \/>\nHauteur pli\u00e9e: 52cm<br \/>\nHauteur d&rsquo;utilisation maximale: 135cm<br \/>\nSections de jambe: 3 Sections<\/p>","protected":false},"featured_media":6183,"comment_status":"open","ping_status":"closed","template":"","meta":{"event_title":"","event_details":"","event_timezone":"","event_gmap":"","event_image":"","event_image_url":"","event_calendar_link":"","event_location":"","event_datetime_with_summary":"","event_datetime":"","event_date_type":"","event_rulesummary":"","event_ticket_rsvp":"","_gspb_post_css":""},"product_brand":[],"product_cat":[119,116],"product_tag":[],"class_list":{"0":"post-6184","1":"product","2":"type-product","3":"status-publish","4":"has-post-thumbnail","6":"product_cat-accessoires-studio","7":"product_cat-studio","9":"first","10":"instock","11":"sale","12":"shipping-taxable","13":"purchasable","14":"product-type-simple"},"jetpack_sharing_enabled":true,"_links":{"self":[{"href":"https:\/\/espacetechnologie.ma\/ar\/wp-json\/wp\/v2\/product\/6184","targetHints":{"allow":["GET"]}}],"collection":[{"href":"https:\/\/espacetechnologie.ma\/ar\/wp-json\/wp\/v2\/product"}],"about":[{"href":"https:\/\/espacetechnologie.ma\/ar\/wp-json\/wp\/v2\/types\/product"}],"replies":[{"embeddable":true,"href":"https:\/\/espacetechnologie.ma\/ar\/wp-json\/wp\/v2\/comments?post=6184"}],"wp:featuredmedia":[{"embeddable":true,"href":"https:\/\/espacetechnologie.ma\/ar\/wp-json\/wp\/v2\/media\/6183"}],"wp:attachment":[{"href":"https:\/\/espacetechnologie.ma\/ar\/wp-json\/wp\/v2\/media?parent=6184"}],"wp:term":[{"taxonomy":"product_brand","embeddable":true,"href":"https:\/\/espacetechnologie.ma\/ar\/wp-json\/wp\/v2\/product_brand?post=6184"},{"taxonomy":"product_cat","embeddable":true,"href":"https:\/\/espacetechnologie.ma\/ar\/wp-json\/wp\/v2\/product_cat?post=6184"},{"taxonomy":"product_tag","embeddable":true,"href":"https:\/\/espacetechnologie.ma\/ar\/wp-json\/wp\/v2\/product_tag?post=6184"}],"curies":[{"name":"wp","href":"https:\/\/api.w.org\/{rel}","templated":true}]}}