{"id":6178,"date":"2025-07-08T15:18:26","date_gmt":"2025-07-08T14:18:26","guid":{"rendered":"https:\/\/espacetechnologie.ma\/product\/%d9%81%d9%88%d8%a7%d8%ad%d8%a9-%d8%b9%d8%b7%d8%b1-%d8%ac%d9%85%d9%8a%d9%84%d8%a9-%d9%85%d8%b6%d9%8a%d8%a6%d8%a9-%d8%a8%d9%80-7-%d8%a7%d9%84%d9%84%d9%88%d8%a7%d9%86-2\/"},"modified":"2025-08-04T06:21:29","modified_gmt":"2025-08-04T05:21:29","slug":"%d9%81%d9%88%d8%a7%d8%ad%d8%a9-%d8%b9%d8%b7%d8%b1-%d8%ac%d9%85%d9%8a%d9%84%d8%a9-%d9%85%d8%b6%d9%8a%d8%a6%d8%a9-%d8%a8%d9%80-7-%d8%a7%d9%84%d9%84%d9%88%d8%a7%d9%86-2","status":"publish","type":"product","link":"https:\/\/espacetechnologie.ma\/ar\/product\/%d9%81%d9%88%d8%a7%d8%ad%d8%a9-%d8%b9%d8%b7%d8%b1-%d8%ac%d9%85%d9%8a%d9%84%d8%a9-%d9%85%d8%b6%d9%8a%d8%a6%d8%a9-%d8%a8%d9%80-7-%d8%a7%d9%84%d9%84%d9%88%d8%a7%d9%86-2\/","title":{"rendered":"\u0641\u0648\u0627\u062d\u0629 \u0639\u0637\u0631 \u062c\u0645\u064a\u0644\u0629  \u0645\u0636\u064a\u0626\u0629  \u0628\u0640 7 \u0627\u0644\u0644\u0648\u0627\u0646"},"content":{"rendered":"<p>humidificateur d&rsquo;air \u00e0 ultrasons USB diffuseur ar\u00f4me huile essentielle 7 couleurs LED<br \/>\nCaract\u00e9ristiques:<br \/>\n1. Style de mode: au lieu de l&rsquo;aspect traditionnel de l&rsquo;humidificateur, la conception de lampe de bureau rend votre humidificateur \u00e0 la mode 7 lumi\u00e8res de nuit de couleur fournissent un environnement de sommeil confortable.<br \/>\n2. facile \u00e0 utiliser: pas besoin de s&rsquo;inqui\u00e9ter du fonctionnement compliqu\u00e9 de l&rsquo;humidificateur, il suffit d&rsquo;utiliser une seule cl\u00e9, passer au mode que vous voulez, le spray peut rendre notre vie simple et confortable!<br \/>\n3. volume de brouillard r\u00e9glable et chuchotement: son de travail silencieux-deux niveaux de r\u00e9glage du brouillard en fonction de vos besoins; le bruit de travail inf\u00e9rieur \u00e0 35db est vraiment un humidificateur en mode silencieux. Toutes ces fonctionnalit\u00e9s sont pour votre commodit\u00e9 seulement. Un humidificateur, plus de fonction, plus pratique.<br \/>\n4. longue dur\u00e9e de pulv\u00e9risation et port\u00e9e: 900MLL grande capacit\u00e9, pas besoin d&rsquo;ajouter de l&rsquo;eau en cas de ralenti. Plus de 18 heures de peau hydratante et hydratante, adapt\u00e9e aux petites et moyennes pi\u00e8ces.<br \/>\n5. s\u00e9curit\u00e9 et sant\u00e9: protection automatique de mise hors tension de 9 heures, conception d&rsquo;arr\u00eat automatique, ne vous inqui\u00e9tez pas de manquer d&rsquo;eau, br\u00fblera l&rsquo;humidificateur. De plus, l&rsquo;utilisation de mat\u00e9riaux ABS + PP, s\u00fbrs et fiables.<\/p>\n<p>Sp\u00e9cification:<br \/>\nEtat: 100% neuf<br \/>\nType d&rsquo;article: chaussure antid\u00e9rapante de griffes<br \/>\nMat\u00e9riel: ABS<br \/>\nCouleur: Noir<br \/>\nTaille: Env. 20*9.5 cm\/7.9 * 3.7in<br \/>\nPoids: Env. 456g\/16.1 oz<br \/>\nTension De fonctionnement:DC5V<br \/>\nCourant d&rsquo;exploitation: 500 mA<br \/>\nConsommation \u00e9lectrique: 3 W<br \/>\nCapacit\u00e9 du r\u00e9servoir: 900 ML<br \/>\nVolume de pulv\u00e9risation: 35 ML\/H<\/p>\n<p>Liste de paquet:<br \/>\n1 * humidificateur<br \/>\n1 * C\u00e2ble USB<br \/>\n1 * Manuel d&rsquo;instruction<br \/>\n1 * Cotons-tiges<\/p>","protected":false},"excerpt":{"rendered":"<p>Ce diffuseur d&rsquo;ar\u00f4mes utilise des ondes ultrasoniques pour vaporiser instantan\u00e9ment de l&rsquo;eau et de l&rsquo;huile essentielle dans le r\u00e9servoir afin de produire une brume parfum\u00e9e et s\u00e8che.<br \/>\nBeaut\u00e9: rafra\u00eechit la peau et peut \u00eatre pris comme soin pour garder une peau saine et humide<br \/>\nD\u00e9coration: Choisissez la lumi\u00e8re que vous aimez pour rendre la pi\u00e8ce romantique et heureuse, \u00e7a sent bon<br \/>\nHumidifier: humidifiez l&rsquo;air dans la pi\u00e8ce en \u00e9t\u00e9 et en hiver rafra\u00eechit la qualit\u00e9 de l&rsquo;air que nous respirons<br \/>\nCela aide \u00e0 humidifier l&rsquo;air et vous procure un environnement confortable.<br \/>\nLa description:<br \/>\nFaible consommation d&rsquo;\u00e9nergie r\u00e9duire le rayonnement ajuster l&rsquo;humidit\u00e9<br \/>\nCompl\u00e9ment parfait pour correspondre \u00e0 votre espace de vie<\/p>","protected":false},"featured_media":6177,"comment_status":"open","ping_status":"closed","template":"","meta":{"event_title":"","event_details":"","event_timezone":"","event_gmap":"","event_image":"","event_image_url":"","event_calendar_link":"","event_location":"","event_datetime_with_summary":"","event_datetime":"","event_date_type":"","event_rulesummary":"","event_ticket_rsvp":"","_gspb_post_css":""},"product_brand":[],"product_cat":[82,130],"product_tag":[],"class_list":{"0":"post-6178","1":"product","2":"type-product","3":"status-publish","4":"has-post-thumbnail","6":"product_cat-gadgets","7":"product_cat-maison","9":"first","10":"instock","11":"sale","12":"shipping-taxable","13":"purchasable","14":"product-type-simple"},"jetpack_sharing_enabled":true,"_links":{"self":[{"href":"https:\/\/espacetechnologie.ma\/ar\/wp-json\/wp\/v2\/product\/6178","targetHints":{"allow":["GET"]}}],"collection":[{"href":"https:\/\/espacetechnologie.ma\/ar\/wp-json\/wp\/v2\/product"}],"about":[{"href":"https:\/\/espacetechnologie.ma\/ar\/wp-json\/wp\/v2\/types\/product"}],"replies":[{"embeddable":true,"href":"https:\/\/espacetechnologie.ma\/ar\/wp-json\/wp\/v2\/comments?post=6178"}],"wp:featuredmedia":[{"embeddable":true,"href":"https:\/\/espacetechnologie.ma\/ar\/wp-json\/wp\/v2\/media\/6177"}],"wp:attachment":[{"href":"https:\/\/espacetechnologie.ma\/ar\/wp-json\/wp\/v2\/media?parent=6178"}],"wp:term":[{"taxonomy":"product_brand","embeddable":true,"href":"https:\/\/espacetechnologie.ma\/ar\/wp-json\/wp\/v2\/product_brand?post=6178"},{"taxonomy":"product_cat","embeddable":true,"href":"https:\/\/espacetechnologie.ma\/ar\/wp-json\/wp\/v2\/product_cat?post=6178"},{"taxonomy":"product_tag","embeddable":true,"href":"https:\/\/espacetechnologie.ma\/ar\/wp-json\/wp\/v2\/product_tag?post=6178"}],"curies":[{"name":"wp","href":"https:\/\/api.w.org\/{rel}","templated":true}]}}