{"id":6176,"date":"2025-07-08T15:18:26","date_gmt":"2025-07-08T14:18:26","guid":{"rendered":"https:\/\/espacetechnologie.ma\/product\/ceinture-de-course\/"},"modified":"2025-08-02T12:51:21","modified_gmt":"2025-08-02T11:51:21","slug":"ceinture-de-course","status":"publish","type":"product","link":"https:\/\/espacetechnologie.ma\/ar\/product\/ceinture-de-course\/","title":{"rendered":"Ceinture de course"},"content":{"rendered":"<p>Qualit\u00e9 sup\u00e9rieure et tenue confortable &#8211; non seulement durable, mais \u00e9galement l\u00e9g\u00e8re et compacte pour une tenue confortable.\u00a0Avec ses bretelles extensibles r\u00e9glables, ce mat\u00e9riau respirant peut garder votre corps au frais.\u00a0Pas de rebondissements, pas de frottements et pas de fouillis.<\/p>","protected":false},"excerpt":{"rendered":"<p>Qualit\u00e9 sup\u00e9rieure et tenue confortable &#8211; non seulement durable, mais \u00e9galement l\u00e9g\u00e8re et compacte pour une tenue confortable.\u00a0Avec ses bretelles extensibles r\u00e9glables, ce mat\u00e9riau respirant peut garder votre corps au frais.\u00a0Pas de rebondissements, pas de frottements et pas de fouillis.<\/p>","protected":false},"featured_media":6175,"comment_status":"open","ping_status":"closed","template":"","meta":{"event_title":"","event_details":"","event_timezone":"","event_gmap":"","event_image":"","event_image_url":"","event_calendar_link":"","event_location":"","event_datetime_with_summary":"","event_datetime":"","event_date_type":"","event_rulesummary":"","event_ticket_rsvp":"","_gspb_post_css":""},"product_brand":[],"product_cat":[82],"product_tag":[],"class_list":{"0":"post-6176","1":"product","2":"type-product","3":"status-publish","4":"has-post-thumbnail","6":"product_cat-gadgets","8":"first","9":"instock","10":"sale","11":"shipping-taxable","12":"purchasable","13":"product-type-simple"},"jetpack_sharing_enabled":true,"_links":{"self":[{"href":"https:\/\/espacetechnologie.ma\/ar\/wp-json\/wp\/v2\/product\/6176","targetHints":{"allow":["GET"]}}],"collection":[{"href":"https:\/\/espacetechnologie.ma\/ar\/wp-json\/wp\/v2\/product"}],"about":[{"href":"https:\/\/espacetechnologie.ma\/ar\/wp-json\/wp\/v2\/types\/product"}],"replies":[{"embeddable":true,"href":"https:\/\/espacetechnologie.ma\/ar\/wp-json\/wp\/v2\/comments?post=6176"}],"wp:featuredmedia":[{"embeddable":true,"href":"https:\/\/espacetechnologie.ma\/ar\/wp-json\/wp\/v2\/media\/6175"}],"wp:attachment":[{"href":"https:\/\/espacetechnologie.ma\/ar\/wp-json\/wp\/v2\/media?parent=6176"}],"wp:term":[{"taxonomy":"product_brand","embeddable":true,"href":"https:\/\/espacetechnologie.ma\/ar\/wp-json\/wp\/v2\/product_brand?post=6176"},{"taxonomy":"product_cat","embeddable":true,"href":"https:\/\/espacetechnologie.ma\/ar\/wp-json\/wp\/v2\/product_cat?post=6176"},{"taxonomy":"product_tag","embeddable":true,"href":"https:\/\/espacetechnologie.ma\/ar\/wp-json\/wp\/v2\/product_tag?post=6176"}],"curies":[{"name":"wp","href":"https:\/\/api.w.org\/{rel}","templated":true}]}}