{"id":6172,"date":"2025-07-08T15:18:25","date_gmt":"2025-07-08T14:18:25","guid":{"rendered":"https:\/\/espacetechnologie.ma\/product\/%d8%b3%d8%a7%d8%b9%d8%a9-%d9%85%d8%aa%d8%b5%d9%84%d8%a9-2-%d9%81%d9%8a-1-s8-%d8%8c-%d9%85%d8%b9-%d8%b3%d9%85%d8%a7%d8%b9%d8%a7%d8%aa-%d8%a3%d8%b0%d9%86-tws-%d8%8c\/"},"modified":"2025-08-02T15:20:04","modified_gmt":"2025-08-02T14:20:04","slug":"%d8%b3%d8%a7%d8%b9%d8%a9-%d9%85%d8%aa%d8%b5%d9%84%d8%a9-2-%d9%81%d9%8a-1-s8-%d8%8c-%d9%85%d8%b9-%d8%b3%d9%85%d8%a7%d8%b9%d8%a7%d8%aa-%d8%a3%d8%b0%d9%86-tws-%d8%8c","status":"publish","type":"product","link":"https:\/\/espacetechnologie.ma\/ar\/product\/%d8%b3%d8%a7%d8%b9%d8%a9-%d9%85%d8%aa%d8%b5%d9%84%d8%a9-2-%d9%81%d9%8a-1-s8-%d8%8c-%d9%85%d8%b9-%d8%b3%d9%85%d8%a7%d8%b9%d8%a7%d8%aa-%d8%a3%d8%b0%d9%86-tws-%d8%8c\/","title":{"rendered":"\u0633\u0627\u0639\u0629 \u0645\u062a\u0635\u0644\u0629 2 \u0641\u064a 1 S8 \u060c \u0645\u0639 \u0633\u0645\u0627\u0639\u0627\u062a \u0623\u0630\u0646 TWS \u060c"},"content":{"rendered":"<p>Taille: 49mm<br \/>\nApplication: fitPro<br \/>\nPuce: RTL8762DK<br \/>\nTaille de l&rsquo;\u00e9cran: \u00e9cran carr\u00e9 haute d\u00e9finition TFT de 2.0 pouces<br \/>\nR\u00e9solution d&rsquo;\u00e9cran: 420*485<br \/>\nType d&rsquo;\u00e9cran: IPS \u00e9cran couleur pleine vue<br \/>\nMat\u00e9riau de l&rsquo;\u00e9cran: verre r\u00e9sistant aux explosions (G + F)<\/p>","protected":false},"excerpt":{"rendered":"<p>Taille: 49mm Application: fitPro Puce: RTL8762DK Taille de l&rsquo;\u00e9cran: \u00e9cran carr\u00e9 haute d\u00e9finition TFT de 2.0 pouces R\u00e9solution d&rsquo;\u00e9cran: 420*485 Type d&rsquo;\u00e9cran: IPS \u00e9cran couleur pleine vue Mat\u00e9riau de l&rsquo;\u00e9cran: verre r\u00e9sistant aux explosions (G + F)<\/p>","protected":false},"featured_media":6171,"comment_status":"open","ping_status":"closed","template":"","meta":{"event_title":"","event_details":"","event_timezone":"","event_gmap":"","event_image":"","event_image_url":"","event_calendar_link":"","event_location":"","event_datetime_with_summary":"","event_datetime":"","event_date_type":"","event_rulesummary":"","event_ticket_rsvp":"","_gspb_post_css":""},"product_brand":[],"product_cat":[107,109,95,91],"product_tag":[],"class_list":{"0":"post-6172","1":"product","2":"type-product","3":"status-publish","4":"has-post-thumbnail","6":"product_cat-audio","7":"product_cat-ecouteurs-sans-fil","8":"product_cat-montres-smartwatch","9":"product_cat-smartwatch","11":"first","12":"instock","13":"sale","14":"shipping-taxable","15":"purchasable","16":"product-type-simple"},"jetpack_sharing_enabled":true,"_links":{"self":[{"href":"https:\/\/espacetechnologie.ma\/ar\/wp-json\/wp\/v2\/product\/6172","targetHints":{"allow":["GET"]}}],"collection":[{"href":"https:\/\/espacetechnologie.ma\/ar\/wp-json\/wp\/v2\/product"}],"about":[{"href":"https:\/\/espacetechnologie.ma\/ar\/wp-json\/wp\/v2\/types\/product"}],"replies":[{"embeddable":true,"href":"https:\/\/espacetechnologie.ma\/ar\/wp-json\/wp\/v2\/comments?post=6172"}],"wp:featuredmedia":[{"embeddable":true,"href":"https:\/\/espacetechnologie.ma\/ar\/wp-json\/wp\/v2\/media\/6171"}],"wp:attachment":[{"href":"https:\/\/espacetechnologie.ma\/ar\/wp-json\/wp\/v2\/media?parent=6172"}],"wp:term":[{"taxonomy":"product_brand","embeddable":true,"href":"https:\/\/espacetechnologie.ma\/ar\/wp-json\/wp\/v2\/product_brand?post=6172"},{"taxonomy":"product_cat","embeddable":true,"href":"https:\/\/espacetechnologie.ma\/ar\/wp-json\/wp\/v2\/product_cat?post=6172"},{"taxonomy":"product_tag","embeddable":true,"href":"https:\/\/espacetechnologie.ma\/ar\/wp-json\/wp\/v2\/product_tag?post=6172"}],"curies":[{"name":"wp","href":"https:\/\/api.w.org\/{rel}","templated":true}]}}