{"id":6167,"date":"2025-07-08T15:18:24","date_gmt":"2025-07-08T14:18:24","guid":{"rendered":"https:\/\/espacetechnologie.ma\/product\/table-support-daorier-pour-ordinateur-portable-dans-la-voiture-pliable\/"},"modified":"2025-08-02T15:49:00","modified_gmt":"2025-08-02T14:49:00","slug":"table-support-daorier-pour-ordinateur-portable-dans-la-voiture-pliable","status":"publish","type":"product","link":"https:\/\/espacetechnologie.ma\/ar\/product\/table-support-daorier-pour-ordinateur-portable-dans-la-voiture-pliable\/","title":{"rendered":"Table support DaoRier pour ordinateur portable dans la voiture, pliable"},"content":{"rendered":"<p>De haute qualit\u00e9, construction robuste.<br \/>\nMat\u00e9riaux : ABS + acier inoxydable. Taille\u202f: 35\u00a0x 23\u00a0x 2\u00a0cm. Couleur\u202f: noir.<br \/>\nTable pliante pour les longs voyages, ou comme bureau portable, convient parfaitement pour tous les types de v\u00e9hicules courants.<br \/>\nPeut \u00eatre utilis\u00e9 comme petit bureau pour un notebook, une tablette, un pique-nique improvis\u00e9, etc.<br \/>\nInclut\u202f: 1\u00a0x table pliante DaoRier pour voiture.<\/p>","protected":false},"excerpt":{"rendered":"<p>De haute qualit\u00e9, construction robuste. Mat\u00e9riaux : ABS + acier inoxydable. Taille\u202f: 35\u00a0x 23\u00a0x 2\u00a0cm. Couleur\u202f: noir. Table pliante pour les longs voyages, ou comme bureau portable, convient parfaitement pour tous les types de v\u00e9hicules courants. Peut \u00eatre utilis\u00e9 comme petit bureau pour un notebook, une tablette, un pique-nique improvis\u00e9, etc. Inclut\u202f: 1\u00a0x table pliante [&hellip;]<\/p>\n","protected":false},"featured_media":6166,"comment_status":"open","ping_status":"closed","template":"","meta":{"event_title":"","event_details":"","event_timezone":"","event_gmap":"","event_image":"","event_image_url":"","event_calendar_link":"","event_location":"","event_datetime_with_summary":"","event_datetime":"","event_date_type":"","event_rulesummary":"","event_ticket_rsvp":"","_gspb_post_css":""},"product_brand":[],"product_cat":[114,96,97,113],"product_tag":[],"class_list":{"0":"post-6167","1":"product","2":"type-product","3":"status-publish","4":"has-post-thumbnail","6":"product_cat-accessoires-voiture","7":"product_cat-pc","8":"product_cat-support","9":"product_cat-voiture-moto","11":"first","12":"instock","13":"sale","14":"shipping-taxable","15":"purchasable","16":"product-type-simple"},"jetpack_sharing_enabled":true,"_links":{"self":[{"href":"https:\/\/espacetechnologie.ma\/ar\/wp-json\/wp\/v2\/product\/6167","targetHints":{"allow":["GET"]}}],"collection":[{"href":"https:\/\/espacetechnologie.ma\/ar\/wp-json\/wp\/v2\/product"}],"about":[{"href":"https:\/\/espacetechnologie.ma\/ar\/wp-json\/wp\/v2\/types\/product"}],"replies":[{"embeddable":true,"href":"https:\/\/espacetechnologie.ma\/ar\/wp-json\/wp\/v2\/comments?post=6167"}],"wp:featuredmedia":[{"embeddable":true,"href":"https:\/\/espacetechnologie.ma\/ar\/wp-json\/wp\/v2\/media\/6166"}],"wp:attachment":[{"href":"https:\/\/espacetechnologie.ma\/ar\/wp-json\/wp\/v2\/media?parent=6167"}],"wp:term":[{"taxonomy":"product_brand","embeddable":true,"href":"https:\/\/espacetechnologie.ma\/ar\/wp-json\/wp\/v2\/product_brand?post=6167"},{"taxonomy":"product_cat","embeddable":true,"href":"https:\/\/espacetechnologie.ma\/ar\/wp-json\/wp\/v2\/product_cat?post=6167"},{"taxonomy":"product_tag","embeddable":true,"href":"https:\/\/espacetechnologie.ma\/ar\/wp-json\/wp\/v2\/product_tag?post=6167"}],"curies":[{"name":"wp","href":"https:\/\/api.w.org\/{rel}","templated":true}]}}