{"id":6161,"date":"2025-07-08T15:18:23","date_gmt":"2025-07-08T14:18:23","guid":{"rendered":"https:\/\/espacetechnologie.ma\/product\/4-piece-cable-de-protection-en-spirale-en-silicone\/"},"modified":"2025-08-03T07:35:20","modified_gmt":"2025-08-03T06:35:20","slug":"4-piece-cable-de-protection-en-spirale-en-silicone","status":"publish","type":"product","link":"https:\/\/espacetechnologie.ma\/ar\/product\/4-piece-cable-de-protection-en-spirale-en-silicone\/","title":{"rendered":"(4 pi\u00e8ce ) C\u00e2ble de protection en spirale en silicone"},"content":{"rendered":"<p>100% neuf et haute qualit\u00e9.<br \/>\nLes motifs de dessins anim\u00e9s mignons ont l&rsquo;air jeunes et \u00e9nergiques.<br \/>\n-Diff\u00e9rentes couleurs et motifs \u00e0 choisir et \u00e0 choisir.<br \/>\n-C&rsquo;est Pour votre t\u00e9l\u00e9phone c\u00e2ble USB protrader, pour le rendre n&rsquo;est pas facile cass\u00e9<br \/>\net utiliser plus de temps<br \/>\n-Tous les c\u00e2bles similaires \u00e0 tout iPhone peuvent \u00eatre utilis\u00e9s<\/p>","protected":false},"excerpt":{"rendered":"<p>100% neuf et haute qualit\u00e9. Les motifs de dessins anim\u00e9s mignons ont l&rsquo;air jeunes et \u00e9nergiques. -Diff\u00e9rentes couleurs et motifs \u00e0 choisir et \u00e0 choisir. -C&rsquo;est Pour votre t\u00e9l\u00e9phone c\u00e2ble USB protrader, pour le rendre n&rsquo;est pas facile cass\u00e9 et utiliser plus de temps -Tous les c\u00e2bles similaires \u00e0 tout iPhone peuvent \u00eatre utilis\u00e9s<\/p>","protected":false},"featured_media":6160,"comment_status":"open","ping_status":"closed","template":"","meta":{"event_title":"","event_details":"","event_timezone":"","event_gmap":"","event_image":"","event_image_url":"","event_calendar_link":"","event_location":"","event_datetime_with_summary":"","event_datetime":"","event_date_type":"","event_rulesummary":"","event_ticket_rsvp":"","_gspb_post_css":""},"product_brand":[],"product_cat":[86,82,84],"product_tag":[],"class_list":{"0":"post-6161","1":"product","2":"type-product","3":"status-publish","4":"has-post-thumbnail","6":"product_cat-cables","7":"product_cat-gadgets","8":"product_cat-smartphone","10":"first","11":"instock","12":"sale","13":"shipping-taxable","14":"purchasable","15":"product-type-simple"},"jetpack_sharing_enabled":true,"_links":{"self":[{"href":"https:\/\/espacetechnologie.ma\/ar\/wp-json\/wp\/v2\/product\/6161","targetHints":{"allow":["GET"]}}],"collection":[{"href":"https:\/\/espacetechnologie.ma\/ar\/wp-json\/wp\/v2\/product"}],"about":[{"href":"https:\/\/espacetechnologie.ma\/ar\/wp-json\/wp\/v2\/types\/product"}],"replies":[{"embeddable":true,"href":"https:\/\/espacetechnologie.ma\/ar\/wp-json\/wp\/v2\/comments?post=6161"}],"wp:featuredmedia":[{"embeddable":true,"href":"https:\/\/espacetechnologie.ma\/ar\/wp-json\/wp\/v2\/media\/6160"}],"wp:attachment":[{"href":"https:\/\/espacetechnologie.ma\/ar\/wp-json\/wp\/v2\/media?parent=6161"}],"wp:term":[{"taxonomy":"product_brand","embeddable":true,"href":"https:\/\/espacetechnologie.ma\/ar\/wp-json\/wp\/v2\/product_brand?post=6161"},{"taxonomy":"product_cat","embeddable":true,"href":"https:\/\/espacetechnologie.ma\/ar\/wp-json\/wp\/v2\/product_cat?post=6161"},{"taxonomy":"product_tag","embeddable":true,"href":"https:\/\/espacetechnologie.ma\/ar\/wp-json\/wp\/v2\/product_tag?post=6161"}],"curies":[{"name":"wp","href":"https:\/\/api.w.org\/{rel}","templated":true}]}}