{"id":6152,"date":"2025-07-08T15:18:21","date_gmt":"2025-07-08T14:18:21","guid":{"rendered":"https:\/\/espacetechnologie.ma\/product\/crochet-pour-voiture-siege-arriere\/"},"modified":"2025-08-03T06:57:28","modified_gmt":"2025-08-03T05:57:28","slug":"crochet-pour-voiture-siege-arriere","status":"publish","type":"product","link":"https:\/\/espacetechnologie.ma\/ar\/product\/crochet-pour-voiture-siege-arriere\/","title":{"rendered":"Crochet pour voiture, si\u00e8ge arri\u00e8re"},"content":{"rendered":"<p>Couleur: noir<br \/>\nMat\u00e9riel: ABS<br \/>\nTaille: 14x9x4cm<br \/>\nContenu de l&#8217;emballage:2 x crochet De Voiture<br \/>\nSeul le contenu de l&#8217;emballage ci-dessus, les autres produits ne sont pas inclus.<br \/>\nRemarque: la prise de vue l\u00e9g\u00e8re et diff\u00e9rents affichages peuvent faire en sorte que la couleur de l&rsquo;article dans l&rsquo;image soit un peu diff\u00e9rente de la r\u00e9alit\u00e9. L&rsquo;erreur de mesure autoris\u00e9e est de +\/- 1-3cm.<\/p>","protected":false},"excerpt":{"rendered":"<p>Crochet pour voiture, si\u00e8ge arri\u00e8re, crochet pour appuie-t\u00eate, portefeuille, articles divers, sac de rangement et de tri pour voiture \u00e0 usage g\u00e9n\u00e9ral, pi\u00e8ces d&rsquo;auto pour si\u00e8ge arri\u00e8re<\/p>","protected":false},"featured_media":6151,"comment_status":"open","ping_status":"closed","template":"","meta":{"event_title":"","event_details":"","event_timezone":"","event_gmap":"","event_image":"","event_image_url":"","event_calendar_link":"","event_location":"","event_datetime_with_summary":"","event_datetime":"","event_date_type":"","event_rulesummary":"","event_ticket_rsvp":"","_gspb_post_css":""},"product_brand":[],"product_cat":[114,113],"product_tag":[],"class_list":{"0":"post-6152","1":"product","2":"type-product","3":"status-publish","4":"has-post-thumbnail","6":"product_cat-accessoires-voiture","7":"product_cat-voiture-moto","9":"first","10":"instock","11":"sale","12":"shipping-taxable","13":"purchasable","14":"product-type-simple"},"jetpack_sharing_enabled":true,"_links":{"self":[{"href":"https:\/\/espacetechnologie.ma\/ar\/wp-json\/wp\/v2\/product\/6152","targetHints":{"allow":["GET"]}}],"collection":[{"href":"https:\/\/espacetechnologie.ma\/ar\/wp-json\/wp\/v2\/product"}],"about":[{"href":"https:\/\/espacetechnologie.ma\/ar\/wp-json\/wp\/v2\/types\/product"}],"replies":[{"embeddable":true,"href":"https:\/\/espacetechnologie.ma\/ar\/wp-json\/wp\/v2\/comments?post=6152"}],"wp:featuredmedia":[{"embeddable":true,"href":"https:\/\/espacetechnologie.ma\/ar\/wp-json\/wp\/v2\/media\/6151"}],"wp:attachment":[{"href":"https:\/\/espacetechnologie.ma\/ar\/wp-json\/wp\/v2\/media?parent=6152"}],"wp:term":[{"taxonomy":"product_brand","embeddable":true,"href":"https:\/\/espacetechnologie.ma\/ar\/wp-json\/wp\/v2\/product_brand?post=6152"},{"taxonomy":"product_cat","embeddable":true,"href":"https:\/\/espacetechnologie.ma\/ar\/wp-json\/wp\/v2\/product_cat?post=6152"},{"taxonomy":"product_tag","embeddable":true,"href":"https:\/\/espacetechnologie.ma\/ar\/wp-json\/wp\/v2\/product_tag?post=6152"}],"curies":[{"name":"wp","href":"https:\/\/api.w.org\/{rel}","templated":true}]}}